{"id":8212,"date":"2025-07-30T12:57:57","date_gmt":"2025-07-30T10:57:57","guid":{"rendered":"https:\/\/www.musicalmollet.com\/?post_type=product&#038;p=8212"},"modified":"2025-07-30T13:08:52","modified_gmt":"2025-07-30T11:08:52","slug":"lote-guitarra-admira-lena-amplificador-ek-ag-10-a","status":"publish","type":"product","link":"https:\/\/www.musicalmollet.com\/index.php\/producto\/lote-guitarra-admira-lena-amplificador-ek-ag-10-a\/","title":{"rendered":"Lote Guitarra Admira Lena + Amplificador EK AG-10-A"},"content":{"rendered":"<h4>,- Guitarra Lena<\/h4>\n<h5>.- Tapa Abeto , Brazo Meranti,<\/h5>\n<h5>,- Amplificador Ac\u00fastico de 10 Watios (port\u00e1til) &#8211; Entradas Guitarra , Micr\u00f3fono y Auxiliar- con correa- Alimentaci\u00f3n a red (12DC) o 6 pilas AA &#8211; peso 3 kg.<\/h5>\n","protected":false},"excerpt":{"rendered":"<p><img loading=\"lazy\" decoding=\"async\" class=\"alignnone size-medium wp-image-8214\" src=\"https:\/\/www.musicalmollet.com\/wp-content\/uploads\/Amplificador-AG-10A-300x300.jpg\" alt=\"\" width=\"300\" height=\"300\" srcset=\"https:\/\/www.musicalmollet.com\/wp-content\/uploads\/Amplificador-AG-10A-300x300.jpg 300w, https:\/\/www.musicalmollet.com\/wp-content\/uploads\/Amplificador-AG-10A-150x150.jpg 150w, https:\/\/www.musicalmollet.com\/wp-content\/uploads\/Amplificador-AG-10A-100x100.jpg 100w, https:\/\/www.musicalmollet.com\/wp-content\/uploads\/Amplificador-AG-10A.jpg 452w\" sizes=\"auto, (max-width: 300px) 100vw, 300px\" \/><\/p>\n","protected":false},"featured_media":8213,"comment_status":"closed","ping_status":"closed","template":"","meta":{"om_disable_all_campaigns":false},"product_cat":[42],"product_tag":[71],"class_list":["post-8212","product","type-product","status-publish","has-post-thumbnail","hentry","product_cat-guitarras-clasicas","product_tag-guitarra"],"aioseo_notices":[],"_links":{"self":[{"href":"https:\/\/www.musicalmollet.com\/index.php\/wp-json\/wp\/v2\/product\/8212","targetHints":{"allow":["GET"]}}],"collection":[{"href":"https:\/\/www.musicalmollet.com\/index.php\/wp-json\/wp\/v2\/product"}],"about":[{"href":"https:\/\/www.musicalmollet.com\/index.php\/wp-json\/wp\/v2\/types\/product"}],"replies":[{"embeddable":true,"href":"https:\/\/www.musicalmollet.com\/index.php\/wp-json\/wp\/v2\/comments?post=8212"}],"wp:featuredmedia":[{"embeddable":true,"href":"https:\/\/www.musicalmollet.com\/index.php\/wp-json\/wp\/v2\/media\/8213"}],"wp:attachment":[{"href":"https:\/\/www.musicalmollet.com\/index.php\/wp-json\/wp\/v2\/media?parent=8212"}],"wp:term":[{"taxonomy":"product_cat","embeddable":true,"href":"https:\/\/www.musicalmollet.com\/index.php\/wp-json\/wp\/v2\/product_cat?post=8212"},{"taxonomy":"product_tag","embeddable":true,"href":"https:\/\/www.musicalmollet.com\/index.php\/wp-json\/wp\/v2\/product_tag?post=8212"}],"curies":[{"name":"wp","href":"https:\/\/api.w.org\/{rel}","templated":true}]}}