{"id":8219,"date":"2024-04-18T19:00:18","date_gmt":"2024-04-18T17:00:18","guid":{"rendered":"https:\/\/www.musicalmollet.com\/?post_type=product&#038;p=8219"},"modified":"2024-05-25T11:51:05","modified_gmt":"2024-05-25T09:51:05","slug":"cable-tgi-3-m-jack-jack-acodado","status":"publish","type":"product","link":"https:\/\/www.musicalmollet.com\/index.php\/producto\/cable-tgi-3-m-jack-jack-acodado\/","title":{"rendered":"Cable TGI 3 m. Jack &#8211; Jack acodado"},"content":{"rendered":"<p>Cable de 3 metros Jack &#8211; Jack acodado<\/p>\n<div class=\"product-info-main\">\n<div class=\"page-title-wrapper product\">\n<h1 class=\"page-title\"><span class=\"base\" data-ui-id=\"page-title-wrapper\">CABLE PARA GUITARRA TGI JACK-JACK ACODADO DE 3M<\/span><\/h1>\n<\/div>\n<div class=\"product attribute sku sku2\"><strong class=\"type\">SKU<\/strong><\/p>\n<div class=\"value\">TGR10<\/div>\n<\/div>\n<div class=\"product-add-form\"><\/div>\n<div class=\"product-info-price\">\n<div class=\"price-box price-final_price\" data-role=\"priceBox\" data-product-id=\"2035\" data-price-box=\"product-id-2035\">\n<div class=\"price-pvp\">PVPR: 18,00 \u20ac<\/div>\n<div class=\"semaforo_product_wrapper d-flex align-items-center py-3\">\n<ul class=\"semaforo_product d-flex test status_508 productID_2035 mr-3\">\n<li><\/li>\n<li><\/li>\n<li><\/li>\n<\/ul>\n<p><span class=\"status_txt\">En existencia<\/span><\/div>\n<\/div>\n<\/div>\n<div class=\"product attribute description description2\">\n<div class=\"value\">\n<p><strong>TGR10<\/strong><\/p>\n<p>Jack recto y Jack acodado.<\/p>\n<p>Cromo de alta calidad.<\/p>\n<p>Cable de 3 metros.<\/p>\n<p>&nbsp;<\/p>\n<\/div>\n<\/div>\n<div class=\"product-social-links\">\n<div class=\"product-addto-links\" data-role=\"add-to-links\"><\/div>\n<div class=\"addthis_inline_share_toolbox\"><\/div>\n<\/div>\n<\/div>\n<div class=\"clearer\"><\/div>\n<div class=\"product info detailed  \">\n<div class=\"product data items \" role=\"tablist\">\n<div id=\"tab-label-catalog.product.related2\" class=\"data item title active\" tabindex=\"0\" role=\"tab\" aria-labeledby=\"tab-label-catalog.product.related2-title\" data-role=\"collapsible\" data-collapsible=\"true\" aria-controls=\"catalog.product.related2\" aria-selected=\"false\" aria-expanded=\"true\"><a id=\"tab-label-catalog.product.related2-title\" class=\"data switch\" tabindex=\"-1\" href=\"https:\/\/www.enriquekeller.com\/es\/accesorios-8\/cables\/cables-para-guitarra-tgi-2035.html#catalog.product.related2\" data-toggle=\"switch\"> Art\u00edculos relacionados <\/a><\/div>\n<div id=\"catalog.product.related2\" class=\"data item content\" role=\"tabpanel\" data-role=\"content\" aria-labelledby=\"tab-label-catalog.product.related2\" aria-hidden=\"false\">\n<div class=\"block related owl-top-narrow\" data-limit=\"0\" data-shuffle=\"0\">\n<div class=\"clearer\"><\/div>\n<div class=\"block-title title\"><strong id=\"block-related-heading\" role=\"heading\" aria-level=\"2\">Art\u00edculos relacionados<\/strong><\/div>\n<div class=\"block-content content\" aria-labelledby=\"block-related-heading\">\n<div class=\"products wrapper grid  products-grid products-related\">\n<div class=\"products list items product-items owl-carousel  owl-theme owl-loaded owl-drag\">\n<div class=\"owl-stage-outer\">\n<div class=\"owl-stage\"><\/div>\n<\/div>\n<\/div>\n<\/div>\n<\/div>\n<\/div>\n<\/div>\n<\/div>\n<\/div>\n<div id=\"catalog.product.related2\" class=\"data item content\" role=\"tabpanel\" data-role=\"content\" aria-labelledby=\"tab-label-catalog.product.related2\" aria-hidden=\"false\">\n<div class=\"block related owl-top-narrow\" data-limit=\"0\" data-shuffle=\"0\">\n<div class=\"block-content content\" aria-labelledby=\"block-related-heading\">\n<div class=\"products wrapper grid  products-grid products-related\">\n<div class=\"products list items product-items owl-carousel  owl-theme owl-loaded owl-drag\">\n<div class=\"owl-controls\"><\/div>\n<\/div>\n<\/div>\n<\/div>\n<\/div>\n<\/div>\n<div id=\"tab-label-news-content\" class=\"data item title\" tabindex=\"0\" role=\"tab\" aria-labeledby=\"tab-label-news-content-title\" data-role=\"collapsible\" data-collapsible=\"true\" aria-controls=\"news-content\" aria-selected=\"false\" aria-expanded=\"false\"><a id=\"tab-label-news-content-title\" class=\"data switch\" tabindex=\"-1\" href=\"https:\/\/www.enriquekeller.com\/es\/accesorios-8\/cables\/cables-para-guitarra-tgi-2035.html#news-content\" data-toggle=\"switch\"> Nuevos art\u00edculos <\/a><\/div>\n<div id=\"tab-label-description3\" class=\"data item title\" tabindex=\"0\" role=\"tab\" aria-labeledby=\"tab-label-description3-title\" data-role=\"collapsible\" data-collapsible=\"true\" aria-controls=\"description3\" aria-selected=\"false\" aria-expanded=\"false\"><a id=\"tab-label-description3-title\" class=\"data switch\" tabindex=\"-1\" href=\"https:\/\/www.enriquekeller.com\/es\/accesorios-8\/cables\/cables-para-guitarra-tgi-2035.html#description3\" data-toggle=\"switch\"> Detalles <\/a><\/div>\n","protected":false},"excerpt":{"rendered":"<p>Cable de 3 metros Jack &#8211; Jack acodado CABLE PARA GUITARRA TGI JACK-JACK ACODADO DE 3M SKU TGR10 PVPR: 18,00 \u20ac En existencia TGR10 Jack recto y Jack acodado. Cromo de alta calidad. Cable de 3 metros. &nbsp; Art\u00edculos relacionados Art\u00edculos relacionados Nuevos art\u00edculos Detalles<\/p>\n","protected":false},"featured_media":8222,"comment_status":"closed","ping_status":"closed","template":"","meta":{"om_disable_all_campaigns":false},"product_cat":[28],"product_tag":[164],"class_list":["post-8219","product","type-product","status-publish","has-post-thumbnail","hentry","product_cat-cablesyconectores","product_tag-cables"],"aioseo_notices":[],"_links":{"self":[{"href":"https:\/\/www.musicalmollet.com\/index.php\/wp-json\/wp\/v2\/product\/8219","targetHints":{"allow":["GET"]}}],"collection":[{"href":"https:\/\/www.musicalmollet.com\/index.php\/wp-json\/wp\/v2\/product"}],"about":[{"href":"https:\/\/www.musicalmollet.com\/index.php\/wp-json\/wp\/v2\/types\/product"}],"replies":[{"embeddable":true,"href":"https:\/\/www.musicalmollet.com\/index.php\/wp-json\/wp\/v2\/comments?post=8219"}],"wp:featuredmedia":[{"embeddable":true,"href":"https:\/\/www.musicalmollet.com\/index.php\/wp-json\/wp\/v2\/media\/8222"}],"wp:attachment":[{"href":"https:\/\/www.musicalmollet.com\/index.php\/wp-json\/wp\/v2\/media?parent=8219"}],"wp:term":[{"taxonomy":"product_cat","embeddable":true,"href":"https:\/\/www.musicalmollet.com\/index.php\/wp-json\/wp\/v2\/product_cat?post=8219"},{"taxonomy":"product_tag","embeddable":true,"href":"https:\/\/www.musicalmollet.com\/index.php\/wp-json\/wp\/v2\/product_tag?post=8219"}],"curies":[{"name":"wp","href":"https:\/\/api.w.org\/{rel}","templated":true}]}}