{"id":8286,"date":"2024-05-18T12:40:51","date_gmt":"2024-05-18T10:40:51","guid":{"rendered":"https:\/\/www.musicalmollet.com\/?post_type=product&#038;p=8286"},"modified":"2024-05-18T12:42:42","modified_gmt":"2024-05-18T10:42:42","slug":"pedal-baby-tuner-afinador-mooer","status":"publish","type":"product","link":"https:\/\/www.musicalmollet.com\/index.php\/producto\/pedal-baby-tuner-afinador-mooer\/","title":{"rendered":"Pedal Baby Tuner (afinador) MOOER\/ con alimentador"},"content":{"rendered":"<h2 class=\"section-title\">Descripci\u00f3n Mooer Baby Tuner<\/h2>\n<div class=\"section-content product-tabs-open\">\n<div class=\"product-description \">\n<div class=\"rte-content\">\n<div id=\"cke_pastebin\"><strong>Mooer Baby Tuner<\/strong><\/div>\n<div id=\"cke_pastebin\"><\/div>\n<div id=\"cke_pastebin\">\n<ul>\n<li><a href=\"https:\/\/www.txirula.com\/efectos-de-guitarra-y-bajo\/pedales-efecto-guitarra.html\">Afinador en formato pedal<\/a><\/li>\n<li>Tambi\u00e9n recomendado para guitarra el\u00e9ctrica de 7 cuerdas y bajo de 5 cuerdas<\/li>\n<li>LED<\/li>\n<li>Carcasa de metal<\/li>\n<li>Bypass aut\u00e9ntico<\/li>\n<li>Alimentaci\u00f3n: Fuente de alimentaci\u00f3n de 9V DC opcional<\/li>\n<li>Dimensiones: 93,5 x 42 x 52mm (largo x ancho x alto)<\/li>\n<li>EL PRECIO INCLUYE EL ALIMENTADOR<\/li>\n<\/ul>\n<\/div>\n<\/div>\n<\/div>\n<\/div>\n","protected":false},"excerpt":{"rendered":"<p>Descripci\u00f3n Mooer Baby Tuner Mooer Baby Tuner Afinador en formato pedal Tambi\u00e9n recomendado para guitarra el\u00e9ctrica de 7 cuerdas y bajo de 5 cuerdas LED Carcasa de metal Bypass aut\u00e9ntico Alimentaci\u00f3n: Fuente de alimentaci\u00f3n de 9V DC opcional Dimensiones: 93,5 x 42 x 52mm (largo x ancho x alto) EL PRECIO INCLUYE EL ALIMENTADOR<\/p>\n","protected":false},"featured_media":8287,"comment_status":"closed","ping_status":"closed","template":"","meta":{"om_disable_all_campaigns":false},"product_cat":[57],"product_tag":[191],"class_list":["post-8286","product","type-product","status-publish","has-post-thumbnail","hentry","product_cat-pedales-de-efectos","product_tag-pedal"],"aioseo_notices":[],"_links":{"self":[{"href":"https:\/\/www.musicalmollet.com\/index.php\/wp-json\/wp\/v2\/product\/8286","targetHints":{"allow":["GET"]}}],"collection":[{"href":"https:\/\/www.musicalmollet.com\/index.php\/wp-json\/wp\/v2\/product"}],"about":[{"href":"https:\/\/www.musicalmollet.com\/index.php\/wp-json\/wp\/v2\/types\/product"}],"replies":[{"embeddable":true,"href":"https:\/\/www.musicalmollet.com\/index.php\/wp-json\/wp\/v2\/comments?post=8286"}],"wp:featuredmedia":[{"embeddable":true,"href":"https:\/\/www.musicalmollet.com\/index.php\/wp-json\/wp\/v2\/media\/8287"}],"wp:attachment":[{"href":"https:\/\/www.musicalmollet.com\/index.php\/wp-json\/wp\/v2\/media?parent=8286"}],"wp:term":[{"taxonomy":"product_cat","embeddable":true,"href":"https:\/\/www.musicalmollet.com\/index.php\/wp-json\/wp\/v2\/product_cat?post=8286"},{"taxonomy":"product_tag","embeddable":true,"href":"https:\/\/www.musicalmollet.com\/index.php\/wp-json\/wp\/v2\/product_tag?post=8286"}],"curies":[{"name":"wp","href":"https:\/\/api.w.org\/{rel}","templated":true}]}}