{"id":8381,"date":"2025-07-16T11:51:36","date_gmt":"2025-07-16T09:51:36","guid":{"rendered":"https:\/\/www.musicalmollet.com\/?post_type=product&#038;p=8381"},"modified":"2025-07-16T18:57:44","modified_gmt":"2025-07-16T16:57:44","slug":"sistema-inalambrico-para-instrumentos-ati-105-ams","status":"publish","type":"product","link":"https:\/\/www.musicalmollet.com\/index.php\/producto\/sistema-inalambrico-para-instrumentos-ati-105-ams\/","title":{"rendered":"Sistema Inalambrico para instrumentos ATI 105 AMS"},"content":{"rendered":"<div id=\"product-description\" class=\"tab-content ui-tabs-panel ui-widget-content ui-corner-bottom\" role=\"tabpanel\" aria-labelledby=\"ui-id-1\" aria-expanded=\"true\" aria-hidden=\"false\">\n<div>\n<p>Sistema de emisor y receptor de audio en la banda UHF.<\/p>\n<ul>\n<li>Indicado para instrumentos (guitarra, bajo, etc.).<\/li>\n<li>Jack \u00bc\u00bb mono. 60\u00ba rotativo.<\/li>\n<li>5 canales f\u00e1cilmente seleccionables.<\/li>\n<li>Bater\u00edas integradas de Litio en ambos elementos.<\/li>\n<li>Puerto micro USB para recarga (cable incluido).<\/li>\n<\/ul>\n<p><strong>DATOS TECNICOS:<br \/>\n<\/strong><\/p>\n<ul>\n<li>Alimentaci\u00f3n: Bater\u00eda Li recargable de 3.7V 380 mAH (puerto micro USB)<\/li>\n<li>Canales: 5 canales UHF<\/li>\n<li>Rango UHF: 863.7 MHz &#8211; 876.7 MHz<\/li>\n<li>Potencia del emisor: &gt;10dBm<\/li>\n<li>Sensibilidad del receptor: &lt; -110dBm<\/li>\n<li>Relaci\u00f3n S\/N: &lt; &#8211; 85dB<\/li>\n<li>Delay: &lt; 1ms<\/li>\n<li>Distorsi\u00f3n: &lt; 0.5%<\/li>\n<li>Respuesta en frecuencia: 40Hz &#8211; 18 kHz \u00b13dB<\/li>\n<li>Conector: Jack \u00bc\u00bb mono. 60\u00ba rotativo<\/li>\n<li>Max. distancia de transmisi\u00f3n: &gt; 20 m (sin obst\u00e1culos)<\/li>\n<li>Horas de uso: Alrededor de 4.5 horas (despu\u00e9s de una carga completa)<\/li>\n<li>Dimensiones (AnxAlxPr): 120 x 22 x24 mm (excluyendo conector y antena)<\/li>\n<li>Peso: 50 g<\/li>\n<\/ul>\n<\/div>\n<\/div>\n","protected":false},"excerpt":{"rendered":"<p>Sistema de emisor y receptor de audio en la banda UHF. Indicado para instrumentos (guitarra, bajo, etc.). Jack \u00bc\u00bb mono. 60\u00ba rotativo. 5 canales f\u00e1cilmente seleccionables. Bater\u00edas integradas de Litio en ambos elementos. Puerto micro USB para recarga (cable incluido). DATOS TECNICOS: Alimentaci\u00f3n: Bater\u00eda Li recargable de 3.7V 380 mAH (puerto micro USB) Canales: 5 [&hellip;]<\/p>\n","protected":false},"featured_media":8382,"comment_status":"closed","ping_status":"closed","template":"","meta":{"om_disable_all_campaigns":false},"product_cat":[28],"product_tag":[164],"class_list":["post-8381","product","type-product","status-publish","has-post-thumbnail","hentry","product_cat-cablesyconectores","product_tag-cables"],"aioseo_notices":[],"_links":{"self":[{"href":"https:\/\/www.musicalmollet.com\/index.php\/wp-json\/wp\/v2\/product\/8381","targetHints":{"allow":["GET"]}}],"collection":[{"href":"https:\/\/www.musicalmollet.com\/index.php\/wp-json\/wp\/v2\/product"}],"about":[{"href":"https:\/\/www.musicalmollet.com\/index.php\/wp-json\/wp\/v2\/types\/product"}],"replies":[{"embeddable":true,"href":"https:\/\/www.musicalmollet.com\/index.php\/wp-json\/wp\/v2\/comments?post=8381"}],"wp:featuredmedia":[{"embeddable":true,"href":"https:\/\/www.musicalmollet.com\/index.php\/wp-json\/wp\/v2\/media\/8382"}],"wp:attachment":[{"href":"https:\/\/www.musicalmollet.com\/index.php\/wp-json\/wp\/v2\/media?parent=8381"}],"wp:term":[{"taxonomy":"product_cat","embeddable":true,"href":"https:\/\/www.musicalmollet.com\/index.php\/wp-json\/wp\/v2\/product_cat?post=8381"},{"taxonomy":"product_tag","embeddable":true,"href":"https:\/\/www.musicalmollet.com\/index.php\/wp-json\/wp\/v2\/product_tag?post=8381"}],"curies":[{"name":"wp","href":"https:\/\/api.w.org\/{rel}","templated":true}]}}