{"id":8436,"date":"2024-07-25T13:20:52","date_gmt":"2024-07-25T11:20:52","guid":{"rendered":"https:\/\/www.musicalmollet.com\/?post_type=product&#038;p=8436"},"modified":"2024-07-25T13:22:04","modified_gmt":"2024-07-25T11:22:04","slug":"juegos-cuerdas-gato-negro-3-juegos-ref-10000","status":"publish","type":"product","link":"https:\/\/www.musicalmollet.com\/index.php\/producto\/juegos-cuerdas-gato-negro-3-juegos-ref-10000\/","title":{"rendered":"Juegos cuerdas Gato Negro (3 Juegos) Ref. 10000"},"content":{"rendered":"<h5>LOTE DE 3 JUEGOS DE CUERDAS\u00a0 (reci\u00e9n tra\u00eddas de f\u00e1brica)<\/h5>\n<h4>!!OFERTA!!\u00a0 HASTA EL 31 DE JULIO 2024<\/h4>\n","protected":false},"excerpt":{"rendered":"<p>LOTE DE 3 JUEGOS DE CUERDAS\u00a0 (reci\u00e9n tra\u00eddas de f\u00e1brica) !!OFERTA!!\u00a0 HASTA EL 31 DE JULIO 2024<\/p>\n","protected":false},"featured_media":8437,"comment_status":"closed","ping_status":"closed","template":"","meta":{"om_disable_all_campaigns":false},"product_cat":[103],"product_tag":[171],"class_list":["post-8436","product","type-product","status-publish","has-post-thumbnail","hentry","product_cat-cuerdas-guitarra-clasica","product_tag-cuerdas"],"aioseo_notices":[],"_links":{"self":[{"href":"https:\/\/www.musicalmollet.com\/index.php\/wp-json\/wp\/v2\/product\/8436","targetHints":{"allow":["GET"]}}],"collection":[{"href":"https:\/\/www.musicalmollet.com\/index.php\/wp-json\/wp\/v2\/product"}],"about":[{"href":"https:\/\/www.musicalmollet.com\/index.php\/wp-json\/wp\/v2\/types\/product"}],"replies":[{"embeddable":true,"href":"https:\/\/www.musicalmollet.com\/index.php\/wp-json\/wp\/v2\/comments?post=8436"}],"wp:featuredmedia":[{"embeddable":true,"href":"https:\/\/www.musicalmollet.com\/index.php\/wp-json\/wp\/v2\/media\/8437"}],"wp:attachment":[{"href":"https:\/\/www.musicalmollet.com\/index.php\/wp-json\/wp\/v2\/media?parent=8436"}],"wp:term":[{"taxonomy":"product_cat","embeddable":true,"href":"https:\/\/www.musicalmollet.com\/index.php\/wp-json\/wp\/v2\/product_cat?post=8436"},{"taxonomy":"product_tag","embeddable":true,"href":"https:\/\/www.musicalmollet.com\/index.php\/wp-json\/wp\/v2\/product_tag?post=8436"}],"curies":[{"name":"wp","href":"https:\/\/api.w.org\/{rel}","templated":true}]}}