{"id":8599,"date":"2024-08-30T18:52:12","date_gmt":"2024-08-30T16:52:12","guid":{"rendered":"https:\/\/www.musicalmollet.com\/?post_type=product&#038;p=8599"},"modified":"2024-09-06T18:04:46","modified_gmt":"2024-09-06T16:04:46","slug":"guitarra-electrica-mooer-msc10-pro-dark-silver","status":"publish","type":"product","link":"https:\/\/www.musicalmollet.com\/index.php\/producto\/guitarra-electrica-mooer-msc10-pro-dark-silver\/","title":{"rendered":"Guitarra Electrica Mooer MSC10 Pro Dark Silver"},"content":{"rendered":"<p>GUITAR.<br \/>\nMOOER Guitarra electrica con usb\/midi integrado MSC10 PRO DARK SILVER.<\/p>\n<p>&#8216;MOOER la nueva MSC10 Pro, una guitarra el\u00e9ctrica elaborada y dise\u00f1ada para principiantes con un presupuesto ajustado. Esta guitarra busca ofrecer una experiencia tradicional, con un dise\u00f1o inspirado en la cl\u00e1sica forma de las Stratocaster y est\u00e1 disponible en seis emocionantes colores: negro, blanco vintage, azul Daphne, Sunburst, verde surf y plata oscuro.<\/p>\n<p>Caracter\u00edsticas destacadas:<\/p>\n<p>&#8211; Cuerpo de \u00e1lamo con un m\u00e1stil atornillado de arce tostado y acabado satinado.<br \/>\n&#8211; El uso de arce tostado mejora la estabilidad del instrumento y previene da\u00f1os en el m\u00e1stil.<br \/>\n&#8211; Interruptor de cinco posiciones para ajustar el tono, con combinaciones de pastillas: MSC-1N (m\u00e1stil), MSC-1M (medio), y MHB-1B (puente).<br \/>\n&#8211; Dos controles de tono y uno de volumen.<br \/>\n&#8211; M\u00e1stil con forma est\u00e1ndar en \u00bbC\u00bb, cejuela de hueso y clavijas de afinaci\u00f3n cromadas MTN-1.<br \/>\n&#8211; Diapas\u00f3n de \u00e9bano t\u00e9cnico, con incrustaciones de puntos de concha blanca y 22 trastes de plata n\u00edquel.<br \/>\n&#8211; Alma de acero de doble acci\u00f3n para una interpretaci\u00f3n consistente y estilizada.<br \/>\n&#8211; Logo GGW de MOOER en la cabeza de la guitarra, representando a GTRS Guitar Works.<br \/>\n&#8211; Incluye detalles esenciales como un pin de correa cromado y un puente Vintage MVT-1 de 6 agujeros con tremolo.<br \/>\n&#8211; Funda de transporte Mooer incluida<\/p>\n","protected":false},"excerpt":{"rendered":"<p>GUITAR. MOOER Guitarra electrica con usb\/midi integrado MSC10 PRO DARK SILVER. &#8216;MOOER la nueva MSC10 Pro, una guitarra el\u00e9ctrica elaborada y dise\u00f1ada para principiantes con un presupuesto ajustado. Esta guitarra busca ofrecer una experiencia tradicional, con un dise\u00f1o inspirado en la cl\u00e1sica forma de las Stratocaster y est\u00e1 disponible en seis emocionantes colores: negro, blanco [&hellip;]<\/p>\n","protected":false},"featured_media":8600,"comment_status":"closed","ping_status":"closed","template":"","meta":{"om_disable_all_campaigns":false},"product_cat":[43],"product_tag":[71],"class_list":["post-8599","product","type-product","status-publish","has-post-thumbnail","hentry","product_cat-guitarra-electrica","product_tag-guitarra"],"aioseo_notices":[],"_links":{"self":[{"href":"https:\/\/www.musicalmollet.com\/index.php\/wp-json\/wp\/v2\/product\/8599","targetHints":{"allow":["GET"]}}],"collection":[{"href":"https:\/\/www.musicalmollet.com\/index.php\/wp-json\/wp\/v2\/product"}],"about":[{"href":"https:\/\/www.musicalmollet.com\/index.php\/wp-json\/wp\/v2\/types\/product"}],"replies":[{"embeddable":true,"href":"https:\/\/www.musicalmollet.com\/index.php\/wp-json\/wp\/v2\/comments?post=8599"}],"wp:featuredmedia":[{"embeddable":true,"href":"https:\/\/www.musicalmollet.com\/index.php\/wp-json\/wp\/v2\/media\/8600"}],"wp:attachment":[{"href":"https:\/\/www.musicalmollet.com\/index.php\/wp-json\/wp\/v2\/media?parent=8599"}],"wp:term":[{"taxonomy":"product_cat","embeddable":true,"href":"https:\/\/www.musicalmollet.com\/index.php\/wp-json\/wp\/v2\/product_cat?post=8599"},{"taxonomy":"product_tag","embeddable":true,"href":"https:\/\/www.musicalmollet.com\/index.php\/wp-json\/wp\/v2\/product_tag?post=8599"}],"curies":[{"name":"wp","href":"https:\/\/api.w.org\/{rel}","templated":true}]}}