{"id":8664,"date":"2024-10-09T19:28:33","date_gmt":"2024-10-09T17:28:33","guid":{"rendered":"https:\/\/www.musicalmollet.com\/?post_type=product&#038;p=8664"},"modified":"2024-12-10T11:42:23","modified_gmt":"2024-12-10T10:42:23","slug":"guitarra-electrica-schester-sgr-c-1-msbk","status":"publish","type":"product","link":"https:\/\/www.musicalmollet.com\/index.php\/producto\/guitarra-electrica-schester-sgr-c-1-msbk\/","title":{"rendered":"Guitarra electrica Schester SGR C-1 MSBK"},"content":{"rendered":"<p><img decoding=\"async\" class=\"marca\" src=\"https:\/\/b2b.adagiodistribucion.es\/img\/m\/58-medium_default.jpg\" alt=\"\" \/><\/p>\n<div id=\"short_description_block\" class=\"hidden-xs\">\n<div id=\"short_description_content\" class=\"rte align_justify\">\n<p>Ref: 652710<\/p>\n<p>Guitarra el\u00e9ctrica SGR by Schecter modelo C-1 en acabado MSBK Midnight Satin Black (ref: 3801). La serie SGR ofrece el dise\u00f1o, estilo, car\u00e1cter y sonido de Schecter a un precio muy asequible, idal para&#8230;<\/p>\n<\/div>\n<div class=\"btn-go-down\"><\/div>\n<\/div>\n","protected":false},"excerpt":{"rendered":"<p>Ref: 652710 Guitarra el\u00e9ctrica SGR by Schecter modelo C-1 en acabado MSBK Midnight Satin Black (ref: 3801). La serie SGR ofrece el dise\u00f1o, estilo, car\u00e1cter y sonido de Schecter a un precio muy asequible, idal para&#8230;<\/p>\n","protected":false},"featured_media":8665,"comment_status":"closed","ping_status":"closed","template":"","meta":{"om_disable_all_campaigns":false},"product_cat":[43],"product_tag":[71],"class_list":["post-8664","product","type-product","status-publish","has-post-thumbnail","hentry","product_cat-guitarra-electrica","product_tag-guitarra"],"aioseo_notices":[],"_links":{"self":[{"href":"https:\/\/www.musicalmollet.com\/index.php\/wp-json\/wp\/v2\/product\/8664","targetHints":{"allow":["GET"]}}],"collection":[{"href":"https:\/\/www.musicalmollet.com\/index.php\/wp-json\/wp\/v2\/product"}],"about":[{"href":"https:\/\/www.musicalmollet.com\/index.php\/wp-json\/wp\/v2\/types\/product"}],"replies":[{"embeddable":true,"href":"https:\/\/www.musicalmollet.com\/index.php\/wp-json\/wp\/v2\/comments?post=8664"}],"wp:featuredmedia":[{"embeddable":true,"href":"https:\/\/www.musicalmollet.com\/index.php\/wp-json\/wp\/v2\/media\/8665"}],"wp:attachment":[{"href":"https:\/\/www.musicalmollet.com\/index.php\/wp-json\/wp\/v2\/media?parent=8664"}],"wp:term":[{"taxonomy":"product_cat","embeddable":true,"href":"https:\/\/www.musicalmollet.com\/index.php\/wp-json\/wp\/v2\/product_cat?post=8664"},{"taxonomy":"product_tag","embeddable":true,"href":"https:\/\/www.musicalmollet.com\/index.php\/wp-json\/wp\/v2\/product_tag?post=8664"}],"curies":[{"name":"wp","href":"https:\/\/api.w.org\/{rel}","templated":true}]}}