{"id":8674,"date":"2024-10-21T19:48:35","date_gmt":"2024-10-21T17:48:35","guid":{"rendered":"https:\/\/www.musicalmollet.com\/?post_type=product&#038;p=8674"},"modified":"2025-10-31T12:47:13","modified_gmt":"2025-10-31T11:47:13","slug":"maquina-de-humo-beamz-s500","status":"publish","type":"product","link":"https:\/\/www.musicalmollet.com\/index.php\/producto\/maquina-de-humo-beamz-s500\/","title":{"rendered":"Maquina de humo Beamz S500"},"content":{"rendered":"<h2 id=\"h2FichaCaracteristicas\" class=\"h2-ficha h2-detailsP \">Caracter\u00edsticas de Beamz S500P<\/h2>\n<div id=\"caracteristicasDiv\" class=\"fondo-blanco  padding30 \">\n<div class=\" product-features\">\n<div id=\"textoCompleto\" class=\"texto-cortado\">\n<ul>\n<li>Maquina de humo carcasa de plastico completa para su uso inmediato<\/li>\n<li>Incluye liquido de humo<\/li>\n<li>Mando a distancia con cable de 3m<\/li>\n<li>Elemento de calefacci\u00f3n 500W<\/li>\n<li>Volumen de humo por 50m3 minuto<\/li>\n<li>Tiempo de calentamiento (minutos) 4<\/li>\n<li>250ml Capacidad del dep\u00f3sito<\/li>\n<li>Fuente de alimentaci\u00f3n 230 Vac &#8211; 50 Hz<\/li>\n<li>500W Consumo<\/li>\n<li>Dimensiones 245 x 130 x 135 mm<\/li>\n<li>Peso 1.85kg<\/li>\n<\/ul>\n<p>La S500 es una maquina de humo compacta de 500W de alta salida de humo para usos domesticos. Se suministra con liquido de humo y mando a distancia por cable. No necesitas mas para usarlo<\/p>\n<p class=\"ref2\">Comprar BEAMZ S500P Maquina de Humo incluye liquido de humo<\/p>\n<\/div>\n<\/div>\n<\/div>\n","protected":false},"excerpt":{"rendered":"<p>Caracter\u00edsticas de Beamz S500P Maquina de humo carcasa de plastico completa para su uso inmediato Incluye liquido de humo Mando a distancia con cable de 3m Elemento de calefacci\u00f3n 500W Volumen de humo por 50m3 minuto Tiempo de calentamiento (minutos) 4 250ml Capacidad del dep\u00f3sito Fuente de alimentaci\u00f3n 230 Vac &#8211; 50 Hz 500W Consumo [&hellip;]<\/p>\n","protected":false},"featured_media":8676,"comment_status":"closed","ping_status":"closed","template":"","meta":{"om_disable_all_campaigns":false},"product_cat":[466],"product_tag":[182],"class_list":["post-8674","product","type-product","status-publish","has-post-thumbnail","hentry","product_cat-maquinas-de-humo","product_tag-iluminacion"],"aioseo_notices":[],"_links":{"self":[{"href":"https:\/\/www.musicalmollet.com\/index.php\/wp-json\/wp\/v2\/product\/8674","targetHints":{"allow":["GET"]}}],"collection":[{"href":"https:\/\/www.musicalmollet.com\/index.php\/wp-json\/wp\/v2\/product"}],"about":[{"href":"https:\/\/www.musicalmollet.com\/index.php\/wp-json\/wp\/v2\/types\/product"}],"replies":[{"embeddable":true,"href":"https:\/\/www.musicalmollet.com\/index.php\/wp-json\/wp\/v2\/comments?post=8674"}],"wp:featuredmedia":[{"embeddable":true,"href":"https:\/\/www.musicalmollet.com\/index.php\/wp-json\/wp\/v2\/media\/8676"}],"wp:attachment":[{"href":"https:\/\/www.musicalmollet.com\/index.php\/wp-json\/wp\/v2\/media?parent=8674"}],"wp:term":[{"taxonomy":"product_cat","embeddable":true,"href":"https:\/\/www.musicalmollet.com\/index.php\/wp-json\/wp\/v2\/product_cat?post=8674"},{"taxonomy":"product_tag","embeddable":true,"href":"https:\/\/www.musicalmollet.com\/index.php\/wp-json\/wp\/v2\/product_tag?post=8674"}],"curies":[{"name":"wp","href":"https:\/\/api.w.org\/{rel}","templated":true}]}}