{"id":8742,"date":"2024-11-20T18:08:36","date_gmt":"2024-11-20T17:08:36","guid":{"rendered":"https:\/\/www.musicalmollet.com\/?post_type=product&#038;p=8742"},"modified":"2024-11-20T18:10:00","modified_gmt":"2024-11-20T17:10:00","slug":"tamborim-c-tab-02-contemporanea-6-madera-12-tensores","status":"publish","type":"product","link":"https:\/\/www.musicalmollet.com\/index.php\/producto\/tamborim-c-tab-02-contemporanea-6-madera-12-tensores\/","title":{"rendered":"Tamborim C-Tab 02 Contemporanea 6&#8243; madera 12 tensores"},"content":{"rendered":"<p>El tamborim de madera de Contemporanea es un instrumento que te permitir\u00e1 afinar agudo y disfrutar de un sonido c\u00e1lido y preciso gracias a sus 8 puntos de tensi\u00f3n. Hay que tener en cuenta que si queremos disfrutar de una tensi\u00f3n muy alta y aguda, este no es el m\u00e1s indicado. En este caso, ser\u00eda recomendable utilizar uno de aluminio. En este caso, los 12 tensores reparten la tensi\u00f3n de tal manera que nos dan un agudo m\u00e1s presente sin exigir demasiado al cuerpo de madera.<\/p>\n","protected":false},"excerpt":{"rendered":"<p>El tamborim de madera de Contemporanea es un instrumento que te permitir\u00e1 afinar agudo y disfrutar de un sonido c\u00e1lido y preciso gracias a sus 8 puntos de tensi\u00f3n. Hay que tener en cuenta que si queremos disfrutar de una tensi\u00f3n muy alta y aguda, este no es el m\u00e1s indicado. En este caso, ser\u00eda [&hellip;]<\/p>\n","protected":false},"featured_media":8743,"comment_status":"closed","ping_status":"closed","template":"","meta":{"om_disable_all_campaigns":false},"product_cat":[541],"product_tag":[193],"class_list":["post-8742","product","type-product","status-publish","has-post-thumbnail","hentry","product_cat-tamborim","product_tag-percusion"],"aioseo_notices":[],"_links":{"self":[{"href":"https:\/\/www.musicalmollet.com\/index.php\/wp-json\/wp\/v2\/product\/8742","targetHints":{"allow":["GET"]}}],"collection":[{"href":"https:\/\/www.musicalmollet.com\/index.php\/wp-json\/wp\/v2\/product"}],"about":[{"href":"https:\/\/www.musicalmollet.com\/index.php\/wp-json\/wp\/v2\/types\/product"}],"replies":[{"embeddable":true,"href":"https:\/\/www.musicalmollet.com\/index.php\/wp-json\/wp\/v2\/comments?post=8742"}],"wp:featuredmedia":[{"embeddable":true,"href":"https:\/\/www.musicalmollet.com\/index.php\/wp-json\/wp\/v2\/media\/8743"}],"wp:attachment":[{"href":"https:\/\/www.musicalmollet.com\/index.php\/wp-json\/wp\/v2\/media?parent=8742"}],"wp:term":[{"taxonomy":"product_cat","embeddable":true,"href":"https:\/\/www.musicalmollet.com\/index.php\/wp-json\/wp\/v2\/product_cat?post=8742"},{"taxonomy":"product_tag","embeddable":true,"href":"https:\/\/www.musicalmollet.com\/index.php\/wp-json\/wp\/v2\/product_tag?post=8742"}],"curies":[{"name":"wp","href":"https:\/\/api.w.org\/{rel}","templated":true}]}}