{"id":8764,"date":"2026-02-20T11:26:08","date_gmt":"2026-02-20T10:26:08","guid":{"rendered":"https:\/\/www.musicalmollet.com\/?post_type=product&#038;p=8764"},"modified":"2026-02-20T11:38:49","modified_gmt":"2026-02-20T10:38:49","slug":"set-8-de-percusion-ninoset4-con-funda","status":"publish","type":"product","link":"https:\/\/www.musicalmollet.com\/index.php\/producto\/set-8-de-percusion-ninoset4-con-funda\/","title":{"rendered":"Set 8 de percusi\u00f3n NINOSET4 con funda"},"content":{"rendered":"<p>PEQUE\u00d1A PERCUSION.<br \/>\nNINO PERCUSSION Pack de percusion de mano NINOSET4.<\/p>\n<p>Los instrumentos NINO\u00ae han sido dise\u00f1ados para satisfacer las demandas de la educaci\u00f3n musical y son perfectamente adecuados para el uso en guarder\u00edas, colegios, musicoterapia y actividades musicales en la familia. Hay disponibles dos colecciones de percusi\u00f3n NINO\u00ae diferentes, que vienen en una bolsa de nylon resistente de dise\u00f1o Arlekin. Perfecto para actividades con peque\u00f1os grupos de hasta 8 ni\u00f1os.<\/p>\n<p>Ref: 623671<\/p>\n","protected":false},"excerpt":{"rendered":"<p>PEQUE\u00d1A PERCUSION. NINO PERCUSSION Pack de percusion de mano NINOSET4. Los instrumentos NINO\u00ae han sido dise\u00f1ados para satisfacer las demandas de la educaci\u00f3n musical y son perfectamente adecuados para el uso en guarder\u00edas, colegios, musicoterapia y actividades musicales en la familia. Hay disponibles dos colecciones de percusi\u00f3n NINO\u00ae diferentes, que vienen en una bolsa de [&hellip;]<\/p>\n","protected":false},"featured_media":8765,"comment_status":"closed","ping_status":"closed","template":"","meta":{"om_disable_all_campaigns":false},"product_cat":[361,130],"product_tag":[193],"class_list":["post-8764","product","type-product","status-publish","has-post-thumbnail","hentry","product_cat-sin-categorizar","product_cat-varios-percusion","product_tag-percusion"],"aioseo_notices":[],"_links":{"self":[{"href":"https:\/\/www.musicalmollet.com\/index.php\/wp-json\/wp\/v2\/product\/8764","targetHints":{"allow":["GET"]}}],"collection":[{"href":"https:\/\/www.musicalmollet.com\/index.php\/wp-json\/wp\/v2\/product"}],"about":[{"href":"https:\/\/www.musicalmollet.com\/index.php\/wp-json\/wp\/v2\/types\/product"}],"replies":[{"embeddable":true,"href":"https:\/\/www.musicalmollet.com\/index.php\/wp-json\/wp\/v2\/comments?post=8764"}],"wp:featuredmedia":[{"embeddable":true,"href":"https:\/\/www.musicalmollet.com\/index.php\/wp-json\/wp\/v2\/media\/8765"}],"wp:attachment":[{"href":"https:\/\/www.musicalmollet.com\/index.php\/wp-json\/wp\/v2\/media?parent=8764"}],"wp:term":[{"taxonomy":"product_cat","embeddable":true,"href":"https:\/\/www.musicalmollet.com\/index.php\/wp-json\/wp\/v2\/product_cat?post=8764"},{"taxonomy":"product_tag","embeddable":true,"href":"https:\/\/www.musicalmollet.com\/index.php\/wp-json\/wp\/v2\/product_tag?post=8764"}],"curies":[{"name":"wp","href":"https:\/\/api.w.org\/{rel}","templated":true}]}}