{"id":8768,"date":"2024-11-27T13:25:51","date_gmt":"2024-11-27T12:25:51","guid":{"rendered":"https:\/\/www.musicalmollet.com\/?post_type=product&#038;p=8768"},"modified":"2024-11-27T13:25:52","modified_gmt":"2024-11-27T12:25:52","slug":"ukelele-ortega-rfu10s-soprano","status":"publish","type":"product","link":"https:\/\/www.musicalmollet.com\/index.php\/producto\/ukelele-ortega-rfu10s-soprano\/","title":{"rendered":"Ukelele Ortega RFU10S Soprano"},"content":{"rendered":"<h2>Caracter\u00edsticas del ukelele RFU10S?<\/h2>\n<ul>\n<li><strong>Serie Timber <\/strong>con una selecci\u00f3n de los mejores tipos de madera y un estilo de fabricaci\u00f3n limpio y delicado. Destaca las propiedades del sonido y est\u00e9ticas de cada clase de madera.<\/li>\n<li><strong>M\u00e1stil fabricado en caoba <\/strong>que le proporciona un acabado de tipo satinado con apariencia natural.<\/li>\n<li><strong>Diapas\u00f3n y puente a base de nogal <\/strong>de elevada calidad que le brinda una imagen elegante as\u00ed como sensaci\u00f3n de suavidad.<\/li>\n<li><strong>Clavijeros fundidos mediante presi\u00f3n,<\/strong> con un acabado cromado, y botones de color negro para un aspecto innovador. Adem\u00e1s, son muy f\u00e1ciles de usar.<\/li>\n<li><strong>Dise\u00f1o que ofrece engranajes sellados<\/strong> para no permitir la entrada de elementos externos y proporcionar mayor durabilidad.<\/li>\n<li><strong>Afinadores pr\u00e1cticos <\/strong>que permiten encordar con rapidez, adem\u00e1s de obtener afinaciones precisas sin esfuerzo con tan solo girar los botones.<\/li>\n<li><strong>Clavijero de caoba<\/strong> con una est\u00e9tica elegante debido a las vetas de madera natural.<\/li>\n<li><strong>Concierto con escala de 350 mm<\/strong> que combina una articulaci\u00f3n de cuerdas cristalina con un completo desarrollo del sonido.<\/li>\n<li><strong>Cuerpo tama\u00f1o soprano<\/strong> que brinda un sonido de ukelele que puede ser tocado en cualquier ambiente.<\/li>\n<li><strong>4 cuerdas fabricadas con nailon blanco<\/strong> y afinaci\u00f3n G de forma alta, o G,C,E,A que proporciona calidez y un sonido contundente<\/li>\n<li><strong>Incluye funda<\/strong> con dise\u00f1o de lujo en color negro.<\/li>\n<\/ul>\n","protected":false},"excerpt":{"rendered":"<p>Caracter\u00edsticas del ukelele RFU10S? Serie Timber con una selecci\u00f3n de los mejores tipos de madera y un estilo de fabricaci\u00f3n limpio y delicado. Destaca las propiedades del sonido y est\u00e9ticas de cada clase de madera. M\u00e1stil fabricado en caoba que le proporciona un acabado de tipo satinado con apariencia natural. Diapas\u00f3n y puente a base [&hellip;]<\/p>\n","protected":false},"featured_media":8769,"comment_status":"closed","ping_status":"closed","template":"","meta":{"om_disable_all_campaigns":false},"product_cat":[67],"product_tag":[172],"class_list":["post-8768","product","type-product","status-publish","has-post-thumbnail","hentry","product_cat-ukeleles","product_tag-ukelele"],"aioseo_notices":[],"_links":{"self":[{"href":"https:\/\/www.musicalmollet.com\/index.php\/wp-json\/wp\/v2\/product\/8768","targetHints":{"allow":["GET"]}}],"collection":[{"href":"https:\/\/www.musicalmollet.com\/index.php\/wp-json\/wp\/v2\/product"}],"about":[{"href":"https:\/\/www.musicalmollet.com\/index.php\/wp-json\/wp\/v2\/types\/product"}],"replies":[{"embeddable":true,"href":"https:\/\/www.musicalmollet.com\/index.php\/wp-json\/wp\/v2\/comments?post=8768"}],"wp:featuredmedia":[{"embeddable":true,"href":"https:\/\/www.musicalmollet.com\/index.php\/wp-json\/wp\/v2\/media\/8769"}],"wp:attachment":[{"href":"https:\/\/www.musicalmollet.com\/index.php\/wp-json\/wp\/v2\/media?parent=8768"}],"wp:term":[{"taxonomy":"product_cat","embeddable":true,"href":"https:\/\/www.musicalmollet.com\/index.php\/wp-json\/wp\/v2\/product_cat?post=8768"},{"taxonomy":"product_tag","embeddable":true,"href":"https:\/\/www.musicalmollet.com\/index.php\/wp-json\/wp\/v2\/product_tag?post=8768"}],"curies":[{"name":"wp","href":"https:\/\/api.w.org\/{rel}","templated":true}]}}