{"id":88,"date":"2022-12-27T11:25:00","date_gmt":"2022-12-27T10:25:00","guid":{"rendered":"http:\/\/www.musicalmollet.com\/wordpress\/?post_type=product&#038;p=88"},"modified":"2022-12-27T19:53:32","modified_gmt":"2022-12-27T18:53:32","slug":"pastilla-shadow-mod-sh-2000","status":"publish","type":"product","link":"https:\/\/www.musicalmollet.com\/index.php\/producto\/pastilla-shadow-mod-sh-2000\/","title":{"rendered":"Pastilla Shadow Guitarra Clasica SH 2000"},"content":{"rendered":"<p>.- Pastilla para guitarra cl\u00e1sica y ac\u00fastica<\/p>\n<p>.- Control de volumen y tono<\/p>\n<div id=\"description\" class=\"tab-pane in active\">\n<div class=\"product-description\">\n<div class=\"rte-content\">\n<p>Especificaciones:<\/p>\n<ul>\n<li>Transductor muy popular para pegar<\/li>\n<li>Montaje r\u00e1pido<\/li>\n<li>Extra\u00edble<\/li>\n<li>Con controles de volumen y tono integrados<\/li>\n<li>Toma de salida<\/li>\n<li>Incluye adhesivo de montaje y cable de instrumento de 3,5m<\/li>\n<\/ul>\n<\/div>\n<\/div>\n<\/div>\n<div id=\"product-details-tab\" class=\"tab-pane \"><\/div>\n<div id=\"extra-0\" class=\"tab-pane in \" data-iqitextra=\"iqit-reviews-tab\">\n<div id=\"iqit-reviews\" class=\"mt-3\">\n<div id=\"iqit-reviews-top\">\n<div class=\"row justify-content-between align-items-center\">\n<div class=\"col mb-3\">\n<div id=\"iqitreviews-snippet\"><\/div>\n<\/div>\n<\/div>\n<\/div>\n<\/div>\n<\/div>\n<p>&nbsp;<\/p>\n","protected":false},"excerpt":{"rendered":"<p>.- Pastilla para guitarra cl\u00e1sica y ac\u00fastica .- Control de volumen y tono Especificaciones: Transductor muy popular para pegar Montaje r\u00e1pido Extra\u00edble Con controles de volumen y tono integrados Toma de salida Incluye adhesivo de montaje y cable de instrumento de 3,5m &nbsp;<\/p>\n","protected":false},"featured_media":89,"comment_status":"open","ping_status":"closed","template":"","meta":{"om_disable_all_campaigns":false},"product_cat":[82],"product_tag":[318,146],"class_list":["post-88","product","type-product","status-publish","has-post-thumbnail","hentry","product_cat-pastillas","product_tag-accesorios-de-guitarra","product_tag-pastillas"],"aioseo_notices":[],"_links":{"self":[{"href":"https:\/\/www.musicalmollet.com\/index.php\/wp-json\/wp\/v2\/product\/88","targetHints":{"allow":["GET"]}}],"collection":[{"href":"https:\/\/www.musicalmollet.com\/index.php\/wp-json\/wp\/v2\/product"}],"about":[{"href":"https:\/\/www.musicalmollet.com\/index.php\/wp-json\/wp\/v2\/types\/product"}],"replies":[{"embeddable":true,"href":"https:\/\/www.musicalmollet.com\/index.php\/wp-json\/wp\/v2\/comments?post=88"}],"wp:featuredmedia":[{"embeddable":true,"href":"https:\/\/www.musicalmollet.com\/index.php\/wp-json\/wp\/v2\/media\/89"}],"wp:attachment":[{"href":"https:\/\/www.musicalmollet.com\/index.php\/wp-json\/wp\/v2\/media?parent=88"}],"wp:term":[{"taxonomy":"product_cat","embeddable":true,"href":"https:\/\/www.musicalmollet.com\/index.php\/wp-json\/wp\/v2\/product_cat?post=88"},{"taxonomy":"product_tag","embeddable":true,"href":"https:\/\/www.musicalmollet.com\/index.php\/wp-json\/wp\/v2\/product_tag?post=88"}],"curies":[{"name":"wp","href":"https:\/\/api.w.org\/{rel}","templated":true}]}}