{"id":8800,"date":"2024-12-14T11:59:26","date_gmt":"2024-12-14T10:59:26","guid":{"rendered":"https:\/\/www.musicalmollet.com\/?post_type=product&#038;p=8800"},"modified":"2024-12-14T11:59:26","modified_gmt":"2024-12-14T10:59:26","slug":"cuerdas-acustica-martin-10-47-acustica-set-3-juegos","status":"publish","type":"product","link":"https:\/\/www.musicalmollet.com\/index.php\/producto\/cuerdas-acustica-martin-10-47-acustica-set-3-juegos\/","title":{"rendered":"Cuerdas Acustica Martin 10-47 Acustica  (Set 3 Juegos)"},"content":{"rendered":"<h3 class=\"XxoStb NhL60d\" role=\"heading\">Acerca de este producto<\/h3>\n<div class=\"NhL60d PZPZlf\" data-attrid=\"product_description\">\n<div class=\"kI47Lc\" tabindex=\"0\" role=\"button\" data-ved=\"0CHIQ6acHahcKEwjQso3Di6eKAxUAAAAAHQAAAAAQBg\" aria-labelledby=\"description_short_container\" aria-expanded=\"false\">\n<div id=\"v1Ach\" class=\"iERlS\" aria-label=\"Dise\u00f1adas para hacer frente a pr\u00e1cticas y horarios exigentes. Martin Las cuerdas Authentic Acousti\">Dise\u00f1adas para hacer frente a pr\u00e1cticas y horarios exigentes. Martin Las cuerdas Authentic Acoustic SP 80\/20 cuentan con su alma de mayor resistencia a la tracci\u00f3n y est\u00e1n esta\u00f1adas para mejorar la resistencia a la corrosi\u00f3n. Estas cuerdas Acoustic SP proporcionan a los m\u00fasicos una buena estabilidad de afinaci\u00f3n, as\u00ed como un tono verdadero y consistente, a lo largo de los conciertos. Fabricadas con un 80% de cobre y un 20% de zinc, estas cuerdas para guitarra ac\u00fastica producen un tono brillante y sonoro.<\/div>\n<div class=\"faASHf\" data-ved=\"0CHMQ7KcHahcKEwjQso3Di6eKAxUAAAAAHQAAAAAQBg\" aria-hidden=\"true\">\n<div class=\"zOwEef\"><\/div>\n<div class=\"cRrHvd\"><span class=\"X5GbCc\">&#8230;<\/span>M\u00e1s<\/div>\n<\/div>\n<\/div>\n<\/div>\n<div class=\"NhL60d PZPZlf\" data-attrid=\"product_description\"><\/div>\n<div class=\"NhL60d\">\n<div data-ved=\"0CHYQpdkKahcKEwjQso3Di6eKAxUAAAAAHQAAAAAQBg\">\n<div>\n<div>\n<div class=\"eTfAUc\">\n<div role=\"grid\" aria-rowcount=\"8\">\n<div class=\"YU1Fsb PZPZlf\" role=\"row\" data-attrid=\"product_attributes_facet\">\n<div class=\"TCzUld\" tabindex=\"-1\" role=\"gridcell\">\n<div class=\"LyqgYd\">fabricante<\/div>\n<\/div>\n<div class=\"uAwmIf\" role=\"gridcell\">\n<div class=\"v2zPEf\">Martin Guitars<\/div>\n<\/div>\n<\/div>\n<div class=\"YU1Fsb PZPZlf\" role=\"row\" data-attrid=\"product_attributes_facet\">\n<div class=\"TCzUld\" tabindex=\"-1\" role=\"gridcell\">\n<div class=\"LyqgYd\">unidad<\/div>\n<\/div>\n<div class=\"uAwmIf\" role=\"gridcell\">\n<div class=\"v2zPEf\">Set de 3<\/div>\n<\/div>\n<\/div>\n<div class=\"YU1Fsb PZPZlf\" role=\"row\" data-attrid=\"product_attributes_facet\">\n<div class=\"TCzUld\" tabindex=\"-1\" role=\"gridcell\">\n<div class=\"LyqgYd\">instrumento<\/div>\n<\/div>\n<div class=\"uAwmIf\" role=\"gridcell\">\n<div class=\"v2zPEf\">Guitarra ac\u00fastica<\/div>\n<\/div>\n<\/div>\n<div class=\"YU1Fsb PZPZlf\" role=\"row\" data-attrid=\"product_attributes_facet\">\n<div class=\"TCzUld\" tabindex=\"-1\" role=\"gridcell\">\n<div class=\"LyqgYd\">grosor<\/div>\n<\/div>\n<div class=\"uAwmIf\" role=\"gridcell\">\n<div class=\"v2zPEf\">010 &#8211; 047<\/div>\n<\/div>\n<\/div>\n<div class=\"YU1Fsb PZPZlf\" role=\"row\" data-attrid=\"product_attributes_facet\">\n<div class=\"TCzUld\" tabindex=\"-1\" role=\"gridcell\">\n<div class=\"LyqgYd\">afilado<\/div>\n<\/div>\n<div class=\"uAwmIf\" role=\"gridcell\">\n<div class=\"v2zPEf\">No<\/div>\n<\/div>\n<\/div>\n<div class=\"YU1Fsb PZPZlf\" role=\"row\" data-attrid=\"product_attributes_facet\">\n<div class=\"TCzUld\" tabindex=\"-1\" role=\"gridcell\">\n<div class=\"LyqgYd\">Recubierto<\/div>\n<\/div>\n<div class=\"uAwmIf\" role=\"gridcell\">\n<div class=\"v2zPEf\">No<\/div>\n<\/div>\n<\/div>\n<div class=\"YU1Fsb PZPZlf\" role=\"row\" data-attrid=\"product_attributes_facet\">\n<div class=\"TCzUld\" tabindex=\"-1\" role=\"gridcell\">\n<div class=\"LyqgYd\">Double Ball End<\/div>\n<\/div>\n<div class=\"uAwmIf\" role=\"gridcell\">\n<div class=\"v2zPEf\">No<\/div>\n<\/div>\n<\/div>\n<div class=\"YU1Fsb PZPZlf\" role=\"row\" data-attrid=\"product_attributes_facet\">\n<div class=\"TCzUld\" tabindex=\"-1\" role=\"gridcell\">\n<div class=\"LyqgYd\">cuerda G envuelta<\/div>\n<\/div>\n<div class=\"uAwmIf\" role=\"gridcell\">\n<div class=\"v2zPEf\">S\u00ed<\/div>\n<\/div>\n<\/div>\n<\/div>\n<\/div>\n<\/div>\n<\/div>\n<\/div>\n<\/div>\n","protected":false},"excerpt":{"rendered":"<p>Acerca de este producto Dise\u00f1adas para hacer frente a pr\u00e1cticas y horarios exigentes. Martin Las cuerdas Authentic Acoustic SP 80\/20 cuentan con su alma de mayor resistencia a la tracci\u00f3n y est\u00e1n esta\u00f1adas para mejorar la resistencia a la corrosi\u00f3n. Estas cuerdas Acoustic SP proporcionan a los m\u00fasicos una buena estabilidad de afinaci\u00f3n, as\u00ed como [&hellip;]<\/p>\n","protected":false},"featured_media":8801,"comment_status":"closed","ping_status":"closed","template":"","meta":{"om_disable_all_campaigns":false},"product_cat":[102],"product_tag":[171],"class_list":["post-8800","product","type-product","status-publish","has-post-thumbnail","hentry","product_cat-cuerdas-guitarra-acustica","product_tag-cuerdas"],"aioseo_notices":[],"_links":{"self":[{"href":"https:\/\/www.musicalmollet.com\/index.php\/wp-json\/wp\/v2\/product\/8800","targetHints":{"allow":["GET"]}}],"collection":[{"href":"https:\/\/www.musicalmollet.com\/index.php\/wp-json\/wp\/v2\/product"}],"about":[{"href":"https:\/\/www.musicalmollet.com\/index.php\/wp-json\/wp\/v2\/types\/product"}],"replies":[{"embeddable":true,"href":"https:\/\/www.musicalmollet.com\/index.php\/wp-json\/wp\/v2\/comments?post=8800"}],"wp:featuredmedia":[{"embeddable":true,"href":"https:\/\/www.musicalmollet.com\/index.php\/wp-json\/wp\/v2\/media\/8801"}],"wp:attachment":[{"href":"https:\/\/www.musicalmollet.com\/index.php\/wp-json\/wp\/v2\/media?parent=8800"}],"wp:term":[{"taxonomy":"product_cat","embeddable":true,"href":"https:\/\/www.musicalmollet.com\/index.php\/wp-json\/wp\/v2\/product_cat?post=8800"},{"taxonomy":"product_tag","embeddable":true,"href":"https:\/\/www.musicalmollet.com\/index.php\/wp-json\/wp\/v2\/product_tag?post=8800"}],"curies":[{"name":"wp","href":"https:\/\/api.w.org\/{rel}","templated":true}]}}