{"id":8833,"date":"2025-08-01T13:07:34","date_gmt":"2025-08-01T11:07:34","guid":{"rendered":"https:\/\/www.musicalmollet.com\/?post_type=product&#038;p=8833"},"modified":"2025-08-01T11:16:32","modified_gmt":"2025-08-01T09:16:32","slug":"teclado-casiotone-st-s100-con-alimentador","status":"publish","type":"product","link":"https:\/\/www.musicalmollet.com\/index.php\/producto\/teclado-casiotone-st-s100-con-alimentador\/","title":{"rendered":"Teclado Casiotone ST-S100 (con alimentador)"},"content":{"rendered":"<div class=\"text-original js-prod-text-original \">\n<h2 class=\"fx-headline fx-headline--3 fx-space-bottom--m\">Teclado digital<\/h2>\n<ul class=\"fx-list product-text__list\">\n<li class=\"fx-list__item list-item fx-list__item--circle\"><span class=\"fx-text fx-text--plus list-item__text\">61 teclas<\/span><\/li>\n<li class=\"fx-list__item list-item fx-list__item--circle\"><span class=\"fx-text fx-text--plus list-item__text\">Polifon\u00eda de 32 voces<\/span><\/li>\n<li class=\"fx-list__item list-item fx-list__item--circle\"><span class=\"fx-text fx-text--plus list-item__text\">122 sonidos<\/span><\/li>\n<li class=\"fx-list__item list-item fx-list__item--circle\"><span class=\"fx-text fx-text--plus list-item__text\">60 canciones Preset<\/span><\/li>\n<li class=\"fx-list__item list-item fx-list__item--circle\"><span class=\"fx-text fx-text--plus list-item__text\">61 ritmos Preset<\/span><\/li>\n<li class=\"fx-list__item list-item fx-list__item--circle\"><span class=\"fx-text fx-text--plus list-item__text\">Reverb<\/span><\/li>\n<li class=\"fx-list__item list-item fx-list__item--circle\"><span class=\"fx-text fx-text--plus list-item__text\">Volume Sync EQ<\/span><\/li>\n<li class=\"fx-list__item list-item fx-list__item--circle\"><span class=\"fx-text fx-text--plus list-item__text\">Funci\u00f3n de transposici\u00f3n<\/span><\/li>\n<li class=\"fx-list__item list-item fx-list__item--circle\"><span class=\"fx-text fx-text--plus list-item__text\">Metr\u00f3nomo<\/span><\/li>\n<li class=\"fx-list__item list-item fx-list__item--circle\"><span class=\"fx-text fx-text--plus list-item__text\">Salida combinada de auriculares\/l\u00ednea minijack est\u00e9reo<\/span><\/li>\n<li class=\"fx-list__item list-item fx-list__item--circle\"><span class=\"fx-text fx-text--plus list-item__text\">USB to Host<\/span><\/li>\n<li class=\"fx-list__item list-item fx-list__item--circle\"><span class=\"fx-text fx-text--plus list-item__text\">Sistema de altavoces de 2 x 2,5 W<\/span><\/li>\n<li class=\"fx-list__item list-item fx-list__item--circle\"><span class=\"fx-text fx-text--plus list-item__text\">Posibilidad de funcionamiento con bater\u00edas (6x AA, no incluido)<\/span><\/li>\n<li class=\"fx-list__item list-item fx-list__item--circle\"><span class=\"fx-text fx-text--plus list-item__text\">Medidas (An x Pr x Al): 930 x 256 x 73 mm<\/span><\/li>\n<li class=\"fx-list__item list-item fx-list__item--circle\"><span class=\"fx-text fx-text--plus list-item__text\">Peso: 3,3 kg<\/span><\/li>\n<li class=\"fx-list__item list-item fx-list__item--circle\"><span class=\"fx-text fx-text--plus list-item__text\">Alimentaci\u00f3n por transformador externo\u00a0 (que incluimos)<\/span><\/li>\n<li class=\"fx-list__item list-item fx-list__item--circle\"><span class=\"fx-text fx-text--plus list-item__text\">Incluye soporte de partituras<\/span><\/li>\n<\/ul>\n<\/div>\n","protected":false},"excerpt":{"rendered":"<p>Teclado digital 61 teclas Polifon\u00eda de 32 voces 122 sonidos 60 canciones Preset 61 ritmos Preset Reverb Volume Sync EQ Funci\u00f3n de transposici\u00f3n Metr\u00f3nomo Salida combinada de auriculares\/l\u00ednea minijack est\u00e9reo USB to Host Sistema de altavoces de 2 x 2,5 W Posibilidad de funcionamiento con bater\u00edas (6x AA, no incluido) Medidas (An x Pr x [&hellip;]<\/p>\n","protected":false},"featured_media":8834,"comment_status":"closed","ping_status":"closed","template":"","meta":{"om_disable_all_campaigns":false},"product_cat":[65],"product_tag":[279],"class_list":["post-8833","product","type-product","status-publish","has-post-thumbnail","hentry","product_cat-teclados-portatiles","product_tag-teclados"],"aioseo_notices":[],"_links":{"self":[{"href":"https:\/\/www.musicalmollet.com\/index.php\/wp-json\/wp\/v2\/product\/8833","targetHints":{"allow":["GET"]}}],"collection":[{"href":"https:\/\/www.musicalmollet.com\/index.php\/wp-json\/wp\/v2\/product"}],"about":[{"href":"https:\/\/www.musicalmollet.com\/index.php\/wp-json\/wp\/v2\/types\/product"}],"replies":[{"embeddable":true,"href":"https:\/\/www.musicalmollet.com\/index.php\/wp-json\/wp\/v2\/comments?post=8833"}],"wp:featuredmedia":[{"embeddable":true,"href":"https:\/\/www.musicalmollet.com\/index.php\/wp-json\/wp\/v2\/media\/8834"}],"wp:attachment":[{"href":"https:\/\/www.musicalmollet.com\/index.php\/wp-json\/wp\/v2\/media?parent=8833"}],"wp:term":[{"taxonomy":"product_cat","embeddable":true,"href":"https:\/\/www.musicalmollet.com\/index.php\/wp-json\/wp\/v2\/product_cat?post=8833"},{"taxonomy":"product_tag","embeddable":true,"href":"https:\/\/www.musicalmollet.com\/index.php\/wp-json\/wp\/v2\/product_tag?post=8833"}],"curies":[{"name":"wp","href":"https:\/\/api.w.org\/{rel}","templated":true}]}}