{"id":8850,"date":"2025-01-29T11:38:34","date_gmt":"2025-01-29T10:38:34","guid":{"rendered":"https:\/\/www.musicalmollet.com\/?post_type=product&#038;p=8850"},"modified":"2025-01-29T11:38:34","modified_gmt":"2025-01-29T10:38:34","slug":"cencerro-meinl-stb65-h-65","status":"publish","type":"product","link":"https:\/\/www.musicalmollet.com\/index.php\/producto\/cencerro-meinl-stb65-h-65\/","title":{"rendered":"Cencerro Meinl STB65 H 6,5&#8243;"},"content":{"rendered":"<div class=\"information expandable-section \">\n<div class=\"title\">Informaci\u00f3n<\/p>\n<div class=\"icon\"><\/div>\n<\/div>\n<div class=\"content\">&#8216;Cencerro Meinl de 6,5\u00bb. Los tonos de estos cencerros forman una escala diat\u00f3nica que facilita el uso de m\u00faltiples combinaciones de campanas en cualquier escenario musical. Fabricados en aleaci\u00f3n de acero especial y acabado en Acero cepillado a mano.&#8217;<\/div>\n<\/div>\n","protected":false},"excerpt":{"rendered":"<p>Informaci\u00f3n &#8216;Cencerro Meinl de 6,5\u00bb. Los tonos de estos cencerros forman una escala diat\u00f3nica que facilita el uso de m\u00faltiples combinaciones de campanas en cualquier escenario musical. Fabricados en aleaci\u00f3n de acero especial y acabado en Acero cepillado a mano.&#8217;<\/p>\n","protected":false},"featured_media":8851,"comment_status":"closed","ping_status":"closed","template":"","meta":{"om_disable_all_campaigns":false},"product_cat":[123],"product_tag":[193],"class_list":["post-8850","product","type-product","status-publish","has-post-thumbnail","hentry","product_cat-cencerros","product_tag-percusion"],"aioseo_notices":[],"_links":{"self":[{"href":"https:\/\/www.musicalmollet.com\/index.php\/wp-json\/wp\/v2\/product\/8850","targetHints":{"allow":["GET"]}}],"collection":[{"href":"https:\/\/www.musicalmollet.com\/index.php\/wp-json\/wp\/v2\/product"}],"about":[{"href":"https:\/\/www.musicalmollet.com\/index.php\/wp-json\/wp\/v2\/types\/product"}],"replies":[{"embeddable":true,"href":"https:\/\/www.musicalmollet.com\/index.php\/wp-json\/wp\/v2\/comments?post=8850"}],"wp:featuredmedia":[{"embeddable":true,"href":"https:\/\/www.musicalmollet.com\/index.php\/wp-json\/wp\/v2\/media\/8851"}],"wp:attachment":[{"href":"https:\/\/www.musicalmollet.com\/index.php\/wp-json\/wp\/v2\/media?parent=8850"}],"wp:term":[{"taxonomy":"product_cat","embeddable":true,"href":"https:\/\/www.musicalmollet.com\/index.php\/wp-json\/wp\/v2\/product_cat?post=8850"},{"taxonomy":"product_tag","embeddable":true,"href":"https:\/\/www.musicalmollet.com\/index.php\/wp-json\/wp\/v2\/product_tag?post=8850"}],"curies":[{"name":"wp","href":"https:\/\/api.w.org\/{rel}","templated":true}]}}