{"id":8880,"date":"2025-02-07T13:17:22","date_gmt":"2025-02-07T12:17:22","guid":{"rendered":"https:\/\/www.musicalmollet.com\/?post_type=product&#038;p=8880"},"modified":"2025-02-07T13:17:22","modified_gmt":"2025-02-07T12:17:22","slug":"microfono-mark-mm20","status":"publish","type":"product","link":"https:\/\/www.musicalmollet.com\/index.php\/producto\/microfono-mark-mm20\/","title":{"rendered":"Micr\u00f3fono Mark MM20"},"content":{"rendered":"<div id=\"product-description\" class=\"tab-content ui-tabs-panel ui-widget-content ui-corner-bottom\" role=\"tabpanel\" aria-labelledby=\"ui-id-1\" aria-expanded=\"true\" aria-hidden=\"false\">\n<div>\n<p>Micr\u00f3fono din\u00e1mico cardio\u00edde.<\/p>\n<ul>\n<li>Incluye antiviento, cable XLR3 a Jack 1\/4 de 5 metros y estuche con cremallera.<\/li>\n<li>Dispone de interruptor de encendido.<\/li>\n<\/ul>\n<p><strong>ESPECIFICACIONES:<br \/>\n<\/strong><\/p>\n<ul>\n<li>Tipo: Din\u00e1mico. Bobina m\u00f3vil.<\/li>\n<li>Patr\u00f3n polar: Cardioide<\/li>\n<li>Rango Frecuencias: 50 Hz &#8211; 14 KHz<\/li>\n<li>Sensibilidad: -52 dB \u00b1 3 dB @ 1 KHz<\/li>\n<li>Impedancia de salida: 600 Ohm \u00b1 15% @ 1 KHz<\/li>\n<li>Color: Negro<\/li>\n<li>Conector: XLR3<\/li>\n<\/ul>\n<\/div>\n<\/div>\n","protected":false},"excerpt":{"rendered":"<h5>!!EXISTENCIAS!! 1 UNIDAD<\/h5>\n","protected":false},"featured_media":8881,"comment_status":"closed","ping_status":"closed","template":"","meta":{"om_disable_all_campaigns":false},"product_cat":[54],"product_tag":[190],"class_list":["post-8880","product","type-product","status-publish","has-post-thumbnail","hentry","product_cat-microfonos","product_tag-microfono"],"aioseo_notices":[],"_links":{"self":[{"href":"https:\/\/www.musicalmollet.com\/index.php\/wp-json\/wp\/v2\/product\/8880","targetHints":{"allow":["GET"]}}],"collection":[{"href":"https:\/\/www.musicalmollet.com\/index.php\/wp-json\/wp\/v2\/product"}],"about":[{"href":"https:\/\/www.musicalmollet.com\/index.php\/wp-json\/wp\/v2\/types\/product"}],"replies":[{"embeddable":true,"href":"https:\/\/www.musicalmollet.com\/index.php\/wp-json\/wp\/v2\/comments?post=8880"}],"wp:featuredmedia":[{"embeddable":true,"href":"https:\/\/www.musicalmollet.com\/index.php\/wp-json\/wp\/v2\/media\/8881"}],"wp:attachment":[{"href":"https:\/\/www.musicalmollet.com\/index.php\/wp-json\/wp\/v2\/media?parent=8880"}],"wp:term":[{"taxonomy":"product_cat","embeddable":true,"href":"https:\/\/www.musicalmollet.com\/index.php\/wp-json\/wp\/v2\/product_cat?post=8880"},{"taxonomy":"product_tag","embeddable":true,"href":"https:\/\/www.musicalmollet.com\/index.php\/wp-json\/wp\/v2\/product_tag?post=8880"}],"curies":[{"name":"wp","href":"https:\/\/api.w.org\/{rel}","templated":true}]}}