{"id":8899,"date":"2025-02-19T12:28:35","date_gmt":"2025-02-19T11:28:35","guid":{"rendered":"https:\/\/www.musicalmollet.com\/?post_type=product&#038;p=8899"},"modified":"2025-02-19T12:28:36","modified_gmt":"2025-02-19T11:28:36","slug":"lampara-atril-m-light-30","status":"publish","type":"product","link":"https:\/\/www.musicalmollet.com\/index.php\/producto\/lampara-atril-m-light-30\/","title":{"rendered":"Lampara Atril M Light 30"},"content":{"rendered":"<div class=\"row\">\n<div class=\"col-md-12\">\n<h3 class=\"slogan\"><\/h3>\n<p>&nbsp;<\/p>\n<p>&nbsp;<\/p>\n<\/div>\n<\/div>\n<div class=\"row\">\n<div class=\"col-md-12\">\n<div id=\"section3\" class=\"tabs nomargin-top nomargin-bottom productpage-tabs\">\n<h4>Caracter\u00edsticas<\/h4>\n<ul class=\"mainFeatures\">\n<li>L\u00e1mpara E14 220V (no incluida).<\/li>\n<li>Interruptor.<\/li>\n<li>Alimentaci\u00f3n AC 220 V.<\/li>\n<li>Brazo regulable.<\/li>\n<\/ul>\n<\/div>\n<\/div>\n<\/div>\n","protected":false},"excerpt":{"rendered":"<p>&nbsp; &nbsp; Caracter\u00edsticas L\u00e1mpara E14 220V (no incluida). Interruptor. Alimentaci\u00f3n AC 220 V. Brazo regulable.<\/p>\n","protected":false},"featured_media":8900,"comment_status":"closed","ping_status":"closed","template":"","meta":{"om_disable_all_campaigns":false},"product_cat":[388],"product_tag":[467],"class_list":["post-8899","product","type-product","status-publish","has-post-thumbnail","hentry","product_cat-lamparas-para-atriles","product_tag-iluminacion-y-maquinas"],"aioseo_notices":[],"_links":{"self":[{"href":"https:\/\/www.musicalmollet.com\/index.php\/wp-json\/wp\/v2\/product\/8899","targetHints":{"allow":["GET"]}}],"collection":[{"href":"https:\/\/www.musicalmollet.com\/index.php\/wp-json\/wp\/v2\/product"}],"about":[{"href":"https:\/\/www.musicalmollet.com\/index.php\/wp-json\/wp\/v2\/types\/product"}],"replies":[{"embeddable":true,"href":"https:\/\/www.musicalmollet.com\/index.php\/wp-json\/wp\/v2\/comments?post=8899"}],"wp:featuredmedia":[{"embeddable":true,"href":"https:\/\/www.musicalmollet.com\/index.php\/wp-json\/wp\/v2\/media\/8900"}],"wp:attachment":[{"href":"https:\/\/www.musicalmollet.com\/index.php\/wp-json\/wp\/v2\/media?parent=8899"}],"wp:term":[{"taxonomy":"product_cat","embeddable":true,"href":"https:\/\/www.musicalmollet.com\/index.php\/wp-json\/wp\/v2\/product_cat?post=8899"},{"taxonomy":"product_tag","embeddable":true,"href":"https:\/\/www.musicalmollet.com\/index.php\/wp-json\/wp\/v2\/product_tag?post=8899"}],"curies":[{"name":"wp","href":"https:\/\/api.w.org\/{rel}","templated":true}]}}