{"id":8908,"date":"2025-02-22T11:23:50","date_gmt":"2025-02-22T10:23:50","guid":{"rendered":"https:\/\/www.musicalmollet.com\/?post_type=product&#038;p=8908"},"modified":"2025-02-22T11:23:50","modified_gmt":"2025-02-22T10:23:50","slug":"bandolera-tirantes-pequena-honsuy","status":"publish","type":"product","link":"https:\/\/www.musicalmollet.com\/index.php\/producto\/bandolera-tirantes-pequena-honsuy\/","title":{"rendered":"Bandolera tirantes peque\u00f1a Honsuy"},"content":{"rendered":"<h1 class=\"product_title entry-title\">BANDOLERA TIRANTES PEQUE\u00d1A<\/h1>\n<div class=\"woocommerce-product-rating\"><a class=\"woocommerce-review-link\" href=\"https:\/\/honsuy.com\/producto\/bandolera-tirantes-pequena\/#reviews\" rel=\"nofollow\">A\u00f1ade tu opini\u00f3n<\/a><\/div>\n<div class=\"meta-content\">\n<div class=\"sku-wrapper product_meta\">SKU:<span class=\"sku\">34190<\/span><\/div>\n<div class=\"cats-link\">Categor\u00edas:<span class=\"cat-links\"><a href=\"https:\/\/honsuy.com\/instrumentos-musicales\/percusion\/bandas-de-cornetas-y-tambores\/accesorios-bandas-de-cornetas-y-tambores\/\" rel=\"tag\">Accesorios<\/a>, <a href=\"https:\/\/honsuy.com\/instrumentos-musicales\/percusion\/bandas-de-cornetas-y-tambores\/\" rel=\"tag\">Bandas de cornetas y tambores<\/a><\/span><\/div>\n<div class=\"ts-social-sharing\">Comparte:<\/div>\n<\/div>\n","protected":false},"excerpt":{"rendered":"<p>BANDOLERA TIRANTES PEQUE\u00d1A A\u00f1ade tu opini\u00f3n SKU:34190 Categor\u00edas:Accesorios, Bandas de cornetas y tambores Comparte:<\/p>\n","protected":false},"featured_media":8909,"comment_status":"closed","ping_status":"closed","template":"","meta":{"om_disable_all_campaigns":false},"product_cat":[296],"product_tag":[544],"class_list":["post-8908","product","type-product","status-publish","has-post-thumbnail","hentry","product_cat-correas-y-bandoleras","product_tag-correas-y-bandoleras"],"aioseo_notices":[],"_links":{"self":[{"href":"https:\/\/www.musicalmollet.com\/index.php\/wp-json\/wp\/v2\/product\/8908","targetHints":{"allow":["GET"]}}],"collection":[{"href":"https:\/\/www.musicalmollet.com\/index.php\/wp-json\/wp\/v2\/product"}],"about":[{"href":"https:\/\/www.musicalmollet.com\/index.php\/wp-json\/wp\/v2\/types\/product"}],"replies":[{"embeddable":true,"href":"https:\/\/www.musicalmollet.com\/index.php\/wp-json\/wp\/v2\/comments?post=8908"}],"wp:featuredmedia":[{"embeddable":true,"href":"https:\/\/www.musicalmollet.com\/index.php\/wp-json\/wp\/v2\/media\/8909"}],"wp:attachment":[{"href":"https:\/\/www.musicalmollet.com\/index.php\/wp-json\/wp\/v2\/media?parent=8908"}],"wp:term":[{"taxonomy":"product_cat","embeddable":true,"href":"https:\/\/www.musicalmollet.com\/index.php\/wp-json\/wp\/v2\/product_cat?post=8908"},{"taxonomy":"product_tag","embeddable":true,"href":"https:\/\/www.musicalmollet.com\/index.php\/wp-json\/wp\/v2\/product_tag?post=8908"}],"curies":[{"name":"wp","href":"https:\/\/api.w.org\/{rel}","templated":true}]}}