{"id":8910,"date":"2025-02-22T11:33:35","date_gmt":"2025-02-22T10:33:35","guid":{"rendered":"https:\/\/www.musicalmollet.com\/?post_type=product&#038;p=8910"},"modified":"2025-02-22T11:33:35","modified_gmt":"2025-02-22T10:33:35","slug":"bandolera-tirantes-grande-jhonsuy","status":"publish","type":"product","link":"https:\/\/www.musicalmollet.com\/index.php\/producto\/bandolera-tirantes-grande-jhonsuy\/","title":{"rendered":"Bandolera tirantes grande JHonsuy"},"content":{"rendered":"<div class=\"summary entry-summary\">\n<h1 class=\"product_title entry-title\">BANDOLERA TIRANTES GRANDE<\/h1>\n<div class=\"woocommerce-product-rating\"><a class=\"woocommerce-review-link\" href=\"https:\/\/honsuy.com\/producto\/bandoleras-tirantes-grande\/#reviews\" rel=\"nofollow\">A\u00f1ade tu opini\u00f3n<\/a><\/div>\n<div class=\"meta-content\">\n<div class=\"sku-wrapper product_meta\">SKU:<span class=\"sku\">34170<\/span><\/div>\n<div class=\"cats-link\">Categor\u00edas:<span class=\"cat-links\"><a href=\"https:\/\/honsuy.com\/instrumentos-musicales\/percusion\/bandas-de-cornetas-y-tambores\/accesorios-bandas-de-cornetas-y-tambores\/\" rel=\"tag\">Accesorios<\/a>, <a href=\"https:\/\/honsuy.com\/instrumentos-musicales\/percusion\/bandas-de-cornetas-y-tambores\/\" rel=\"tag\">Bandas de cornetas y tambores<\/a><\/span><\/div>\n<div class=\"ts-social-sharing\">Comparte:<\/p>\n<ul>\n<li class=\"facebook\"><\/li>\n<li class=\"twitter\"><\/li>\n<li class=\"pinterest\"><\/li>\n<li class=\"linkedin\"><\/li>\n<li class=\"reddit\"><\/li>\n<\/ul>\n<\/div>\n<p><span class=\"posted_in\">Marca: <a href=\"https:\/\/honsuy.com\/marca\/honsuy\/\" rel=\"tag\">Honsuy<\/a><\/span><\/div>\n<\/div>\n","protected":false},"excerpt":{"rendered":"<p>BANDOLERA TIRANTES GRANDE A\u00f1ade tu opini\u00f3n SKU:34170 Categor\u00edas:Accesorios, Bandas de cornetas y tambores Comparte: Marca: Honsuy<\/p>\n","protected":false},"featured_media":8911,"comment_status":"closed","ping_status":"closed","template":"","meta":{"om_disable_all_campaigns":false},"product_cat":[296],"product_tag":[544],"class_list":["post-8910","product","type-product","status-publish","has-post-thumbnail","hentry","product_cat-correas-y-bandoleras","product_tag-correas-y-bandoleras"],"aioseo_notices":[],"_links":{"self":[{"href":"https:\/\/www.musicalmollet.com\/index.php\/wp-json\/wp\/v2\/product\/8910","targetHints":{"allow":["GET"]}}],"collection":[{"href":"https:\/\/www.musicalmollet.com\/index.php\/wp-json\/wp\/v2\/product"}],"about":[{"href":"https:\/\/www.musicalmollet.com\/index.php\/wp-json\/wp\/v2\/types\/product"}],"replies":[{"embeddable":true,"href":"https:\/\/www.musicalmollet.com\/index.php\/wp-json\/wp\/v2\/comments?post=8910"}],"wp:featuredmedia":[{"embeddable":true,"href":"https:\/\/www.musicalmollet.com\/index.php\/wp-json\/wp\/v2\/media\/8911"}],"wp:attachment":[{"href":"https:\/\/www.musicalmollet.com\/index.php\/wp-json\/wp\/v2\/media?parent=8910"}],"wp:term":[{"taxonomy":"product_cat","embeddable":true,"href":"https:\/\/www.musicalmollet.com\/index.php\/wp-json\/wp\/v2\/product_cat?post=8910"},{"taxonomy":"product_tag","embeddable":true,"href":"https:\/\/www.musicalmollet.com\/index.php\/wp-json\/wp\/v2\/product_tag?post=8910"}],"curies":[{"name":"wp","href":"https:\/\/api.w.org\/{rel}","templated":true}]}}