{"id":8952,"date":"2025-03-12T18:05:38","date_gmt":"2025-03-12T17:05:38","guid":{"rendered":"https:\/\/www.musicalmollet.com\/?post_type=product&#038;p=8952"},"modified":"2025-03-12T18:05:39","modified_gmt":"2025-03-12T17:05:39","slug":"mesa-mackie-mix12fx","status":"publish","type":"product","link":"https:\/\/www.musicalmollet.com\/index.php\/producto\/mesa-mackie-mix12fx\/","title":{"rendered":"Mesa Mackie MIX12FX"},"content":{"rendered":"<h2>Mackie Mix 12FX<\/h2>\n<ul>\n<li>Mezclador para estudio-directo Mackie de 12 Canales con M\u00f3dulo de Efectos.<\/li>\n<li>Umbral alto y rendimiento de bajo ruido.<\/li>\n<li>M\u00f3dulo de 12 Efectos integrado.<\/li>\n<li>EQ de 3 bandas por Canal con una formaci\u00f3n del tono limpia y precisa.<\/li>\n<li>Control de ganancia en Canales 1\/2\/3\/4.<\/li>\n<li>Filtro pasa bajo (75Hz) en Canales 1\/2\/3\/4.<\/li>\n<li>Conmutador de operaci\u00f3n +4\/-10dB en Canales 5 a 12.<\/li>\n<li>Controles Panorama\/Balance con nivel e indicaci\u00f3n de sobrecarga.<\/li>\n<li>Alimentaci\u00f3n Phantom 48V para micr\u00f3fonos de condensador.<\/li>\n<li>4 Entradas Micr\u00f3fono\/L\u00ednea (XLR\/Jack) con calidad de audio nivel estudio.<\/li>\n<li>4 Entradas de L\u00ednea est\u00e9reo (Jack).<\/li>\n<li>Entrada\/Salida est\u00e9reo (RCA) dedicadas para reproducci\u00f3n o grabaci\u00f3n.<\/li>\n<li>Env\u00edo auxiliar (Jack).<\/li>\n<li>Salida Main (Jack) con fader de 60 mm.<\/li>\n<li>Salida Auriculares (Jack) con control de volumen independiente.<\/li>\n<li>Construida para durar.<\/li>\n<li>Dise\u00f1o robusto, s\u00faper compacto y port\u00e1til.<\/li>\n<li>Medidas (mm): 244 x 297 x 53.<\/li>\n<li>Peso: 1,7 kg.<\/li>\n<\/ul>\n","protected":false},"excerpt":{"rendered":"<h5>!!ATENCION!! A\u00f1adir 10 Euros de portes<\/h5>\n","protected":false},"featured_media":8953,"comment_status":"closed","ping_status":"closed","template":"","meta":{"om_disable_all_campaigns":false},"product_cat":[52],"product_tag":[472],"class_list":["post-8952","product","type-product","status-publish","has-post-thumbnail","hentry","product_cat-mesas-de-mezclas","product_tag-mesas-de-mezclas"],"aioseo_notices":[],"_links":{"self":[{"href":"https:\/\/www.musicalmollet.com\/index.php\/wp-json\/wp\/v2\/product\/8952","targetHints":{"allow":["GET"]}}],"collection":[{"href":"https:\/\/www.musicalmollet.com\/index.php\/wp-json\/wp\/v2\/product"}],"about":[{"href":"https:\/\/www.musicalmollet.com\/index.php\/wp-json\/wp\/v2\/types\/product"}],"replies":[{"embeddable":true,"href":"https:\/\/www.musicalmollet.com\/index.php\/wp-json\/wp\/v2\/comments?post=8952"}],"wp:featuredmedia":[{"embeddable":true,"href":"https:\/\/www.musicalmollet.com\/index.php\/wp-json\/wp\/v2\/media\/8953"}],"wp:attachment":[{"href":"https:\/\/www.musicalmollet.com\/index.php\/wp-json\/wp\/v2\/media?parent=8952"}],"wp:term":[{"taxonomy":"product_cat","embeddable":true,"href":"https:\/\/www.musicalmollet.com\/index.php\/wp-json\/wp\/v2\/product_cat?post=8952"},{"taxonomy":"product_tag","embeddable":true,"href":"https:\/\/www.musicalmollet.com\/index.php\/wp-json\/wp\/v2\/product_tag?post=8952"}],"curies":[{"name":"wp","href":"https:\/\/api.w.org\/{rel}","templated":true}]}}