{"id":8991,"date":"2025-03-31T18:16:32","date_gmt":"2025-03-31T16:16:32","guid":{"rendered":"https:\/\/www.musicalmollet.com\/?post_type=product&#038;p=8991"},"modified":"2025-03-31T18:16:33","modified_gmt":"2025-03-31T16:16:33","slug":"guitarra-electrica-jet-js300-sb-sss-sunburst","status":"publish","type":"product","link":"https:\/\/www.musicalmollet.com\/index.php\/producto\/guitarra-electrica-jet-js300-sb-sss-sunburst\/","title":{"rendered":"Guitarra El\u00e9ctrica Jet JS300-SB-SSS Sunburst"},"content":{"rendered":"<p>Esta Jet es una guitarra de estilo S, con cuerpo de Tilo, M\u00e1stil de arce tostado, diapas\u00f3n de arce Canadiense y cejuela de hueso. Monta 3 pastillas cer\u00e1micas simples con un selector de 5 posiciones, control de volumen y dos de tono. Acabado Sunburst.<\/p>\n","protected":false},"excerpt":{"rendered":"<p>Esta Jet es una guitarra de estilo S, con cuerpo de Tilo, M\u00e1stil de arce tostado, diapas\u00f3n de arce Canadiense y cejuela de hueso. Monta 3 pastillas cer\u00e1micas simples con un selector de 5 posiciones, control de volumen y dos de tono. Acabado Sunburst.<\/p>\n","protected":false},"featured_media":8992,"comment_status":"closed","ping_status":"closed","template":"","meta":{"om_disable_all_campaigns":false},"product_cat":[43],"product_tag":[71],"class_list":["post-8991","product","type-product","status-publish","has-post-thumbnail","hentry","product_cat-guitarra-electrica","product_tag-guitarra"],"aioseo_notices":[],"_links":{"self":[{"href":"https:\/\/www.musicalmollet.com\/index.php\/wp-json\/wp\/v2\/product\/8991","targetHints":{"allow":["GET"]}}],"collection":[{"href":"https:\/\/www.musicalmollet.com\/index.php\/wp-json\/wp\/v2\/product"}],"about":[{"href":"https:\/\/www.musicalmollet.com\/index.php\/wp-json\/wp\/v2\/types\/product"}],"replies":[{"embeddable":true,"href":"https:\/\/www.musicalmollet.com\/index.php\/wp-json\/wp\/v2\/comments?post=8991"}],"wp:featuredmedia":[{"embeddable":true,"href":"https:\/\/www.musicalmollet.com\/index.php\/wp-json\/wp\/v2\/media\/8992"}],"wp:attachment":[{"href":"https:\/\/www.musicalmollet.com\/index.php\/wp-json\/wp\/v2\/media?parent=8991"}],"wp:term":[{"taxonomy":"product_cat","embeddable":true,"href":"https:\/\/www.musicalmollet.com\/index.php\/wp-json\/wp\/v2\/product_cat?post=8991"},{"taxonomy":"product_tag","embeddable":true,"href":"https:\/\/www.musicalmollet.com\/index.php\/wp-json\/wp\/v2\/product_tag?post=8991"}],"curies":[{"name":"wp","href":"https:\/\/api.w.org\/{rel}","templated":true}]}}