{"id":9029,"date":"2025-08-01T13:05:51","date_gmt":"2025-08-01T11:05:51","guid":{"rendered":"https:\/\/www.musicalmollet.com\/?post_type=product&#038;p=9029"},"modified":"2025-08-01T11:14:01","modified_gmt":"2025-08-01T09:14:01","slug":"amplificador-bateria-oqan-sk-50","status":"publish","type":"product","link":"https:\/\/www.musicalmollet.com\/index.php\/producto\/amplificador-bateria-oqan-sk-50\/","title":{"rendered":"Amplificador Bateria Oqan SK-50"},"content":{"rendered":"<p>BATERIAS ELECTRONICAS.<br \/>\nOQAN Amplificador para bateria electronica SK-50.<\/p>\n<p>El Oqan SK-50 es un monitor para bater\u00eda electr\u00f3nica robusto y vers\u00e1til que ofrece un s\u00f3lido rendimiento y una potencia de hasta 65 W. Ya sea para practicar en la comodidad de tu hogar o para sesiones en estudio, este amplificador se adapta a cualquier necesidad. Con su configuraci\u00f3n de altavoces compuesta por un Woofer de 8 pulgadas y un Tweeter de 2 pulgadas, garantiza un sonido n\u00edtido y claro que realza cada golpe y cada nota.<\/p>\n<p>El SK-50 ofrece una amplia conectividad que incluye entrada para la bater\u00eda, entrada de l\u00ednea, puerto Bluetooth y una salida de auriculares. Adem\u00e1s, dispone de controles individuales para dos canales de audio y la capacidad de ajustar un ecualizador de dos bandas para personalizar los tonos altos y bajos, brindando mayor versatilidad a tus sesiones de pr\u00e1ctica. Con un precio asequible, el Oqan SK-50 se convierte en una elecci\u00f3n confiable para bateristas que buscan un rendimiento s\u00f3lido.<\/p>\n<p>El nuevo Oqan SK-50 no solo es ideal para bater\u00edas electr\u00f3nicas, sino que tambi\u00e9n puede usarse con cualquier dispositivo que disponga de una salida de l\u00ednea, como teclados, cajas de ritmos o incluso instrumentos ac\u00fasticos con pastilla. Esto ampl\u00eda a\u00fan m\u00e1s su versatilidad y utilidad, convirti\u00e9ndolo en un compa\u00f1ero esencial para m\u00fasicos de todos los g\u00e9neros y estilos. Esta capacidad de adaptaci\u00f3n a una amplia variedad de fuentes de audio lo hace verdaderamente vers\u00e1til y valioso en el mundo de la m\u00fasica.<\/p>\n<p>Caracter\u00edsticas principales:<\/p>\n<p>-Monitor para bater\u00eda electr\u00f3nica<br \/>\n-Potencia: 65W<br \/>\n-8\u201d Woofer + 2\u201d Tweeter<br \/>\n-2 entradas: Bater\u00eda + AUX<br \/>\n-Entrada de audio Bluetooth<br \/>\n-Dimensiones: 352mm x 346mm x 323mm<br \/>\n-Peso: 7,12 kg<\/p>\n","protected":false},"excerpt":{"rendered":"<p>BATERIAS ELECTRONICAS. OQAN Amplificador para bateria electronica SK-50. El Oqan SK-50 es un monitor para bater\u00eda electr\u00f3nica robusto y vers\u00e1til que ofrece un s\u00f3lido rendimiento y una potencia de hasta 65 W. Ya sea para practicar en la comodidad de tu hogar o para sesiones en estudio, este amplificador se adapta a cualquier necesidad. Con [&hellip;]<\/p>\n","protected":false},"featured_media":9030,"comment_status":"closed","ping_status":"closed","template":"","meta":{"om_disable_all_campaigns":false},"product_cat":[111],"product_tag":[156],"class_list":["post-9029","product","type-product","status-publish","has-post-thumbnail","hentry","product_cat-amplificadores-hifi-y-dj","product_tag-amplificadores"],"aioseo_notices":[],"_links":{"self":[{"href":"https:\/\/www.musicalmollet.com\/index.php\/wp-json\/wp\/v2\/product\/9029","targetHints":{"allow":["GET"]}}],"collection":[{"href":"https:\/\/www.musicalmollet.com\/index.php\/wp-json\/wp\/v2\/product"}],"about":[{"href":"https:\/\/www.musicalmollet.com\/index.php\/wp-json\/wp\/v2\/types\/product"}],"replies":[{"embeddable":true,"href":"https:\/\/www.musicalmollet.com\/index.php\/wp-json\/wp\/v2\/comments?post=9029"}],"wp:featuredmedia":[{"embeddable":true,"href":"https:\/\/www.musicalmollet.com\/index.php\/wp-json\/wp\/v2\/media\/9030"}],"wp:attachment":[{"href":"https:\/\/www.musicalmollet.com\/index.php\/wp-json\/wp\/v2\/media?parent=9029"}],"wp:term":[{"taxonomy":"product_cat","embeddable":true,"href":"https:\/\/www.musicalmollet.com\/index.php\/wp-json\/wp\/v2\/product_cat?post=9029"},{"taxonomy":"product_tag","embeddable":true,"href":"https:\/\/www.musicalmollet.com\/index.php\/wp-json\/wp\/v2\/product_tag?post=9029"}],"curies":[{"name":"wp","href":"https:\/\/api.w.org\/{rel}","templated":true}]}}