{"id":9038,"date":"2025-04-30T18:09:26","date_gmt":"2025-04-30T16:09:26","guid":{"rendered":"https:\/\/www.musicalmollet.com\/?post_type=product&#038;p=9038"},"modified":"2025-04-30T18:09:26","modified_gmt":"2025-04-30T16:09:26","slug":"maricel-dagoll-dagom-piano-facil","status":"publish","type":"product","link":"https:\/\/www.musicalmollet.com\/index.php\/producto\/maricel-dagoll-dagom-piano-facil\/","title":{"rendered":"Maricel Dagoll Dagom Piano Facil"},"content":{"rendered":"<div id=\"collapseOne\" class=\"accordion-collapse collapse show\" aria-labelledby=\"headingOne\">\n<div class=\"accordion-body\">\n<ul class=\"mb-3\">\n<li class=\"display-5 mb-2\"><span class=\"d-flex\"><span class=\"fw-bold\">G\u00e9neros:<\/span> M\u00fasica esc\u00e9nica<\/span><\/li>\n<li class=\"display-5 mb-2\"><span class=\"d-flex\"><span class=\"fw-bold\">Formaci\u00f3n:<\/span> Coro<\/span><\/li>\n<\/ul>\n<p><strong>Los 13 \u00e9xitos del musical para piano f\u00e1cil<\/strong><\/p>\n<p>Un barco perdido en medio del mar. Piratas y cristianos atrapados en un espacio hostil. Dos mundos enfrentados por la religi\u00f3n y la intolerancia. Y, en medio de todo, un amor imposible.<\/p>\n<p>Basado en la obra de \u00c0ngel Guimer\u00e0, <em>Mar i Cel<\/em> es uno de los musicales m\u00e1s emblem\u00e1ticos del teatro catal\u00e1n. Con m\u00fasica de Albert Guinovart y texto de Xavier Bru de Sala, esta obra de Dagoll Dagom nos habla de la incomprensi\u00f3n entre Oriente y Occidente a trav\u00e9s de una historia apasionante con innumerables paralelismos con el mundo actual.<\/p>\n<p>Este libro incluye las partituras para piano f\u00e1cil de las 13 canciones m\u00e1s ic\u00f3nicas del musical.<\/p>\n<p>M\u00fasica : Albert Guinovart<\/p>\n<p>Texto : Xavier Bru De Sala<\/p>\n<p>Traducci\u00f3n de los textos al Castellano<\/p>\n<\/div>\n<\/div>\n","protected":false},"excerpt":{"rendered":"<p>G\u00e9neros: M\u00fasica esc\u00e9nica Formaci\u00f3n: Coro Los 13 \u00e9xitos del musical para piano f\u00e1cil Un barco perdido en medio del mar. Piratas y cristianos atrapados en un espacio hostil. Dos mundos enfrentados por la religi\u00f3n y la intolerancia. Y, en medio de todo, un amor imposible. Basado en la obra de \u00c0ngel Guimer\u00e0, Mar i Cel [&hellip;]<\/p>\n","protected":false},"featured_media":9039,"comment_status":"closed","ping_status":"closed","template":"","meta":{"om_disable_all_campaigns":false},"product_cat":[49],"product_tag":[210],"class_list":["post-9038","product","type-product","status-publish","has-post-thumbnail","hentry","product_cat-libreria-y-metodos","product_tag-libreria-y-metodos"],"aioseo_notices":[],"_links":{"self":[{"href":"https:\/\/www.musicalmollet.com\/index.php\/wp-json\/wp\/v2\/product\/9038","targetHints":{"allow":["GET"]}}],"collection":[{"href":"https:\/\/www.musicalmollet.com\/index.php\/wp-json\/wp\/v2\/product"}],"about":[{"href":"https:\/\/www.musicalmollet.com\/index.php\/wp-json\/wp\/v2\/types\/product"}],"replies":[{"embeddable":true,"href":"https:\/\/www.musicalmollet.com\/index.php\/wp-json\/wp\/v2\/comments?post=9038"}],"wp:featuredmedia":[{"embeddable":true,"href":"https:\/\/www.musicalmollet.com\/index.php\/wp-json\/wp\/v2\/media\/9039"}],"wp:attachment":[{"href":"https:\/\/www.musicalmollet.com\/index.php\/wp-json\/wp\/v2\/media?parent=9038"}],"wp:term":[{"taxonomy":"product_cat","embeddable":true,"href":"https:\/\/www.musicalmollet.com\/index.php\/wp-json\/wp\/v2\/product_cat?post=9038"},{"taxonomy":"product_tag","embeddable":true,"href":"https:\/\/www.musicalmollet.com\/index.php\/wp-json\/wp\/v2\/product_tag?post=9038"}],"curies":[{"name":"wp","href":"https:\/\/api.w.org\/{rel}","templated":true}]}}