{"id":9054,"date":"2025-05-13T11:45:14","date_gmt":"2025-05-13T09:45:14","guid":{"rendered":"https:\/\/www.musicalmollet.com\/?post_type=product&#038;p=9054"},"modified":"2025-05-13T11:45:14","modified_gmt":"2025-05-13T09:45:14","slug":"cuerdas-daddario-acustica-xs-11-52","status":"publish","type":"product","link":"https:\/\/www.musicalmollet.com\/index.php\/producto\/cuerdas-daddario-acustica-xs-11-52\/","title":{"rendered":"Cuerdas D\u00b4addario Acustica XS 11 &#8211; 52"},"content":{"rendered":"<div class=\"text-original js-prod-text-original \">\n<h2 class=\"fx-headline fx-headline--3 fx-space-bottom--m\">Set de cuerdas<\/h2>\n<ul class=\"fx-list product-text__list\">\n<li class=\"fx-list__item list-item fx-list__item--circle\"><span class=\"fx-text fx-text--plus list-item__text\">Para guitarra ac\u00fastica<\/span><\/li>\n<li class=\"fx-list__item list-item fx-list__item--circle\"><span class=\"fx-text fx-text--plus list-item__text\">Material: Phosphor Bronze<\/span><\/li>\n<li class=\"fx-list__item list-item fx-list__item--circle\"><span class=\"fx-text fx-text--plus list-item__text\">N\u00facleo de las cuerdas de acero con alto contenido en carbono NY<\/span><\/li>\n<li class=\"fx-list__item list-item fx-list__item--circle\"><span class=\"fx-text fx-text--plus list-item__text\">Revestimiento de pol\u00edmero<\/span><\/li>\n<li class=\"fx-list__item list-item fx-list__item--circle\"><span class=\"fx-text fx-text--plus list-item__text\">Calibres: 011-15-22-32-42-52<\/span><\/li>\n<\/ul>\n<\/div>\n","protected":false},"excerpt":{"rendered":"<p>Set de cuerdas Para guitarra ac\u00fastica Material: Phosphor Bronze N\u00facleo de las cuerdas de acero con alto contenido en carbono NY Revestimiento de pol\u00edmero Calibres: 011-15-22-32-42-52<\/p>\n","protected":false},"featured_media":9055,"comment_status":"closed","ping_status":"closed","template":"","meta":{"om_disable_all_campaigns":false},"product_cat":[102],"product_tag":[171],"class_list":["post-9054","product","type-product","status-publish","has-post-thumbnail","hentry","product_cat-cuerdas-guitarra-acustica","product_tag-cuerdas"],"aioseo_notices":[],"_links":{"self":[{"href":"https:\/\/www.musicalmollet.com\/index.php\/wp-json\/wp\/v2\/product\/9054","targetHints":{"allow":["GET"]}}],"collection":[{"href":"https:\/\/www.musicalmollet.com\/index.php\/wp-json\/wp\/v2\/product"}],"about":[{"href":"https:\/\/www.musicalmollet.com\/index.php\/wp-json\/wp\/v2\/types\/product"}],"replies":[{"embeddable":true,"href":"https:\/\/www.musicalmollet.com\/index.php\/wp-json\/wp\/v2\/comments?post=9054"}],"wp:featuredmedia":[{"embeddable":true,"href":"https:\/\/www.musicalmollet.com\/index.php\/wp-json\/wp\/v2\/media\/9055"}],"wp:attachment":[{"href":"https:\/\/www.musicalmollet.com\/index.php\/wp-json\/wp\/v2\/media?parent=9054"}],"wp:term":[{"taxonomy":"product_cat","embeddable":true,"href":"https:\/\/www.musicalmollet.com\/index.php\/wp-json\/wp\/v2\/product_cat?post=9054"},{"taxonomy":"product_tag","embeddable":true,"href":"https:\/\/www.musicalmollet.com\/index.php\/wp-json\/wp\/v2\/product_tag?post=9054"}],"curies":[{"name":"wp","href":"https:\/\/api.w.org\/{rel}","templated":true}]}}