{"id":9064,"date":"2025-05-13T17:56:05","date_gmt":"2025-05-13T15:56:05","guid":{"rendered":"https:\/\/www.musicalmollet.com\/?post_type=product&#038;p=9064"},"modified":"2025-05-13T17:56:05","modified_gmt":"2025-05-13T15:56:05","slug":"cajon-katho-walnut-custom","status":"publish","type":"product","link":"https:\/\/www.musicalmollet.com\/index.php\/producto\/cajon-katho-walnut-custom\/","title":{"rendered":"Cajon Katho Walnut Custom"},"content":{"rendered":"<div id=\"description\" class=\"tab-pane in active show\">\n<div class=\"product-description\">\n<div class=\"rte-content\">El nuevo caj\u00f3n flamenco Katho Percusi\u00f3n modelo Walnut Custom es un instrumento profesional con una bonita y moderna est\u00e9tica que cuenta en su tapa delantera con madera de nogal y en la parte trasera madera de red gun con impresi\u00f3n directa. Agudos arenosos y grave profundo y seco. La estructura de este caj\u00f3n esta montada con madera contrachapada de pl\u00e1tano de sombra (Pl\u00e1tanos Hisp\u00e1nica ) de 1\u00aa calidad y un espesor de 10mm lo que le da un mejor sonido con respecto al abedul tradicional . Esta madera tiene una bonita veta casi igual que el abedul pero con un color mas tostado. Procedente de plantaci\u00f3n espa\u00f1ola y con denominaci\u00f3n de origen. Tiene una preciosa tapa calibrada a 3,2 mm de ABEDUL con dise\u00f1o impreso de raid de nogal Forma ergon\u00f3mica en \u201d chafl\u00e1n\u201den esquinas superiores delanteras con lo que se consigue una mayor comodidad a la hora de tocar y una moderna est\u00e9tica 4 cuerdas montadas en forma de \u201cV\u201d con sistema de afinaci\u00f3n mediante palometas exteriores Sistema antiarmonicos especial de Katho. Este caj\u00f3n tiene tanto en su tapa delantera como en su parte trasera impresi\u00f3n directa en la madera con barnizado especial para que nunca pierda su color original. En sus costados tiene grabado con l\u00e1ser el nombre del modelo Walnut Custom<\/div>\n<\/div>\n<\/div>\n<div id=\"product-details-tab\" class=\"tab-pane show\">\n<div id=\"product-details\" class=\"clearfix js-product-details\" data-product=\"{&quot;id_shop_default&quot;:&quot;1&quot;,&quot;id_manufacturer&quot;:&quot;10&quot;,&quot;id_supplier&quot;:&quot;0&quot;,&quot;reference&quot;:&quot;KT54&quot;,&quot;is_virtual&quot;:&quot;0&quot;,&quot;delivery_in_stock&quot;:&quot;&quot;,&quot;delivery_out_stock&quot;:&quot;&quot;,&quot;id_category_default&quot;:&quot;319&quot;,&quot;on_sale&quot;:&quot;0&quot;,&quot;online_only&quot;:&quot;0&quot;,&quot;ecotax&quot;:0,&quot;minimal_quantity&quot;:&quot;1&quot;,&quot;low_stock_threshold&quot;:null,&quot;low_stock_alert&quot;:&quot;0&quot;,&quot;price&quot;:&quot;275,00\\u00a0\\u20ac&quot;,&quot;unity&quot;:&quot;&quot;,&quot;unit_price_ratio&quot;:&quot;0.000000&quot;,&quot;additional_shipping_cost&quot;:&quot;0.000000&quot;,&quot;customizable&quot;:&quot;0&quot;,&quot;text_fields&quot;:&quot;0&quot;,&quot;uploadable_files&quot;:&quot;0&quot;,&quot;redirect_type&quot;:&quot;404&quot;,&quot;id_type_redirected&quot;:&quot;0&quot;,&quot;available_for_order&quot;:&quot;1&quot;,&quot;available_date&quot;:&quot;0000-00-00&quot;,&quot;show_condition&quot;:&quot;0&quot;,&quot;condition&quot;:&quot;new&quot;,&quot;show_price&quot;:&quot;1&quot;,&quot;indexed&quot;:&quot;1&quot;,&quot;visibility&quot;:&quot;both&quot;,&quot;cache_default_attribute&quot;:&quot;0&quot;,&quot;advanced_stock_management&quot;:&quot;0&quot;,&quot;date_add&quot;:&quot;2023-09-21 12:49:23&quot;,&quot;date_upd&quot;:&quot;2025-05-09 12:41:38&quot;,&quot;pack_stock_type&quot;:&quot;3&quot;,&quot;meta_description&quot;:&quot;Caj\\u00f3n Katho Walnut Custom Flamenco percusi\\u00f3n Rumba calidad barato economico profesional                                                                                                                                                                        &quot;,&quot;meta_keywords&quot;:&quot;&quot;,&quot;meta_title&quot;:&quot;Caj\\u00f3n Katho Walnut Custom                                   &quot;,&quot;link_rewrite&quot;:&quot;cajon-katho-walnut-custom&quot;,&quot;name&quot;:&quot;Caj\\u00f3n Katho Walnut Custom                                   &quot;,&quot;description&quot;:&quot;El nuevo caj\\u00f3n flamenco Katho Percusi\\u00f3n modelo Walnut Custom es un instrumento profesional con una bonita y moderna est\\u00e9tica que cuenta en su tapa delantera  con madera de nogal y en la parte trasera madera de red gun con impresi\\u00f3n directa.\\nAgudos arenosos y grave profundo y seco. La estructura de este caj\\u00f3n esta montada con madera contrachapada  de pl\\u00e1tano de sombra (Pl\\u00e1tanos Hisp\\u00e1nica )  de 1\\u00aa calidad y un espesor de 10mm lo que le da un mejor sonido con respecto al abedul tradicional .\\nEsta madera tiene una bonita veta casi igual que el abedul pero con un color mas tostado.\\nProcedente de plantaci\\u00f3n espa\\u00f1ola y con denominaci\\u00f3n de origen.\\nTiene una preciosa tapa calibrada a 3,2 mm  de ABEDUL con dise\\u00f1o impreso de raid de nogal\\nForma ergon\\u00f3mica en \\u201d chafl\\u00e1n\\u201den esquinas superiores delanteras con lo que se consigue una mayor comodidad a la hora de tocar y una moderna est\\u00e9tica\\n4 cuerdas montadas en forma de \\u201cV\\u201d con  sistema de afinaci\\u00f3n mediante palometas exteriores\\nSistema antiarmonicos especial de Katho. Este caj\\u00f3n tiene tanto en su tapa delantera como en su parte trasera  impresi\\u00f3n directa en la madera con barnizado especial para que nunca pierda su color original.\\nEn sus costados tiene grabado con l\\u00e1ser el nombre del modelo Walnut Custom&quot;,&quot;description_short&quot;:&quot;&lt;p&gt;Un caj\\u00f3n de primer nivel a un precio muy competitivo!&lt;\\\/p&gt;&quot;,&quot;available_now&quot;:&quot;&quot;,&quot;available_later&quot;:&quot;&quot;,&quot;id&quot;:2026,&quot;id_product&quot;:2026,&quot;out_of_stock&quot;:2,&quot;new&quot;:0,&quot;id_product_attribute&quot;:&quot;0&quot;,&quot;quantity_wanted&quot;:1,&quot;extraContent&quot;:[{&quot;title&quot;:&quot;&lt;span class=\\&quot;iqitreviews-title float-left\\&quot;&gt;Reviews&lt;\\\/span&gt; &lt;span class=\\&quot;iqitreviews-nb\\&quot;&gt;(0)&lt;\\\/span&gt;&quot;,&quot;content&quot;:&quot;\\n&lt;div id=\\&quot;iqit-reviews\\&quot; class=\\&quot;mt-3\\&quot;&gt;\\n\\n    &lt;div id=\\&quot;iqit-reviews-top\\&quot;&gt;\\n        &lt;div class=\\&quot;row justify-content-between align-items-center\\&quot;&gt;\\n\\n            &lt;div class=\\&quot;col mb-3\\&quot;&gt;\\n                            &lt;div id=\\&quot;iqitreviews-snippet\\&quot;&gt;No reviews&lt;\\\/div&gt;\\n                    &lt;\\\/div&gt;\\n\\n        \\n    &lt;\\\/div&gt; &lt;!-- \\\/ .row --&gt;\\n&lt;\\\/div&gt;&lt;!-- \\\/ #iqit-reviews-top --&gt;\\n\\n\\n&lt;div class=\\&quot;col-xs-12 alert alert-success hidden-xs-up\\&quot;\\n     id=\\&quot;iqitreviews-productreview-form-success-alert\\&quot;&gt;\\n&lt;\\\/div&gt;\\n\\n\\n\\n\\n\\n&lt;\\\/div&gt;\\n\\n&quot;,&quot;attr&quot;:{&quot;id&quot;:&quot;iqit-reviews-tab&quot;,&quot;class&quot;:&quot;&quot;,&quot;data-iqitextra&quot;:&quot;iqit-reviews-tab&quot;},&quot;moduleName&quot;:&quot;iqitreviews&quot;}],&quot;allow_oosp&quot;:1,&quot;category&quot;:&quot;cajones-katho&quot;,&quot;category_name&quot;:&quot;Cajones Katho&quot;,&quot;link&quot;:&quot;https:\\\/\\\/www.sansluthier.com\\\/es\\\/cajones-katho\\\/2026-cajon-katho-walnut-custom.html&quot;,&quot;attribute_price&quot;:0,&quot;price_tax_exc&quot;:227.272727,&quot;price_without_reduction&quot;:275,&quot;reduction&quot;:0,&quot;specific_prices&quot;:false,&quot;quantity&quot;:1,&quot;quantity_all_versions&quot;:1,&quot;id_image&quot;:&quot;es-default&quot;,&quot;features&quot;:[{&quot;name&quot;:&quot;Peso&quot;,&quot;value&quot;:&quot;5Kg aprox&quot;,&quot;id_feature&quot;:&quot;4&quot;,&quot;position&quot;:&quot;0&quot;},{&quot;name&quot;:&quot;Medidas&quot;,&quot;value&quot;:&quot;48 x 29,5 x 29&quot;,&quot;id_feature&quot;:&quot;6&quot;,&quot;position&quot;:&quot;1&quot;}],&quot;attachments&quot;:[],&quot;virtual&quot;:0,&quot;pack&quot;:0,&quot;packItems&quot;:[],&quot;nopackprice&quot;:0,&quot;customization_required&quot;:false,&quot;rate&quot;:21,&quot;tax_name&quot;:&quot;IVA ES 21%&quot;,&quot;ecotax_rate&quot;:0,&quot;unit_price&quot;:&quot;&quot;,&quot;customizations&quot;:{&quot;fields&quot;:[]},&quot;id_customization&quot;:0,&quot;is_customizable&quot;:false,&quot;show_quantities&quot;:false,&quot;quantity_label&quot;:&quot;Art\\u00edculo&quot;,&quot;quantity_discounts&quot;:[],&quot;customer_group_discount&quot;:0,&quot;images&quot;:[{&quot;bySize&quot;:{&quot;small_default&quot;:{&quot;url&quot;:&quot;https:\\\/\\\/www.sansluthier.com\\\/3154-small_default\\\/cajon-katho-walnut-custom.jpg&quot;,&quot;width&quot;:127,&quot;height&quot;:127},&quot;cart_default&quot;:{&quot;url&quot;:&quot;https:\\\/\\\/www.sansluthier.com\\\/3154-cart_default\\\/cajon-katho-walnut-custom.jpg&quot;,&quot;width&quot;:162,&quot;height&quot;:162},&quot;home_default&quot;:{&quot;url&quot;:&quot;https:\\\/\\\/www.sansluthier.com\\\/3154-home_default\\\/cajon-katho-walnut-custom.jpg&quot;,&quot;width&quot;:250,&quot;height&quot;:250},&quot;large_default&quot;:{&quot;url&quot;:&quot;https:\\\/\\\/www.sansluthier.com\\\/3154-large_default\\\/cajon-katho-walnut-custom.jpg&quot;,&quot;width&quot;:492,&quot;height&quot;:492},&quot;medium_default&quot;:{&quot;url&quot;:&quot;https:\\\/\\\/www.sansluthier.com\\\/3154-medium_default\\\/cajon-katho-walnut-custom.jpg&quot;,&quot;width&quot;:584,&quot;height&quot;:584},&quot;thickbox_default&quot;:{&quot;url&quot;:&quot;https:\\\/\\\/www.sansluthier.com\\\/3154-thickbox_default\\\/cajon-katho-walnut-custom.jpg&quot;,&quot;width&quot;:1100,&quot;height&quot;:1100}},&quot;small&quot;:{&quot;url&quot;:&quot;https:\\\/\\\/www.sansluthier.com\\\/3154-small_default\\\/cajon-katho-walnut-custom.jpg&quot;,&quot;width&quot;:127,&quot;height&quot;:127},&quot;medium&quot;:{&quot;url&quot;:&quot;https:\\\/\\\/www.sansluthier.com\\\/3154-large_default\\\/cajon-katho-walnut-custom.jpg&quot;,&quot;width&quot;:492,&quot;height&quot;:492},&quot;large&quot;:{&quot;url&quot;:&quot;https:\\\/\\\/www.sansluthier.com\\\/3154-thickbox_default\\\/cajon-katho-walnut-custom.jpg&quot;,&quot;width&quot;:1100,&quot;height&quot;:1100},&quot;legend&quot;:&quot;&quot;,&quot;id_image&quot;:&quot;3154&quot;,&quot;cover&quot;:null,&quot;position&quot;:&quot;1&quot;,&quot;associatedVariants&quot;:[]},{&quot;bySize&quot;:{&quot;small_default&quot;:{&quot;url&quot;:&quot;https:\\\/\\\/www.sansluthier.com\\\/3155-small_default\\\/cajon-katho-walnut-custom.jpg&quot;,&quot;width&quot;:127,&quot;height&quot;:127},&quot;cart_default&quot;:{&quot;url&quot;:&quot;https:\\\/\\\/www.sansluthier.com\\\/3155-cart_default\\\/cajon-katho-walnut-custom.jpg&quot;,&quot;width&quot;:162,&quot;height&quot;:162},&quot;home_default&quot;:{&quot;url&quot;:&quot;https:\\\/\\\/www.sansluthier.com\\\/3155-home_default\\\/cajon-katho-walnut-custom.jpg&quot;,&quot;width&quot;:250,&quot;height&quot;:250},&quot;large_default&quot;:{&quot;url&quot;:&quot;https:\\\/\\\/www.sansluthier.com\\\/3155-large_default\\\/cajon-katho-walnut-custom.jpg&quot;,&quot;width&quot;:492,&quot;height&quot;:492},&quot;medium_default&quot;:{&quot;url&quot;:&quot;https:\\\/\\\/www.sansluthier.com\\\/3155-medium_default\\\/cajon-katho-walnut-custom.jpg&quot;,&quot;width&quot;:584,&quot;height&quot;:584},&quot;thickbox_default&quot;:{&quot;url&quot;:&quot;https:\\\/\\\/www.sansluthier.com\\\/3155-thickbox_default\\\/cajon-katho-walnut-custom.jpg&quot;,&quot;width&quot;:1100,&quot;height&quot;:1100}},&quot;small&quot;:{&quot;url&quot;:&quot;https:\\\/\\\/www.sansluthier.com\\\/3155-small_default\\\/cajon-katho-walnut-custom.jpg&quot;,&quot;width&quot;:127,&quot;height&quot;:127},&quot;medium&quot;:{&quot;url&quot;:&quot;https:\\\/\\\/www.sansluthier.com\\\/3155-large_default\\\/cajon-katho-walnut-custom.jpg&quot;,&quot;width&quot;:492,&quot;height&quot;:492},&quot;large&quot;:{&quot;url&quot;:&quot;https:\\\/\\\/www.sansluthier.com\\\/3155-thickbox_default\\\/cajon-katho-walnut-custom.jpg&quot;,&quot;width&quot;:1100,&quot;height&quot;:1100},&quot;legend&quot;:&quot;&quot;,&quot;id_image&quot;:&quot;3155&quot;,&quot;cover&quot;:null,&quot;position&quot;:&quot;2&quot;,&quot;associatedVariants&quot;:[]},{&quot;bySize&quot;:{&quot;small_default&quot;:{&quot;url&quot;:&quot;https:\\\/\\\/www.sansluthier.com\\\/3156-small_default\\\/cajon-katho-walnut-custom.jpg&quot;,&quot;width&quot;:127,&quot;height&quot;:127},&quot;cart_default&quot;:{&quot;url&quot;:&quot;https:\\\/\\\/www.sansluthier.com\\\/3156-cart_default\\\/cajon-katho-walnut-custom.jpg&quot;,&quot;width&quot;:162,&quot;height&quot;:162},&quot;home_default&quot;:{&quot;url&quot;:&quot;https:\\\/\\\/www.sansluthier.com\\\/3156-home_default\\\/cajon-katho-walnut-custom.jpg&quot;,&quot;width&quot;:250,&quot;height&quot;:250},&quot;large_default&quot;:{&quot;url&quot;:&quot;https:\\\/\\\/www.sansluthier.com\\\/3156-large_default\\\/cajon-katho-walnut-custom.jpg&quot;,&quot;width&quot;:492,&quot;height&quot;:492},&quot;medium_default&quot;:{&quot;url&quot;:&quot;https:\\\/\\\/www.sansluthier.com\\\/3156-medium_default\\\/cajon-katho-walnut-custom.jpg&quot;,&quot;width&quot;:584,&quot;height&quot;:584},&quot;thickbox_default&quot;:{&quot;url&quot;:&quot;https:\\\/\\\/www.sansluthier.com\\\/3156-thickbox_default\\\/cajon-katho-walnut-custom.jpg&quot;,&quot;width&quot;:1100,&quot;height&quot;:1100}},&quot;small&quot;:{&quot;url&quot;:&quot;https:\\\/\\\/www.sansluthier.com\\\/3156-small_default\\\/cajon-katho-walnut-custom.jpg&quot;,&quot;width&quot;:127,&quot;height&quot;:127},&quot;medium&quot;:{&quot;url&quot;:&quot;https:\\\/\\\/www.sansluthier.com\\\/3156-large_default\\\/cajon-katho-walnut-custom.jpg&quot;,&quot;width&quot;:492,&quot;height&quot;:492},&quot;large&quot;:{&quot;url&quot;:&quot;https:\\\/\\\/www.sansluthier.com\\\/3156-thickbox_default\\\/cajon-katho-walnut-custom.jpg&quot;,&quot;width&quot;:1100,&quot;height&quot;:1100},&quot;legend&quot;:&quot;&quot;,&quot;id_image&quot;:&quot;3156&quot;,&quot;cover&quot;:&quot;1&quot;,&quot;position&quot;:&quot;3&quot;,&quot;associatedVariants&quot;:[]},{&quot;bySize&quot;:{&quot;small_default&quot;:{&quot;url&quot;:&quot;https:\\\/\\\/www.sansluthier.com\\\/3157-small_default\\\/cajon-katho-walnut-custom.jpg&quot;,&quot;width&quot;:127,&quot;height&quot;:127},&quot;cart_default&quot;:{&quot;url&quot;:&quot;https:\\\/\\\/www.sansluthier.com\\\/3157-cart_default\\\/cajon-katho-walnut-custom.jpg&quot;,&quot;width&quot;:162,&quot;height&quot;:162},&quot;home_default&quot;:{&quot;url&quot;:&quot;https:\\\/\\\/www.sansluthier.com\\\/3157-home_default\\\/cajon-katho-walnut-custom.jpg&quot;,&quot;width&quot;:250,&quot;height&quot;:250},&quot;large_default&quot;:{&quot;url&quot;:&quot;https:\\\/\\\/www.sansluthier.com\\\/3157-large_default\\\/cajon-katho-walnut-custom.jpg&quot;,&quot;width&quot;:492,&quot;height&quot;:492},&quot;medium_default&quot;:{&quot;url&quot;:&quot;https:\\\/\\\/www.sansluthier.com\\\/3157-medium_default\\\/cajon-katho-walnut-custom.jpg&quot;,&quot;width&quot;:584,&quot;height&quot;:584},&quot;thickbox_default&quot;:{&quot;url&quot;:&quot;https:\\\/\\\/www.sansluthier.com\\\/3157-thickbox_default\\\/cajon-katho-walnut-custom.jpg&quot;,&quot;width&quot;:1100,&quot;height&quot;:1100}},&quot;small&quot;:{&quot;url&quot;:&quot;https:\\\/\\\/www.sansluthier.com\\\/3157-small_default\\\/cajon-katho-walnut-custom.jpg&quot;,&quot;width&quot;:127,&quot;height&quot;:127},&quot;medium&quot;:{&quot;url&quot;:&quot;https:\\\/\\\/www.sansluthier.com\\\/3157-large_default\\\/cajon-katho-walnut-custom.jpg&quot;,&quot;width&quot;:492,&quot;height&quot;:492},&quot;large&quot;:{&quot;url&quot;:&quot;https:\\\/\\\/www.sansluthier.com\\\/3157-thickbox_default\\\/cajon-katho-walnut-custom.jpg&quot;,&quot;width&quot;:1100,&quot;height&quot;:1100},&quot;legend&quot;:&quot;&quot;,&quot;id_image&quot;:&quot;3157&quot;,&quot;cover&quot;:null,&quot;position&quot;:&quot;4&quot;,&quot;associatedVariants&quot;:[]}],&quot;cover&quot;:{&quot;bySize&quot;:{&quot;small_default&quot;:{&quot;url&quot;:&quot;https:\\\/\\\/www.sansluthier.com\\\/3156-small_default\\\/cajon-katho-walnut-custom.jpg&quot;,&quot;width&quot;:127,&quot;height&quot;:127},&quot;cart_default&quot;:{&quot;url&quot;:&quot;https:\\\/\\\/www.sansluthier.com\\\/3156-cart_default\\\/cajon-katho-walnut-custom.jpg&quot;,&quot;width&quot;:162,&quot;height&quot;:162},&quot;home_default&quot;:{&quot;url&quot;:&quot;https:\\\/\\\/www.sansluthier.com\\\/3156-home_default\\\/cajon-katho-walnut-custom.jpg&quot;,&quot;width&quot;:250,&quot;height&quot;:250},&quot;large_default&quot;:{&quot;url&quot;:&quot;https:\\\/\\\/www.sansluthier.com\\\/3156-large_default\\\/cajon-katho-walnut-custom.jpg&quot;,&quot;width&quot;:492,&quot;height&quot;:492},&quot;medium_default&quot;:{&quot;url&quot;:&quot;https:\\\/\\\/www.sansluthier.com\\\/3156-medium_default\\\/cajon-katho-walnut-custom.jpg&quot;,&quot;width&quot;:584,&quot;height&quot;:584},&quot;thickbox_default&quot;:{&quot;url&quot;:&quot;https:\\\/\\\/www.sansluthier.com\\\/3156-thickbox_default\\\/cajon-katho-walnut-custom.jpg&quot;,&quot;width&quot;:1100,&quot;height&quot;:1100}},&quot;small&quot;:{&quot;url&quot;:&quot;https:\\\/\\\/www.sansluthier.com\\\/3156-small_default\\\/cajon-katho-walnut-custom.jpg&quot;,&quot;width&quot;:127,&quot;height&quot;:127},&quot;medium&quot;:{&quot;url&quot;:&quot;https:\\\/\\\/www.sansluthier.com\\\/3156-large_default\\\/cajon-katho-walnut-custom.jpg&quot;,&quot;width&quot;:492,&quot;height&quot;:492},&quot;large&quot;:{&quot;url&quot;:&quot;https:\\\/\\\/www.sansluthier.com\\\/3156-thickbox_default\\\/cajon-katho-walnut-custom.jpg&quot;,&quot;width&quot;:1100,&quot;height&quot;:1100},&quot;legend&quot;:&quot;&quot;,&quot;id_image&quot;:&quot;3156&quot;,&quot;cover&quot;:&quot;1&quot;,&quot;position&quot;:&quot;3&quot;,&quot;associatedVariants&quot;:[]},&quot;has_discount&quot;:false,&quot;discount_type&quot;:null,&quot;discount_percentage&quot;:null,&quot;discount_percentage_absolute&quot;:null,&quot;discount_amount&quot;:null,&quot;discount_amount_to_display&quot;:null,&quot;price_amount&quot;:275,&quot;unit_price_full&quot;:&quot;&quot;,&quot;show_availability&quot;:true,&quot;availability_date&quot;:null,&quot;availability_message&quot;:&quot;\\u00daltimas unidades en stock&quot;,&quot;availability&quot;:&quot;last_remaining_items&quot;}\">\n<section class=\"product-features\">\n<dl class=\"data-sheet\">\n<dt class=\"name\"><\/dt>\n<dd class=\"value\"><\/dd>\n<dt class=\"name\"><\/dt>\n<dd class=\"value\"><\/dd>\n<\/dl>\n<\/section>\n<div class=\"product-reference\"><\/div>\n<div class=\"product-out-of-stock\"><\/div>\n<\/div>\n<\/div>\n<div id=\"extra-0\" class=\"tab-pane  in  \" data-iqitextra=\"iqit-reviews-tab\">\n<div id=\"iqit-reviews\" class=\"mt-3\">\n<div id=\"iqit-reviews-top\">\n<div class=\"row justify-content-between align-items-center\">\n<div class=\"col mb-3\">\n<div id=\"iqitreviews-snippet\"><\/div>\n<\/div>\n<\/div>\n<\/div>\n<\/div>\n<\/div>\n","protected":false},"excerpt":{"rendered":"<h4>!!ATENCION!! S\u00a1olo 1 unidad<\/h4>\n","protected":false},"featured_media":9065,"comment_status":"closed","ping_status":"closed","template":"","meta":{"om_disable_all_campaigns":false},"product_cat":[122],"product_tag":[193],"class_list":["post-9064","product","type-product","status-publish","has-post-thumbnail","hentry","product_cat-cajones-rumberos","product_tag-percusion"],"aioseo_notices":[],"_links":{"self":[{"href":"https:\/\/www.musicalmollet.com\/index.php\/wp-json\/wp\/v2\/product\/9064","targetHints":{"allow":["GET"]}}],"collection":[{"href":"https:\/\/www.musicalmollet.com\/index.php\/wp-json\/wp\/v2\/product"}],"about":[{"href":"https:\/\/www.musicalmollet.com\/index.php\/wp-json\/wp\/v2\/types\/product"}],"replies":[{"embeddable":true,"href":"https:\/\/www.musicalmollet.com\/index.php\/wp-json\/wp\/v2\/comments?post=9064"}],"wp:featuredmedia":[{"embeddable":true,"href":"https:\/\/www.musicalmollet.com\/index.php\/wp-json\/wp\/v2\/media\/9065"}],"wp:attachment":[{"href":"https:\/\/www.musicalmollet.com\/index.php\/wp-json\/wp\/v2\/media?parent=9064"}],"wp:term":[{"taxonomy":"product_cat","embeddable":true,"href":"https:\/\/www.musicalmollet.com\/index.php\/wp-json\/wp\/v2\/product_cat?post=9064"},{"taxonomy":"product_tag","embeddable":true,"href":"https:\/\/www.musicalmollet.com\/index.php\/wp-json\/wp\/v2\/product_tag?post=9064"}],"curies":[{"name":"wp","href":"https:\/\/api.w.org\/{rel}","templated":true}]}}