{"id":907,"date":"2016-05-09T09:25:57","date_gmt":"2016-05-09T07:25:57","guid":{"rendered":"http:\/\/www.musicalmollet.com\/wordpress\/?post_type=product&#038;p=907"},"modified":"2020-03-17T13:10:06","modified_gmt":"2020-03-17T12:10:06","slug":"microfono-inalambrico-gemini-uhf-116m","status":"publish","type":"product","link":"https:\/\/www.musicalmollet.com\/index.php\/producto\/microfono-inalambrico-gemini-uhf-116m\/","title":{"rendered":"MICROFONO INALAMBRICO GEMINI UHF-116M"},"content":{"rendered":"<p>Caracter\u00edsticas de GEMINI UHF-116M Micr\u00f3fono inal\u00e1mbrico Mano UHF con pll UHF116M GEMINI UHF-116M Incluye: &#8211; Receptor UHF-116 &#8211; Micr\u00f3fono UHF-16 HHM Caracter\u00edsticas: &#8211; Micr\u00f3fono unidireccional din\u00e1mico de mano &#8211; 16 frecuencias de operaci\u00f3n entre 854 MHz y 864 MHz &#8211; Phase Locked Loop (PLL) para el trazado de circuito de mayor recepci\u00f3n de &#8211; RF y AF LED indicadores para el seguimiento de la se\u00f1al entrante &#8211; Auto mute con control de silenciamiento y reducci\u00f3n del ruido &#8211; Salida est\u00e1ndar (1 \/ 4 \u00abjack de 6,3 mm) &#8211; LED indicador de bater\u00eda baja &#8211; Interruptor encendido \/ apagado + iNFORMACION GEMINI UHF-116M Micr\u00f3fono inal\u00e1mbrico Mano<\/p>\n","protected":false},"excerpt":{"rendered":"<p>Caracter\u00edsticas de GEMINI UHF-116M Micr\u00f3fono inal\u00e1mbrico Mano UHF con pll UHF116M GEMINI UHF-116M Incluye: &#8211; Receptor UHF-116 &#8211; Micr\u00f3fono UHF-16 HHM Caracter\u00edsticas: &#8211; Micr\u00f3fono unidireccional din\u00e1mico de mano &#8211; 16 frecuencias de operaci\u00f3n entre 854 MHz y 864 MHz &#8211; Phase Locked Loop (PLL) para el trazado de circuito de mayor recepci\u00f3n de &#8211; RF [&hellip;]<\/p>\n","protected":false},"featured_media":908,"comment_status":"open","ping_status":"closed","template":"","meta":{"om_disable_all_campaigns":false},"product_cat":[54],"product_tag":[190],"class_list":["post-907","product","type-product","status-publish","has-post-thumbnail","hentry","product_cat-microfonos","product_tag-microfono"],"aioseo_notices":[],"_links":{"self":[{"href":"https:\/\/www.musicalmollet.com\/index.php\/wp-json\/wp\/v2\/product\/907","targetHints":{"allow":["GET"]}}],"collection":[{"href":"https:\/\/www.musicalmollet.com\/index.php\/wp-json\/wp\/v2\/product"}],"about":[{"href":"https:\/\/www.musicalmollet.com\/index.php\/wp-json\/wp\/v2\/types\/product"}],"replies":[{"embeddable":true,"href":"https:\/\/www.musicalmollet.com\/index.php\/wp-json\/wp\/v2\/comments?post=907"}],"wp:featuredmedia":[{"embeddable":true,"href":"https:\/\/www.musicalmollet.com\/index.php\/wp-json\/wp\/v2\/media\/908"}],"wp:attachment":[{"href":"https:\/\/www.musicalmollet.com\/index.php\/wp-json\/wp\/v2\/media?parent=907"}],"wp:term":[{"taxonomy":"product_cat","embeddable":true,"href":"https:\/\/www.musicalmollet.com\/index.php\/wp-json\/wp\/v2\/product_cat?post=907"},{"taxonomy":"product_tag","embeddable":true,"href":"https:\/\/www.musicalmollet.com\/index.php\/wp-json\/wp\/v2\/product_tag?post=907"}],"curies":[{"name":"wp","href":"https:\/\/api.w.org\/{rel}","templated":true}]}}