{"id":9088,"date":"2025-05-24T12:27:42","date_gmt":"2025-05-24T10:27:42","guid":{"rendered":"https:\/\/www.musicalmollet.com\/?post_type=product&#038;p=9088"},"modified":"2025-05-24T12:27:42","modified_gmt":"2025-05-24T10:27:42","slug":"amplificador-de-guitarra-electrica-peavey-backstage-ii","status":"publish","type":"product","link":"https:\/\/www.musicalmollet.com\/index.php\/producto\/amplificador-de-guitarra-electrica-peavey-backstage-ii\/","title":{"rendered":"Amplificador de guitarra el\u00e9ctrica Peavey Backstage II"},"content":{"rendered":"<div class=\"flex flex-col mt-2\">\n<h2 class=\"font-anton text-3xl\">Caracter\u00edsticas de Peavey BackStage II<\/h2>\n<div class=\"flex shrink-0 items-end h-[4px] w-full\" data-orientation=\"horizontal\">\n<div class=\"h-full w-1\/6 bg-red-500\"><\/div>\n<div class=\"h-px flex-1 bg-gray-300\"><\/div>\n<\/div>\n<\/div>\n<div class=\"pl-2 pr-8\" data-state=\"open\">\n<div class=\"relative \">\n<div class=\"prose max-w-none prose-p:mt-0 prose-p:mb-1 prose-p:text-[15px] prose-p:leading-6 prose-ul:pl-0 prose-li:list-none prose-li:relative prose-li:pl-[14px] prose-li:my-0 prose-li:text-[15px] prose-li:before:content-[''] prose-li:before:absolute prose-li:before:left-0 prose-li:before:top-[9px] prose-li:before:w-2 prose-li:before:h-2 prose-li:before:border prose-li:before:border-primary prose-li:before:rounded-full text-base\">\n<ul>\n<li>Amplificador combo para guitarra el\u00e9ctrica<\/li>\n<li>Amplificador para pr\u00e1ctica<\/li>\n<li>Potencia: 10W<\/li>\n<li>Altavoz Custom de 6&#8243;<\/li>\n<li>Simulaci\u00f3n de v\u00e1lvulas patentada \u00abTransTube\u00bb<\/li>\n<li>Emula las caracter\u00edsticas naturales de un amplificadores a v\u00e1lvulas<\/li>\n<li>Overdrive conmutable con regulador de nivel dedicado<\/li>\n<li>Ecualizador de 2 bandas<\/li>\n<li>Entrada est\u00e9reo Aux\/CD Jack de 6,3 mm<\/li>\n<li>Salida de auriculares est\u00e9reo Jack de 6,3 mm<\/li>\n<li>Medidas: 283 x 280 x 170 mm<\/li>\n<li>Peso: 5 kg<\/li>\n<li>Acabado: Black<\/li>\n<\/ul>\n<\/div>\n<\/div>\n<\/div>\n","protected":false},"excerpt":{"rendered":"<p>Caracter\u00edsticas de Peavey BackStage II Amplificador combo para guitarra el\u00e9ctrica Amplificador para pr\u00e1ctica Potencia: 10W Altavoz Custom de 6&#8243; Simulaci\u00f3n de v\u00e1lvulas patentada \u00abTransTube\u00bb Emula las caracter\u00edsticas naturales de un amplificadores a v\u00e1lvulas Overdrive conmutable con regulador de nivel dedicado Ecualizador de 2 bandas Entrada est\u00e9reo Aux\/CD Jack de 6,3 mm Salida de auriculares est\u00e9reo [&hellip;]<\/p>\n","protected":false},"featured_media":9089,"comment_status":"closed","ping_status":"closed","template":"","meta":{"om_disable_all_campaigns":false},"product_cat":[19],"product_tag":[156],"class_list":["post-9088","product","type-product","status-publish","has-post-thumbnail","hentry","product_cat-amplificadoresguitarra","product_tag-amplificadores"],"aioseo_notices":[],"_links":{"self":[{"href":"https:\/\/www.musicalmollet.com\/index.php\/wp-json\/wp\/v2\/product\/9088","targetHints":{"allow":["GET"]}}],"collection":[{"href":"https:\/\/www.musicalmollet.com\/index.php\/wp-json\/wp\/v2\/product"}],"about":[{"href":"https:\/\/www.musicalmollet.com\/index.php\/wp-json\/wp\/v2\/types\/product"}],"replies":[{"embeddable":true,"href":"https:\/\/www.musicalmollet.com\/index.php\/wp-json\/wp\/v2\/comments?post=9088"}],"wp:featuredmedia":[{"embeddable":true,"href":"https:\/\/www.musicalmollet.com\/index.php\/wp-json\/wp\/v2\/media\/9089"}],"wp:attachment":[{"href":"https:\/\/www.musicalmollet.com\/index.php\/wp-json\/wp\/v2\/media?parent=9088"}],"wp:term":[{"taxonomy":"product_cat","embeddable":true,"href":"https:\/\/www.musicalmollet.com\/index.php\/wp-json\/wp\/v2\/product_cat?post=9088"},{"taxonomy":"product_tag","embeddable":true,"href":"https:\/\/www.musicalmollet.com\/index.php\/wp-json\/wp\/v2\/product_tag?post=9088"}],"curies":[{"name":"wp","href":"https:\/\/api.w.org\/{rel}","templated":true}]}}