{"id":9177,"date":"2025-06-13T12:28:55","date_gmt":"2025-06-13T10:28:55","guid":{"rendered":"https:\/\/www.musicalmollet.com\/?post_type=product&#038;p=9177"},"modified":"2025-06-13T12:28:55","modified_gmt":"2025-06-13T10:28:55","slug":"monitores-mackie-autoamplificados-cr3-5bt","status":"publish","type":"product","link":"https:\/\/www.musicalmollet.com\/index.php\/producto\/monitores-mackie-autoamplificados-cr3-5bt\/","title":{"rendered":"Monitores Mackie Autoamplificados CR3-5BT"},"content":{"rendered":"<div id=\"columns-container\" class=\"columns-container\">\n<div id=\"columns\">\n<div class=\"container container-all\">\n<div id=\"center_column\" class=\"pull-left center_column col-xs-12 col-sm-12\">\n<div id=\"tabpanel\" role=\"tabpanel\">\n<div class=\"tab-content\">\n<section id=\"ptab1\" class=\"tab-pane active page-product-box\">\n<div class=\"rte\">CR2024 SERIES.<br \/>\nMACKIE Pareja de monitores de estudio activos CR3.5BT.Los monitores de estudio autoamplificados Mackie CR3.5BT Creative Reference con Bluetooth\u00ae combinan un sonido de calidad profesional con un knob de modelado del tono para pasar de la referencia de estudio a la escucha casual o al modo fiesta. Con una selecci\u00f3n de entradas, Bluetooth\u00ae y modos conmutables de sobremesa y estanter\u00eda, los Mackie CR3.5 pueden ser los \u00fanicos altavoces que necesite.<\/p>\n<p>CONTROL DE TONO:<\/p>\n<p>Utilice el knob de control de tono para dar forma al sonido, empezando por la respuesta transparente que espera de los monitores de estudio. Gire el knob para realzar gradualmente los graves y a\u00f1adir chispa a los agudos, perfecto para utilizar los CR3.5BT como altavoces envolventes para juegos, altavoces para escucha ocasional o altavoces para fiestas por todo lo alto.<\/p>\n<p>CONMUTADOR DE COLOCACI\u00d3N:<\/p>\n<p>Cambie el conmutador de colocaci\u00f3n entre el modo de altavoz de sobremesa y el modo de altavoz de estanter\u00eda para optimizar los CR3.5BT para cualquier lugar en el que los coloque. Utilice el modo sobremesa para escuchar de cerca (como en el estudio) y el modo estanter\u00eda para escuchar a distancia (como desde el sof\u00e1).<\/p>\n<p>BLUETOOTH\u00ae:<\/p>\n<p>Empareje smartphones, port\u00e1tiles y otros dispositivos Bluetooth\u00ae para obtener un sonido con calidad de estudio que podr\u00e1 transmitir de forma inal\u00e1mbrica.<\/p>\n<p>ENTRADAS ANAL\u00d3GICAS:<\/p>\n<p>Conecte interfaces de audio, mezcladores, tocadiscos y otros dispositivos de reproducci\u00f3n con conectores TRS, RCA y de 3.5 mm.<\/p>\n<p>SALIDA DE AURICULARES:<\/p>\n<p>Cambie a una escucha silenciosa con la salida de auriculares integrada: s\u00f3lo tiene que conectar sus auriculares para cortar el audio del altavoz.<\/p>\n<p>ESPECIFICACIONES:<\/p>\n<p>Rango de frecuencia: 60 Hz \u2013 20 kHz<\/p>\n<p>Pico SPL m\u00e1ximo: 100 dB<\/p>\n<p>Potencia total del sistema: 50W RMS<\/p>\n<p>Punto de cruce: 3.0 kHz<\/p>\n<p>Tipo de entrada: Hembra de 1\/4\u00bb balanceada-no balanceada \/ RCA no balanceada \/ 1\/8\u00bb no balanceada<\/p>\n<p>Bluetooth 5.0: Streaming de audio<\/p>\n<p>Requisitos de alimentaci\u00f3n: 100V-240V~, 50-60 Hz, 60W<\/p>\n<p>Tama\u00f1o ( Al \u00d7 An \u00d7 P): 8.1 \u00d7 5.5 \u00d7 7.1 pul. \/ 206 \u00d7 140 \u00d7 180 mm<\/p>\n<p>Peso: 8.1 lb\/ 3.7 kg<\/p>\n<p>CONTENIDO DE LA CAJA:<\/p>\n<p>Monitores CR3.5BT<\/p>\n<p>Cable de 1\/8\u201d<br \/>\nCable de 1\/8\u00bb a RCA<\/p>\n<p>Cables de altavoz<\/p>\n<p>Cable de alimentaci\u00f3n<\/p>\n<p>Pies de espuma adhesivos<\/p>\n<p>Gu\u00eda de arranque r\u00e1pido<\/p>\n<\/div>\n<\/section>\n<\/div>\n<\/div>\n<div class=\"hidden-print\"><\/div>\n<\/div>\n<\/div>\n<\/div>\n<\/div>\n<div class=\"footer-top container\">\n<div id=\"manucarousel\" class=\"block\">\n<h3 class=\"title_carousel\"><\/h3>\n<div id=\"manufacturers\" class=\"owl-carousel owl-theme\">\n<div class=\"owl-wrapper-outer\">\n<div class=\"owl-wrapper\">\n<div class=\"owl-item\"><\/div>\n<\/div>\n<\/div>\n<\/div>\n<\/div>\n<\/div>\n","protected":false},"excerpt":{"rendered":"<p><img loading=\"lazy\" decoding=\"async\" class=\"alignnone size-medium wp-image-9178\" src=\"https:\/\/www.musicalmollet.com\/wp-content\/uploads\/Monitores-Mackie-CR3-5BT-trasera-300x300.jpg\" alt=\"\" width=\"300\" height=\"300\" srcset=\"https:\/\/www.musicalmollet.com\/wp-content\/uploads\/Monitores-Mackie-CR3-5BT-trasera-300x300.jpg 300w, https:\/\/www.musicalmollet.com\/wp-content\/uploads\/Monitores-Mackie-CR3-5BT-trasera-150x150.jpg 150w, https:\/\/www.musicalmollet.com\/wp-content\/uploads\/Monitores-Mackie-CR3-5BT-trasera-100x100.jpg 100w, https:\/\/www.musicalmollet.com\/wp-content\/uploads\/Monitores-Mackie-CR3-5BT-trasera.jpg 458w\" sizes=\"auto, (max-width: 300px) 100vw, 300px\" \/><\/p>\n","protected":false},"featured_media":9179,"comment_status":"closed","ping_status":"closed","template":"","meta":{"om_disable_all_campaigns":false},"product_cat":[312],"product_tag":[175],"class_list":["post-9177","product","type-product","status-publish","has-post-thumbnail","hentry","product_cat-monitores","product_tag-columnas"],"aioseo_notices":[],"_links":{"self":[{"href":"https:\/\/www.musicalmollet.com\/index.php\/wp-json\/wp\/v2\/product\/9177","targetHints":{"allow":["GET"]}}],"collection":[{"href":"https:\/\/www.musicalmollet.com\/index.php\/wp-json\/wp\/v2\/product"}],"about":[{"href":"https:\/\/www.musicalmollet.com\/index.php\/wp-json\/wp\/v2\/types\/product"}],"replies":[{"embeddable":true,"href":"https:\/\/www.musicalmollet.com\/index.php\/wp-json\/wp\/v2\/comments?post=9177"}],"wp:featuredmedia":[{"embeddable":true,"href":"https:\/\/www.musicalmollet.com\/index.php\/wp-json\/wp\/v2\/media\/9179"}],"wp:attachment":[{"href":"https:\/\/www.musicalmollet.com\/index.php\/wp-json\/wp\/v2\/media?parent=9177"}],"wp:term":[{"taxonomy":"product_cat","embeddable":true,"href":"https:\/\/www.musicalmollet.com\/index.php\/wp-json\/wp\/v2\/product_cat?post=9177"},{"taxonomy":"product_tag","embeddable":true,"href":"https:\/\/www.musicalmollet.com\/index.php\/wp-json\/wp\/v2\/product_tag?post=9177"}],"curies":[{"name":"wp","href":"https:\/\/api.w.org\/{rel}","templated":true}]}}