{"id":9180,"date":"2025-06-13T12:49:08","date_gmt":"2025-06-13T10:49:08","guid":{"rendered":"https:\/\/www.musicalmollet.com\/?post_type=product&#038;p=9180"},"modified":"2025-06-13T12:49:08","modified_gmt":"2025-06-13T10:49:08","slug":"guitarra-acustica-tanglewood-azure-ambar","status":"publish","type":"product","link":"https:\/\/www.musicalmollet.com\/index.php\/producto\/guitarra-acustica-tanglewood-azure-ambar\/","title":{"rendered":"Guitarra Acustica Tanglewood Azure \u00c1mbar"},"content":{"rendered":"<div class=\"product attribute description description2\">\n<div class=\"value\">\n<p><strong>TA4CEHN<\/strong><\/p>\n<p><strong>Tapa<\/strong>: Fresno veteado.<\/p>\n<p><strong>Fondo y Aros<\/strong>: Arce.<\/p>\n<p><strong>M\u00e1stil<\/strong>: Nato.<\/p>\n<p><strong>Diapas\u00f3n y puente<\/strong>: Purple Heart.<\/p>\n<p><strong>Clavijeros<\/strong>: Cromados.<\/p>\n<p><strong>EQ<\/strong>: TW Premium Plus.<\/p>\n<p><strong>Cuerdas<\/strong>: Phosphor Bronze.<\/p>\n<p><strong>Acabado<\/strong>: \u00c1mbar\u00a0brillo.<\/p>\n<\/div>\n<\/div>\n<div id=\"shoppinglist-product-list\" class=\"wk-shoppinglist-product-container\" data-bind=\"scope:'shoppinglist-product-field'\">\n<div class=\"pull-right pinned-dropdown\">\n<div class=\"btn-group btn-group--flex\"><\/div>\n<\/div>\n<\/div>\n<div class=\"product-info-main\">\n<div id=\"shoppinglist-product-list\" class=\"wk-shoppinglist-product-container\" data-bind=\"scope:'shoppinglist-product-field'\">\n<div class=\"pull-right pinned-dropdown\">\n<div class=\"btn-group btn-group--flex\"><\/div>\n<\/div>\n<\/div>\n<div class=\"product-social-links\">\n<div class=\"product-addto-links\" data-role=\"add-to-links\"><\/div>\n<\/div>\n<\/div>\n<div class=\"clearer\"><\/div>\n<div class=\"product info detailed  \">\n<div class=\"product data items \" role=\"tablist\">\n<div id=\"tab-label-catalog.product.related2\" class=\"data item title active\" tabindex=\"0\" role=\"tab\" aria-labeledby=\"tab-label-catalog.product.related2-title\" data-role=\"collapsible\" data-collapsible=\"true\" aria-controls=\"catalog.product.related2\" aria-selected=\"false\" aria-expanded=\"true\"><\/div>\n<\/div>\n<\/div>\n","protected":false},"excerpt":{"rendered":"<p>TA4CEHN Tapa: Fresno veteado. Fondo y Aros: Arce. M\u00e1stil: Nato. Diapas\u00f3n y puente: Purple Heart. Clavijeros: Cromados. EQ: TW Premium Plus. Cuerdas: Phosphor Bronze. Acabado: \u00c1mbar\u00a0brillo.<\/p>\n","protected":false},"featured_media":9181,"comment_status":"closed","ping_status":"closed","template":"","meta":{"om_disable_all_campaigns":false},"product_cat":[41],"product_tag":[284],"class_list":["post-9180","product","type-product","status-publish","has-post-thumbnail","hentry","product_cat-guitarras-acusticas","product_tag-guitarra-acustica"],"aioseo_notices":[],"_links":{"self":[{"href":"https:\/\/www.musicalmollet.com\/index.php\/wp-json\/wp\/v2\/product\/9180","targetHints":{"allow":["GET"]}}],"collection":[{"href":"https:\/\/www.musicalmollet.com\/index.php\/wp-json\/wp\/v2\/product"}],"about":[{"href":"https:\/\/www.musicalmollet.com\/index.php\/wp-json\/wp\/v2\/types\/product"}],"replies":[{"embeddable":true,"href":"https:\/\/www.musicalmollet.com\/index.php\/wp-json\/wp\/v2\/comments?post=9180"}],"wp:featuredmedia":[{"embeddable":true,"href":"https:\/\/www.musicalmollet.com\/index.php\/wp-json\/wp\/v2\/media\/9181"}],"wp:attachment":[{"href":"https:\/\/www.musicalmollet.com\/index.php\/wp-json\/wp\/v2\/media?parent=9180"}],"wp:term":[{"taxonomy":"product_cat","embeddable":true,"href":"https:\/\/www.musicalmollet.com\/index.php\/wp-json\/wp\/v2\/product_cat?post=9180"},{"taxonomy":"product_tag","embeddable":true,"href":"https:\/\/www.musicalmollet.com\/index.php\/wp-json\/wp\/v2\/product_tag?post=9180"}],"curies":[{"name":"wp","href":"https:\/\/api.w.org\/{rel}","templated":true}]}}