{"id":9193,"date":"2025-12-04T12:51:29","date_gmt":"2025-12-04T11:51:29","guid":{"rendered":"https:\/\/www.musicalmollet.com\/?post_type=product&#038;p=9193"},"modified":"2025-12-04T13:09:35","modified_gmt":"2025-12-04T12:09:35","slug":"teclado-medeli-61-teclas-mk61","status":"publish","type":"product","link":"https:\/\/www.musicalmollet.com\/index.php\/producto\/teclado-medeli-61-teclas-mk61\/","title":{"rendered":"Teclado Medeli 61 teclas MK61"},"content":{"rendered":"<div class=\"product attribute description description2\">\n<div class=\"value\">\n<p><strong>MK61<\/strong><\/p>\n<p><strong>Teclado elemental, 61 teclas sensibles al tacto (PSTK), 2 x 2,5 vatios<\/strong><\/p>\n<p>Presentamos el Medeli MK61, una combinaci\u00f3n perfecta de asequibilidad y funcionalidad para los entusiastas de la m\u00fasica que se inician en el mundo de los teclados o que buscan un instrumento econ\u00f3mico. El MK61 ampl\u00eda el alcance de la l\u00ednea de teclados Medeli, ofreciendo un paso adelante en caracter\u00edsticas y facilidad de interpretaci\u00f3n respecto a sus predecesores, el MK37 y el MK49, sin comprometer la promesa de presupuesto asequible que define a la serie.<\/p>\n<p>Con sus 61 teclas sensibles al tacto, el MK61 ofrece un mayor alcance y una sensaci\u00f3n t\u00e1ctil que lo distinguen de sus hermanos peque\u00f1os. Este teclado no s\u00f3lo ampl\u00eda el lienzo musical, sino que tambi\u00e9n garantiza una experiencia de interpretaci\u00f3n atractiva y din\u00e1mica.<\/p>\n<p>M\u00e1s all\u00e1 del n\u00famero de teclas, el MK61 cuenta con una impresionante gama de 450 sonidos y 150 estilos. Sus altavoces duales de 12 cm ofrecen un sonido m\u00e1s completo y rico, garantizando que cada nota y acorde se escuche con una calidad clara y detallada.<\/p>\n<p>Un rasgo distintivo del MK61 es su Sistema Ac\u00fastico Din\u00e1mico (D.A.S.), una sofisticada funci\u00f3n de optimizaci\u00f3n de la calidad del sonido que adapta el volumen a la audici\u00f3n humana, garantizando que la salida principal sea siempre la mejor. Este innovador sistema permite a los m\u00fasicos experimentar la verdadera profundidad y los matices de su m\u00fasica, con la opci\u00f3n de desactivar esta funci\u00f3n para quienes prefieren su sonido sin alteraciones.<\/p>\n<p><strong>Especificaciones<\/strong><\/p>\n<p>Teclado: 61 teclas (teclas sensibles al tacto con forma de piano PSTK)<br \/>\nPantalla: LCD retroiluminada<br \/>\nPolifon\u00eda m\u00e1xima: 32<br \/>\nSonidos \/ Voces: 450<br \/>\nEstilo: 150<br \/>\nBiblioteca musical: 120 canciones, sistema Music Tutorial<br \/>\nAmplificador: 2 x 2,5 vatios<br \/>\nAltavoz: 2 x 12 cm<br \/>\nDimensiones: 916 x 305 x 92 mm<br \/>\nPeso: 3,5 kg<br \/>\nAlimentaci\u00f3n: DC 12V, 6 x pilas AA<br \/>\nConexiones: 1 x USB-B (MIDI y audio), toma de auriculares (1 x 1\/8&#8243;), pedal (sustain)<br \/>\nControl de estilo: Start \/ Stop, Sync Start, Intro \/ Ending, A \/ B (A \/ B fill), Chord mode, Fade in\/out<br \/>\nChord Type: 32<br \/>\nReverberaci\u00f3n: 10 niveles<br \/>\nEfecto: D.A.S.<br \/>\nSecuenciador: 1 canci\u00f3n de usuario<br \/>\nAjuste de tono: Transposici\u00f3n, Octava, Afinaci\u00f3n<br \/>\nMetr\u00f3nomo: 0, 2-16<br \/>\nTempo: 5-320, Tap tempo<br \/>\nOtros controles: Sensible al tacto, Sustain, Modo altavoz<\/p>\n<p><strong>Accesorios incluidos<\/strong>: fuente de alimentaci\u00f3n, atril, manual.<\/p>\n<\/div>\n<\/div>\n<div id=\"shoppinglist-product-list\" class=\"wk-shoppinglist-product-container\" data-bind=\"scope:'shoppinglist-product-field'\">\n<div class=\"pull-right pinned-dropdown\">\n<div class=\"btn-group btn-group--flex\"><\/div>\n<\/div>\n<\/div>\n<div class=\"product-info-main\">\n<div id=\"shoppinglist-product-list\" class=\"wk-shoppinglist-product-container\" data-bind=\"scope:'shoppinglist-product-field'\">\n<div class=\"pull-right pinned-dropdown\">\n<div class=\"btn-group btn-group--flex\"><\/div>\n<\/div>\n<\/div>\n<div class=\"product-social-links\">\n<div class=\"product-addto-links\" data-role=\"add-to-links\"><\/div>\n<\/div>\n<\/div>\n<div class=\"clearer\"><\/div>\n<div class=\"product info detailed  \">\n<div class=\"product data items \" role=\"tablist\">\n<div id=\"tab-label-catalog.product.related2\" class=\"data item title active\" tabindex=\"0\" role=\"tab\" aria-labeledby=\"tab-label-catalog.product.related2-title\" data-role=\"collapsible\" data-collapsible=\"true\" aria-controls=\"catalog.product.related2\" aria-selected=\"false\" aria-expanded=\"true\"><\/div>\n<\/div>\n<\/div>\n","protected":false},"excerpt":{"rendered":"<p>MK61 Teclado elemental, 61 teclas sensibles al tacto (PSTK), 2 x 2,5 vatios Presentamos el Medeli MK61, una combinaci\u00f3n perfecta de asequibilidad y funcionalidad para los entusiastas de la m\u00fasica que se inician en el mundo de los teclados o que buscan un instrumento econ\u00f3mico. El MK61 ampl\u00eda el alcance de la l\u00ednea de teclados [&hellip;]<\/p>\n","protected":false},"featured_media":9194,"comment_status":"closed","ping_status":"closed","template":"","meta":{"om_disable_all_campaigns":false},"product_cat":[368],"product_tag":[550],"class_list":["post-9193","product","type-product","status-publish","has-post-thumbnail","hentry","product_cat-pianos-teclados-y-acordeones","product_tag-pianos-y-teclados"],"aioseo_notices":[],"_links":{"self":[{"href":"https:\/\/www.musicalmollet.com\/index.php\/wp-json\/wp\/v2\/product\/9193","targetHints":{"allow":["GET"]}}],"collection":[{"href":"https:\/\/www.musicalmollet.com\/index.php\/wp-json\/wp\/v2\/product"}],"about":[{"href":"https:\/\/www.musicalmollet.com\/index.php\/wp-json\/wp\/v2\/types\/product"}],"replies":[{"embeddable":true,"href":"https:\/\/www.musicalmollet.com\/index.php\/wp-json\/wp\/v2\/comments?post=9193"}],"wp:featuredmedia":[{"embeddable":true,"href":"https:\/\/www.musicalmollet.com\/index.php\/wp-json\/wp\/v2\/media\/9194"}],"wp:attachment":[{"href":"https:\/\/www.musicalmollet.com\/index.php\/wp-json\/wp\/v2\/media?parent=9193"}],"wp:term":[{"taxonomy":"product_cat","embeddable":true,"href":"https:\/\/www.musicalmollet.com\/index.php\/wp-json\/wp\/v2\/product_cat?post=9193"},{"taxonomy":"product_tag","embeddable":true,"href":"https:\/\/www.musicalmollet.com\/index.php\/wp-json\/wp\/v2\/product_tag?post=9193"}],"curies":[{"name":"wp","href":"https:\/\/api.w.org\/{rel}","templated":true}]}}