{"id":9249,"date":"2025-07-17T19:27:39","date_gmt":"2025-07-17T17:27:39","guid":{"rendered":"https:\/\/www.musicalmollet.com\/?post_type=product&#038;p=9249"},"modified":"2025-07-17T19:27:40","modified_gmt":"2025-07-17T17:27:40","slug":"tongue-drum-verde-11-notas-10","status":"publish","type":"product","link":"https:\/\/www.musicalmollet.com\/index.php\/producto\/tongue-drum-verde-11-notas-10\/","title":{"rendered":"Tongue Drum verde 11 notas-10"},"content":{"rendered":"<div class=\"product attribute description description2\">\n<div class=\"value\">\n<p><strong>TD10GR<\/strong><\/p>\n<p><strong>TONGUE DRUM<\/strong><\/p>\n<p>Sonidos puros y refinados.<\/p>\n<p>Mayor proyecci\u00f3n y sustain.<\/p>\n<p><strong>NOTAS: ESCALA DIAT\u00d3NICA DE DO MAYOR (SOL3 &#8211; DO5).<\/strong><\/p>\n<p>Di\u00e1metro: 26 cm.<\/p>\n<p>Altura: 13,5 cm.<\/p>\n<p><strong>Accesorios incluidos<\/strong>:<\/p>\n<p>Mazas, soporte para mazas, p\u00faas para los dedos y estuche semi r\u00edgido de EVA.<\/p>\n<\/div>\n<\/div>\n","protected":false},"excerpt":{"rendered":"<p>TD10GR TONGUE DRUM Sonidos puros y refinados. Mayor proyecci\u00f3n y sustain. NOTAS: ESCALA DIAT\u00d3NICA DE DO MAYOR (SOL3 &#8211; DO5). Di\u00e1metro: 26 cm. Altura: 13,5 cm. Accesorios incluidos: Mazas, soporte para mazas, p\u00faas para los dedos y estuche semi r\u00edgido de EVA.<\/p>\n","protected":false},"featured_media":9250,"comment_status":"closed","ping_status":"closed","template":"","meta":{"om_disable_all_campaigns":false},"product_cat":[551],"product_tag":[193],"class_list":["post-9249","product","type-product","status-publish","has-post-thumbnail","hentry","product_cat-tongue","product_tag-percusion"],"aioseo_notices":[],"_links":{"self":[{"href":"https:\/\/www.musicalmollet.com\/index.php\/wp-json\/wp\/v2\/product\/9249","targetHints":{"allow":["GET"]}}],"collection":[{"href":"https:\/\/www.musicalmollet.com\/index.php\/wp-json\/wp\/v2\/product"}],"about":[{"href":"https:\/\/www.musicalmollet.com\/index.php\/wp-json\/wp\/v2\/types\/product"}],"replies":[{"embeddable":true,"href":"https:\/\/www.musicalmollet.com\/index.php\/wp-json\/wp\/v2\/comments?post=9249"}],"wp:featuredmedia":[{"embeddable":true,"href":"https:\/\/www.musicalmollet.com\/index.php\/wp-json\/wp\/v2\/media\/9250"}],"wp:attachment":[{"href":"https:\/\/www.musicalmollet.com\/index.php\/wp-json\/wp\/v2\/media?parent=9249"}],"wp:term":[{"taxonomy":"product_cat","embeddable":true,"href":"https:\/\/www.musicalmollet.com\/index.php\/wp-json\/wp\/v2\/product_cat?post=9249"},{"taxonomy":"product_tag","embeddable":true,"href":"https:\/\/www.musicalmollet.com\/index.php\/wp-json\/wp\/v2\/product_tag?post=9249"}],"curies":[{"name":"wp","href":"https:\/\/api.w.org\/{rel}","templated":true}]}}