{"id":9253,"date":"2025-07-18T11:18:11","date_gmt":"2025-07-18T09:18:11","guid":{"rendered":"https:\/\/www.musicalmollet.com\/?post_type=product&#038;p=9253"},"modified":"2025-07-18T11:18:11","modified_gmt":"2025-07-18T09:18:11","slug":"pie-de-plato-recto-yamaha-cs660a","status":"publish","type":"product","link":"https:\/\/www.musicalmollet.com\/index.php\/producto\/pie-de-plato-recto-yamaha-cs660a\/","title":{"rendered":"Pie de plato recto Yamaha CS660A"},"content":{"rendered":"<div class=\"information expandable-section \">\n<div class=\"title\">Informaci\u00f3n<\/p>\n<div class=\"icon\"><\/div>\n<\/div>\n<div class=\"content\">\n<p><strong>Pie de plato CS660A<\/strong> de <strong>Yamaha <\/strong>es un soporte de alta calidad, indispensable para la composici\u00f3n de una bater\u00eda ac\u00fastica.<\/p>\n<h2>Caracter\u00edsticas del pie de plato CS660A<\/h2>\n<ul>\n<li><strong>Ajustable en altura<\/strong> de 63 a 146 cm.<\/li>\n<li><strong>3 patas<\/strong> dobles.<\/li>\n<li><strong>Mecanismo de inclinaci\u00f3n<\/strong> lateral.<\/li>\n<\/ul>\n<p>El <strong>pie de plato CS660A<\/strong> de <strong>Yamaha<\/strong> brinda la posibilidad de configurar la altura e inclinaci\u00f3n para ofrecer una disposici\u00f3n del plato c\u00f3moda y adecuada para la postura espec\u00edfica de cada percusionista. Sus 3 patas de doble estribo otorgan estabilidad y agarre en la base, lo que permite una ejecuci\u00f3n confiable y fluida sin importar el g\u00e9nero musical, sin movimientos indeseados o ca\u00eddas de plato inesperadas.<\/p>\n<\/div>\n<\/div>\n","protected":false},"excerpt":{"rendered":"<p>Informaci\u00f3n Pie de plato CS660A de Yamaha es un soporte de alta calidad, indispensable para la composici\u00f3n de una bater\u00eda ac\u00fastica. Caracter\u00edsticas del pie de plato CS660A Ajustable en altura de 63 a 146 cm. 3 patas dobles. Mecanismo de inclinaci\u00f3n lateral. El pie de plato CS660A de Yamaha brinda la posibilidad de configurar la [&hellip;]<\/p>\n","protected":false},"featured_media":9254,"comment_status":"closed","ping_status":"closed","template":"","meta":{"om_disable_all_campaigns":false},"product_cat":[304],"product_tag":[376],"class_list":["post-9253","product","type-product","status-publish","has-post-thumbnail","hentry","product_cat-pies-de-plato","product_tag-soporte-plato"],"aioseo_notices":[],"_links":{"self":[{"href":"https:\/\/www.musicalmollet.com\/index.php\/wp-json\/wp\/v2\/product\/9253","targetHints":{"allow":["GET"]}}],"collection":[{"href":"https:\/\/www.musicalmollet.com\/index.php\/wp-json\/wp\/v2\/product"}],"about":[{"href":"https:\/\/www.musicalmollet.com\/index.php\/wp-json\/wp\/v2\/types\/product"}],"replies":[{"embeddable":true,"href":"https:\/\/www.musicalmollet.com\/index.php\/wp-json\/wp\/v2\/comments?post=9253"}],"wp:featuredmedia":[{"embeddable":true,"href":"https:\/\/www.musicalmollet.com\/index.php\/wp-json\/wp\/v2\/media\/9254"}],"wp:attachment":[{"href":"https:\/\/www.musicalmollet.com\/index.php\/wp-json\/wp\/v2\/media?parent=9253"}],"wp:term":[{"taxonomy":"product_cat","embeddable":true,"href":"https:\/\/www.musicalmollet.com\/index.php\/wp-json\/wp\/v2\/product_cat?post=9253"},{"taxonomy":"product_tag","embeddable":true,"href":"https:\/\/www.musicalmollet.com\/index.php\/wp-json\/wp\/v2\/product_tag?post=9253"}],"curies":[{"name":"wp","href":"https:\/\/api.w.org\/{rel}","templated":true}]}}