{"id":9265,"date":"2025-07-22T11:26:16","date_gmt":"2025-07-22T09:26:16","guid":{"rendered":"https:\/\/www.musicalmollet.com\/?post_type=product&#038;p=9265"},"modified":"2025-07-22T11:26:16","modified_gmt":"2025-07-22T09:26:16","slug":"silbato-arbitro-acme-595","status":"publish","type":"product","link":"https:\/\/www.musicalmollet.com\/index.php\/producto\/silbato-arbitro-acme-595\/","title":{"rendered":"Silbato Arbitro Acme 59,5"},"content":{"rendered":"<p><strong>Acme 59.5 Silbato Arbitro Met\u00e1lico<\/p>\n<p><\/strong>Silbato ACME 59.5 Arbitro. Lat\u00f3n macizo acabado plateado. Tama\u00f1o mediano. Sonido potente y profundo, recomendado para policias y se\u00f1alizaci\u00f3n. Peso: 30gr. Ideal como silbato, el peque\u00f1o Acme tiene un guisante veloz y resistente al agua que trabaja perfectamente en condiciones de lluvia y humedad. Tiene una boquilla grande y cuadrada, con un tono medio. Su f\u00e1cil soplido ofrece una respuesta instant\u00e1nea.<\/p>\n","protected":false},"excerpt":{"rendered":"<p>Acme 59.5 Silbato Arbitro Met\u00e1lico Silbato ACME 59.5 Arbitro. Lat\u00f3n macizo acabado plateado. Tama\u00f1o mediano. Sonido potente y profundo, recomendado para policias y se\u00f1alizaci\u00f3n. Peso: 30gr. Ideal como silbato, el peque\u00f1o Acme tiene un guisante veloz y resistente al agua que trabaja perfectamente en condiciones de lluvia y humedad. Tiene una boquilla grande y cuadrada, [&hellip;]<\/p>\n","protected":false},"featured_media":9266,"comment_status":"closed","ping_status":"closed","template":"","meta":{"om_disable_all_campaigns":false},"product_cat":[471],"product_tag":[292],"class_list":["post-9265","product","type-product","status-publish","has-post-thumbnail","hentry","product_cat-accesorios-instrumentos-viento","product_tag-instrumentos-de-viento"],"aioseo_notices":[],"_links":{"self":[{"href":"https:\/\/www.musicalmollet.com\/index.php\/wp-json\/wp\/v2\/product\/9265","targetHints":{"allow":["GET"]}}],"collection":[{"href":"https:\/\/www.musicalmollet.com\/index.php\/wp-json\/wp\/v2\/product"}],"about":[{"href":"https:\/\/www.musicalmollet.com\/index.php\/wp-json\/wp\/v2\/types\/product"}],"replies":[{"embeddable":true,"href":"https:\/\/www.musicalmollet.com\/index.php\/wp-json\/wp\/v2\/comments?post=9265"}],"wp:featuredmedia":[{"embeddable":true,"href":"https:\/\/www.musicalmollet.com\/index.php\/wp-json\/wp\/v2\/media\/9266"}],"wp:attachment":[{"href":"https:\/\/www.musicalmollet.com\/index.php\/wp-json\/wp\/v2\/media?parent=9265"}],"wp:term":[{"taxonomy":"product_cat","embeddable":true,"href":"https:\/\/www.musicalmollet.com\/index.php\/wp-json\/wp\/v2\/product_cat?post=9265"},{"taxonomy":"product_tag","embeddable":true,"href":"https:\/\/www.musicalmollet.com\/index.php\/wp-json\/wp\/v2\/product_tag?post=9265"}],"curies":[{"name":"wp","href":"https:\/\/api.w.org\/{rel}","templated":true}]}}