{"id":9310,"date":"2025-08-08T13:00:10","date_gmt":"2025-08-08T11:00:10","guid":{"rendered":"https:\/\/www.musicalmollet.com\/?post_type=product&#038;p=9310"},"modified":"2025-08-08T13:00:10","modified_gmt":"2025-08-08T11:00:10","slug":"guitarra-marktinez-custom","status":"publish","type":"product","link":"https:\/\/www.musicalmollet.com\/index.php\/producto\/guitarra-marktinez-custom\/","title":{"rendered":"Guitarra Marktinez Custom"},"content":{"rendered":"<p>Cuerpo s\u00f3lido con un nuevo dise\u00f1o.<br \/>\nDisponible en negro.<br \/>\n22 Trastes.<br \/>\n6 clavijas en paralelo, protegidas.<br \/>\nPosici\u00f3n ergon\u00f3mica de clavijas.<br \/>\nDos pastillas dobles de bobina simple.<br \/>\nSelector de 5 posiciones.<br \/>\nControles de tono y volumen general.<\/p>\n","protected":false},"excerpt":{"rendered":"<p>Cuerpo s\u00f3lido con un nuevo dise\u00f1o. Disponible en negro. 22 Trastes. 6 clavijas en paralelo, protegidas. Posici\u00f3n ergon\u00f3mica de clavijas. Dos pastillas dobles de bobina simple. Selector de 5 posiciones. Controles de tono y volumen general.<\/p>\n","protected":false},"featured_media":9313,"comment_status":"closed","ping_status":"closed","template":"","meta":{"om_disable_all_campaigns":false},"product_cat":[43],"product_tag":[71],"class_list":["post-9310","product","type-product","status-publish","has-post-thumbnail","hentry","product_cat-guitarra-electrica","product_tag-guitarra"],"aioseo_notices":[],"_links":{"self":[{"href":"https:\/\/www.musicalmollet.com\/index.php\/wp-json\/wp\/v2\/product\/9310","targetHints":{"allow":["GET"]}}],"collection":[{"href":"https:\/\/www.musicalmollet.com\/index.php\/wp-json\/wp\/v2\/product"}],"about":[{"href":"https:\/\/www.musicalmollet.com\/index.php\/wp-json\/wp\/v2\/types\/product"}],"replies":[{"embeddable":true,"href":"https:\/\/www.musicalmollet.com\/index.php\/wp-json\/wp\/v2\/comments?post=9310"}],"wp:featuredmedia":[{"embeddable":true,"href":"https:\/\/www.musicalmollet.com\/index.php\/wp-json\/wp\/v2\/media\/9313"}],"wp:attachment":[{"href":"https:\/\/www.musicalmollet.com\/index.php\/wp-json\/wp\/v2\/media?parent=9310"}],"wp:term":[{"taxonomy":"product_cat","embeddable":true,"href":"https:\/\/www.musicalmollet.com\/index.php\/wp-json\/wp\/v2\/product_cat?post=9310"},{"taxonomy":"product_tag","embeddable":true,"href":"https:\/\/www.musicalmollet.com\/index.php\/wp-json\/wp\/v2\/product_tag?post=9310"}],"curies":[{"name":"wp","href":"https:\/\/api.w.org\/{rel}","templated":true}]}}