{"id":9315,"date":"2025-08-08T18:23:41","date_gmt":"2025-08-08T16:23:41","guid":{"rendered":"https:\/\/www.musicalmollet.com\/?post_type=product&#038;p=9315"},"modified":"2025-08-08T18:23:42","modified_gmt":"2025-08-08T16:23:42","slug":"guitarra-electroacustica-marktinez-m100nam","status":"publish","type":"product","link":"https:\/\/www.musicalmollet.com\/index.php\/producto\/guitarra-electroacustica-marktinez-m100nam\/","title":{"rendered":"Guitarra Electroac\u00fastica Marktinez M100NAM"},"content":{"rendered":"<div class=\"col-md-9\">\n<div class=\"row\">\n<div class=\"col-md-12\">\n<p>20 Trastes<\/p>\n<p>Tapa s\u00f3lida de cedro.<\/p>\n<p>Colores natural y negro.<\/p>\n<p>Construcci\u00f3n tradicional interna en X.<\/p>\n<p>Tapa trasera, laterales y m\u00e1stil color caoba.<\/p>\n<p>Ribete de madera real alrededor del cuerpo y m\u00e1stil.<\/p>\n<p>Alma con ajuste de doble acci\u00f3n.<\/p>\n<p>Diapas\u00f3n palosanto.<\/p>\n<p>Patines de puente compensados.<\/p>\n<p>Ecualizador con micr\u00f3fono piezoel\u00e9ctrico.<\/p>\n<p>Herrajes cromados.<\/p>\n<p>Ecualizador de 4 bandas: Graves, medios, agudos y presencia.<\/p>\n<p>Control de volumen.<\/p>\n<p>Micr\u00f3fono piezoel\u00e9ctrico cer\u00e1mico.<\/p>\n<p>Indicador de estado de la bater\u00eda.<\/p>\n<p>Impedancia de entrada: 2.2. Mohms.<\/p>\n<p>Respuesta de frecuencia: 20 Hz-20Hz.<\/p>\n<p>Alimentaci\u00f3n: Bater\u00eda de 9V.<\/p>\n<p>&nbsp;<\/p>\n<\/div>\n<\/div>\n<div class=\"row\">\n<div class=\"col-md-12\">\n<div id=\"section3\" class=\"tabs nomargin-top nomargin-bottom productpage-tabs\">\n<h4>Caracter\u00edsticas<\/h4>\n<ul class=\"mainFeatures\">\n<li>20 Trastes<\/li>\n<li>Diapas\u00f3n palosanto.<\/li>\n<li>Ecualizador con micr\u00f3fono piezoel\u00e9ctrico.<\/li>\n<li>Alimentaci\u00f3n: Bater\u00eda de 9V.<\/li>\n<\/ul>\n<div class=\"tab-content transparent\">\n<div id=\"techData\" class=\"tab-pane active\">\n<\/div>\n<\/div>\n<\/div>\n<\/div>\n<\/div>\n<div class=\"row\">\n<div class=\"col-md-12\"><\/div>\n<\/div>\n<\/div>\n<div id=\"buyZoneContainer\" class=\"col-md-3\"><\/div>\n","protected":false},"excerpt":{"rendered":"<h5>!!ATENCION!! Solo 1 Unidad<\/h5>\n","protected":false},"featured_media":9316,"comment_status":"closed","ping_status":"closed","template":"","meta":{"om_disable_all_campaigns":false},"product_cat":[41],"product_tag":[71],"class_list":["post-9315","product","type-product","status-publish","has-post-thumbnail","hentry","product_cat-guitarras-acusticas","product_tag-guitarra"],"aioseo_notices":[],"_links":{"self":[{"href":"https:\/\/www.musicalmollet.com\/index.php\/wp-json\/wp\/v2\/product\/9315","targetHints":{"allow":["GET"]}}],"collection":[{"href":"https:\/\/www.musicalmollet.com\/index.php\/wp-json\/wp\/v2\/product"}],"about":[{"href":"https:\/\/www.musicalmollet.com\/index.php\/wp-json\/wp\/v2\/types\/product"}],"replies":[{"embeddable":true,"href":"https:\/\/www.musicalmollet.com\/index.php\/wp-json\/wp\/v2\/comments?post=9315"}],"wp:featuredmedia":[{"embeddable":true,"href":"https:\/\/www.musicalmollet.com\/index.php\/wp-json\/wp\/v2\/media\/9316"}],"wp:attachment":[{"href":"https:\/\/www.musicalmollet.com\/index.php\/wp-json\/wp\/v2\/media?parent=9315"}],"wp:term":[{"taxonomy":"product_cat","embeddable":true,"href":"https:\/\/www.musicalmollet.com\/index.php\/wp-json\/wp\/v2\/product_cat?post=9315"},{"taxonomy":"product_tag","embeddable":true,"href":"https:\/\/www.musicalmollet.com\/index.php\/wp-json\/wp\/v2\/product_tag?post=9315"}],"curies":[{"name":"wp","href":"https:\/\/api.w.org\/{rel}","templated":true}]}}