{"id":9372,"date":"2025-11-12T13:20:26","date_gmt":"2025-11-12T12:20:26","guid":{"rendered":"https:\/\/www.musicalmollet.com\/?post_type=product&#038;p=9372"},"modified":"2025-11-12T20:07:19","modified_gmt":"2025-11-12T19:07:19","slug":"lecciones-de-piano-libro-2-incluye-accesos-a-audio-y-midi","status":"publish","type":"product","link":"https:\/\/www.musicalmollet.com\/index.php\/producto\/lecciones-de-piano-libro-2-incluye-accesos-a-audio-y-midi\/","title":{"rendered":"Lecciones de Piano Libro 2 (incluye accesos a Audio y Midi"},"content":{"rendered":"<p>Descripci\u00f3nEl tutorial de piano en espa\u00f1ol contin\u00faa. Este libro introduce al estudiante de piano en un n\u00famero de nuevas t\u00e9cnicas musicales y detalles te\u00f3ricos que incluyen: * Intervalos &#8211; Cuartas y quintas * Din\u00e1micas ritardandoCada disciplina se introduce a trav\u00e9s de una corta pieza para ser tocada con el acompa\u00f1amiento que se proporciona, y el libro est\u00e1 acabado con divertidasy coloridas ilustraciones. Incluso tiene un diploma al final.A Dormir Abejas No! Acuarelas Allegro Andantino Baile \u00b4Country\u00b4 Baile En Circulo Big&#8230;<\/p>\n","protected":false},"excerpt":{"rendered":"<p>Descripci\u00f3nEl tutorial de piano en espa\u00f1ol contin\u00faa. Este libro introduce al estudiante de piano en un n\u00famero de nuevas t\u00e9cnicas musicales y detalles te\u00f3ricos que incluyen: * Intervalos &#8211; Cuartas y quintas * Din\u00e1micas ritardandoCada disciplina se introduce a trav\u00e9s de una corta pieza para ser tocada con el acompa\u00f1amiento que se proporciona, y el [&hellip;]<\/p>\n","protected":false},"featured_media":9373,"comment_status":"closed","ping_status":"closed","template":"","meta":{"om_disable_all_campaigns":false},"product_cat":[49],"product_tag":[210],"class_list":["post-9372","product","type-product","status-publish","has-post-thumbnail","hentry","product_cat-libreria-y-metodos","product_tag-libreria-y-metodos"],"aioseo_notices":[],"_links":{"self":[{"href":"https:\/\/www.musicalmollet.com\/index.php\/wp-json\/wp\/v2\/product\/9372","targetHints":{"allow":["GET"]}}],"collection":[{"href":"https:\/\/www.musicalmollet.com\/index.php\/wp-json\/wp\/v2\/product"}],"about":[{"href":"https:\/\/www.musicalmollet.com\/index.php\/wp-json\/wp\/v2\/types\/product"}],"replies":[{"embeddable":true,"href":"https:\/\/www.musicalmollet.com\/index.php\/wp-json\/wp\/v2\/comments?post=9372"}],"wp:featuredmedia":[{"embeddable":true,"href":"https:\/\/www.musicalmollet.com\/index.php\/wp-json\/wp\/v2\/media\/9373"}],"wp:attachment":[{"href":"https:\/\/www.musicalmollet.com\/index.php\/wp-json\/wp\/v2\/media?parent=9372"}],"wp:term":[{"taxonomy":"product_cat","embeddable":true,"href":"https:\/\/www.musicalmollet.com\/index.php\/wp-json\/wp\/v2\/product_cat?post=9372"},{"taxonomy":"product_tag","embeddable":true,"href":"https:\/\/www.musicalmollet.com\/index.php\/wp-json\/wp\/v2\/product_tag?post=9372"}],"curies":[{"name":"wp","href":"https:\/\/api.w.org\/{rel}","templated":true}]}}