{"id":9462,"date":"2025-10-10T13:12:44","date_gmt":"2025-10-10T11:12:44","guid":{"rendered":"https:\/\/www.musicalmollet.com\/?post_type=product&#038;p=9462"},"modified":"2025-10-10T13:12:44","modified_gmt":"2025-10-10T11:12:44","slug":"microfono-vintage-sssh-series-ii","status":"publish","type":"product","link":"https:\/\/www.musicalmollet.com\/index.php\/producto\/microfono-vintage-sssh-series-ii\/","title":{"rendered":"Microfono Vintage SSSH Series II"},"content":{"rendered":"<p>Salida impedancia 45 oh<\/p>\n<p>Din\u00e1mico (bobina m\u00f3vil)<\/p>\n<p>Respuesta de frecuencia 20 a 10.000 Hz<\/p>\n<p>Patr\u00f3n polar supercardioid<\/p>\n<p>Conector Audio profesional de tres pines (XLR)<\/p>\n","protected":false},"excerpt":{"rendered":"<p>Salida impedancia 45 oh Din\u00e1mico (bobina m\u00f3vil) Respuesta de frecuencia 20 a 10.000 Hz Patr\u00f3n polar supercardioid Conector Audio profesional de tres pines (XLR)<\/p>\n","protected":false},"featured_media":9463,"comment_status":"closed","ping_status":"closed","template":"","meta":{"om_disable_all_campaigns":false},"product_cat":[54],"product_tag":[190],"class_list":["post-9462","product","type-product","status-publish","has-post-thumbnail","hentry","product_cat-microfonos","product_tag-microfono"],"aioseo_notices":[],"_links":{"self":[{"href":"https:\/\/www.musicalmollet.com\/index.php\/wp-json\/wp\/v2\/product\/9462","targetHints":{"allow":["GET"]}}],"collection":[{"href":"https:\/\/www.musicalmollet.com\/index.php\/wp-json\/wp\/v2\/product"}],"about":[{"href":"https:\/\/www.musicalmollet.com\/index.php\/wp-json\/wp\/v2\/types\/product"}],"replies":[{"embeddable":true,"href":"https:\/\/www.musicalmollet.com\/index.php\/wp-json\/wp\/v2\/comments?post=9462"}],"wp:featuredmedia":[{"embeddable":true,"href":"https:\/\/www.musicalmollet.com\/index.php\/wp-json\/wp\/v2\/media\/9463"}],"wp:attachment":[{"href":"https:\/\/www.musicalmollet.com\/index.php\/wp-json\/wp\/v2\/media?parent=9462"}],"wp:term":[{"taxonomy":"product_cat","embeddable":true,"href":"https:\/\/www.musicalmollet.com\/index.php\/wp-json\/wp\/v2\/product_cat?post=9462"},{"taxonomy":"product_tag","embeddable":true,"href":"https:\/\/www.musicalmollet.com\/index.php\/wp-json\/wp\/v2\/product_tag?post=9462"}],"curies":[{"name":"wp","href":"https:\/\/api.w.org\/{rel}","templated":true}]}}