{"id":9471,"date":"2025-10-13T17:59:15","date_gmt":"2025-10-13T15:59:15","guid":{"rendered":"https:\/\/www.musicalmollet.com\/?post_type=product&#038;p=9471"},"modified":"2025-10-13T17:59:16","modified_gmt":"2025-10-13T15:59:16","slug":"correa-tambor-con-baquetero-mustraps","status":"publish","type":"product","link":"https:\/\/www.musicalmollet.com\/index.php\/producto\/correa-tambor-con-baquetero-mustraps\/","title":{"rendered":"Correa Tambor con baquetero Mustraps"},"content":{"rendered":"<div class=\"product-info-main\">\n<div class=\"product attribute description description2\">\n<div class=\"value\">\n<p><strong>MSTRTAMBOR<\/strong><\/p>\n<p><strong><em>Correas MUSTRAPS: Artesan\u00eda y Sostenibilidad<\/em><\/strong><\/p>\n<p><em>Para tambor.<\/em><\/p>\n<p><em>Con baquetero.<\/em><\/p>\n<p><em>Las correas MUSTRAPS son el resultado del trabajo de expertos artesanos en Ubrique, un pueblo con una larga tradici\u00f3n en la marroquiner\u00eda.<\/em><\/p>\n<p><em>Durante su fabricaci\u00f3n, fusionamos t\u00e9cnicas artesanales con procesos industriales avanzados, logrando as\u00ed un producto excepcional para nuestras exclusivas colecciones.<\/em><\/p>\n<p><em>Nuestra l\u00ednea de correas est\u00e1 completamente fabricada en Espa\u00f1a, desde el curtido del cuero hasta el meticuloso ensamblaje final. Utilizamos piel de vacuno 100%, caracterizada por su suavidad y protecci\u00f3n, certificada por el Leather Working Group, garantizando sostenibilidad y responsabilidad ambiental. Adem\u00e1s, los herrajes incorporan metal reforzado con un barniz protector para evitar alergias (Nickel Free).<\/em><\/p>\n<p><em>Lo que distingue nuestras correas en el mercado es su enfoque en el lujo y la calidad superior, estableciendo una clara diferencia con otros art\u00edculos existentes en el mercado.<\/em><\/p>\n<p><em>En nuestra apuesta por el cuidado del planeta, utilizamos un embalaje sostenible y ecol\u00f3gico, fabricado con cart\u00f3n Kraft reciclado y reciclable, reduciendo as\u00ed nuestra huella de carbono y el impacto<\/em><\/p>\n<\/div>\n<\/div>\n<\/div>\n","protected":false},"excerpt":{"rendered":"<p>MSTRTAMBOR Correas MUSTRAPS: Artesan\u00eda y Sostenibilidad Para tambor. Con baquetero. Las correas MUSTRAPS son el resultado del trabajo de expertos artesanos en Ubrique, un pueblo con una larga tradici\u00f3n en la marroquiner\u00eda. Durante su fabricaci\u00f3n, fusionamos t\u00e9cnicas artesanales con procesos industriales avanzados, logrando as\u00ed un producto excepcional para nuestras exclusivas colecciones. Nuestra l\u00ednea de correas [&hellip;]<\/p>\n","protected":false},"featured_media":9472,"comment_status":"closed","ping_status":"closed","template":"","meta":{"om_disable_all_campaigns":false},"product_cat":[296],"product_tag":[297],"class_list":["post-9471","product","type-product","status-publish","has-post-thumbnail","hentry","product_cat-correas-y-bandoleras","product_tag-correas"],"aioseo_notices":[],"_links":{"self":[{"href":"https:\/\/www.musicalmollet.com\/index.php\/wp-json\/wp\/v2\/product\/9471","targetHints":{"allow":["GET"]}}],"collection":[{"href":"https:\/\/www.musicalmollet.com\/index.php\/wp-json\/wp\/v2\/product"}],"about":[{"href":"https:\/\/www.musicalmollet.com\/index.php\/wp-json\/wp\/v2\/types\/product"}],"replies":[{"embeddable":true,"href":"https:\/\/www.musicalmollet.com\/index.php\/wp-json\/wp\/v2\/comments?post=9471"}],"wp:featuredmedia":[{"embeddable":true,"href":"https:\/\/www.musicalmollet.com\/index.php\/wp-json\/wp\/v2\/media\/9472"}],"wp:attachment":[{"href":"https:\/\/www.musicalmollet.com\/index.php\/wp-json\/wp\/v2\/media?parent=9471"}],"wp:term":[{"taxonomy":"product_cat","embeddable":true,"href":"https:\/\/www.musicalmollet.com\/index.php\/wp-json\/wp\/v2\/product_cat?post=9471"},{"taxonomy":"product_tag","embeddable":true,"href":"https:\/\/www.musicalmollet.com\/index.php\/wp-json\/wp\/v2\/product_tag?post=9471"}],"curies":[{"name":"wp","href":"https:\/\/api.w.org\/{rel}","templated":true}]}}