{"id":9492,"date":"2025-12-04T11:48:28","date_gmt":"2025-12-04T10:48:28","guid":{"rendered":"https:\/\/www.musicalmollet.com\/?post_type=product&#038;p=9492"},"modified":"2025-12-04T13:14:28","modified_gmt":"2025-12-04T12:14:28","slug":"teclado-casiotone-lk-s450","status":"publish","type":"product","link":"https:\/\/www.musicalmollet.com\/index.php\/producto\/teclado-casiotone-lk-s450\/","title":{"rendered":"Teclado Casiotone LK-S450"},"content":{"rendered":"<div class=\"js-audio-player product-audio-player\">\n<div class=\"fx-audio-player\">\n<div class=\"fx-audio-player__wrapper fx-background-color--neutral-100\">\n<div class=\"player\">\n<div class=\"player__section\">\n<div class=\"player__icon-wrapper\"><\/div>\n<\/div>\n<div class=\"player__section\">\n<div class=\"player__icon-wrapper\"><\/div>\n<div class=\"player__icon-wrapper\"><\/div>\n<div class=\"player__icon-wrapper\"><\/div>\n<\/div>\n<div class=\"player__section player__section--volume\">\n<div class=\"player__icon-wrapper\"><\/div>\n<div class=\"volume-slider js-audio-player-volume-handling\"><\/div>\n<\/div>\n<\/div>\n<\/div>\n<div class=\"fx-drawer details__drawer fx-drawer--top\">\n<div class=\"fx-drawer__rail\">\n<div class=\"fx-drawer__arrow details__divider\"><\/div>\n<\/div>\n<\/div>\n<div class=\"fx-audio-player__buffer\"><\/div>\n<div class=\"fx-audio-player__seek\"><\/div>\n<div class=\"fx-audio-player__track\"><\/div>\n<\/div>\n<\/div>\n<div class=\"product-text\">\n<div class=\"text-original js-prod-text-original \">\n<h2 class=\"fx-headline fx-headline--3 fx-space-bottom--m\">Teclado iluminado<\/h2>\n<ul class=\"fx-list product-text__list\">\n<li class=\"fx-list__item list-item fx-list__item--circle\"><span class=\"fx-text fx-text--plus list-item__text\">61 teclas sensibles al tacto<\/span><\/li>\n<li class=\"fx-list__item list-item fx-list__item--circle\"><span class=\"fx-text fx-text--plus list-item__text\">48 notas de polifon\u00eda<\/span><\/li>\n<li class=\"fx-list__item list-item fx-list__item--circle\"><span class=\"fx-text fx-text--plus list-item__text\">Fuente de sonido AiX<\/span><\/li>\n<li class=\"fx-list__item list-item fx-list__item--circle\"><span class=\"fx-text fx-text--plus list-item__text\">600 sonidos<\/span><\/li>\n<li class=\"fx-list__item list-item fx-list__item--circle\"><span class=\"fx-text fx-text--plus list-item__text\">200 ritmos<\/span><\/li>\n<li class=\"fx-list__item list-item fx-list__item--circle\"><span class=\"fx-text fx-text--plus list-item__text\">160 canciones<\/span><\/li>\n<li class=\"fx-list__item list-item fx-list__item--circle\"><span class=\"fx-text fx-text--plus list-item__text\">Armonizaci\u00f3n autom\u00e1tica<\/span><\/li>\n<li class=\"fx-list__item list-item fx-list__item--circle\"><span class=\"fx-text fx-text--plus list-item__text\">Acompa\u00f1amiento autom\u00e1tico<\/span><\/li>\n<li class=\"fx-list__item list-item fx-list__item--circle\"><span class=\"fx-text fx-text--plus list-item__text\">Reverb, Chorus, DSP, Ecualizaci\u00f3n del Master y &#8216;Volume Sync EQ&#8217;<\/span><\/li>\n<li class=\"fx-list__item list-item fx-list__item--circle\"><span class=\"fx-text fx-text--plus list-item__text\">10 canciones de usuario<\/span><\/li>\n<li class=\"fx-list__item list-item fx-list__item--circle\"><span class=\"fx-text fx-text--plus list-item__text\">Funci\u00f3n de lecci\u00f3n<\/span><\/li>\n<li class=\"fx-list__item list-item fx-list__item--circle\"><span class=\"fx-text fx-text--plus list-item__text\">Conexi\u00f3n para App gratuita Chordana Play For Keyboard<\/span><\/li>\n<li class=\"fx-list__item list-item fx-list__item--circle\"><span class=\"fx-text fx-text--plus list-item__text\">MIDI<\/span><\/li>\n<li class=\"fx-list__item list-item fx-list__item--circle\"><span class=\"fx-text fx-text--plus list-item__text\">Transposici\u00f3n<\/span><\/li>\n<li class=\"fx-list__item list-item fx-list__item--circle\"><span class=\"fx-text fx-text--plus list-item__text\">Metr\u00f3nomo<\/span><\/li>\n<li class=\"fx-list__item list-item fx-list__item--circle\"><span class=\"fx-text fx-text--plus list-item__text\">Grabador MIDI<\/span><\/li>\n<li class=\"fx-list__item list-item fx-list__item--circle\"><span class=\"fx-text fx-text--plus list-item__text\">Minijack est\u00e9reo para auriculares\/l\u00ednea<\/span><\/li>\n<li class=\"fx-list__item list-item fx-list__item--circle\"><span class=\"fx-text fx-text--plus list-item__text\">Entrada de audio<\/span><\/li>\n<li class=\"fx-list__item list-item fx-list__item--circle\"><span class=\"fx-text fx-text--plus list-item__text\">Conexi\u00f3n para pedal de sustain<\/span><\/li>\n<li class=\"fx-list__item list-item fx-list__item--circle\"><span class=\"fx-text fx-text--plus list-item__text\">USB a Host<\/span><\/li>\n<li class=\"fx-list__item list-item fx-list__item--circle\"><span class=\"fx-text fx-text--plus list-item__text\">USB a dispositivo<\/span><\/li>\n<li class=\"fx-list__item list-item fx-list__item--circle\"><span class=\"fx-text fx-text--plus list-item__text\">Sujeci\u00f3n para correa<\/span><\/li>\n<li class=\"fx-list__item list-item fx-list__item--circle\"><span class=\"fx-text fx-text--plus list-item__text\">Sistema de altavoces de 2,5 x 2,5 W<\/span><\/li>\n<li class=\"fx-list__item list-item fx-list__item--circle\"><span class=\"fx-text fx-text--plus list-item__text\">Alimentado a trav\u00e9s de pilas o fuente de alimentaci\u00f3n<\/span><\/li>\n<li class=\"fx-list__item list-item fx-list__item--circle\"><span class=\"fx-text fx-text--plus list-item__text\">Dimensiones: 930 x 258 x 84 mm<\/span><\/li>\n<li class=\"fx-list__item list-item fx-list__item--circle\"><span class=\"fx-text fx-text--plus list-item__text\">Peso: 46 kg<\/span><\/li>\n<li class=\"fx-list__item list-item fx-list__item--circle\"><span class=\"fx-text fx-text--plus list-item__text\">Incluye fuente de alimentaci\u00f3n AD-E95100, atril y correa de transporte<\/span><\/li>\n<li class=\"fx-list__item list-item fx-list__item--circle\">Color: Negro<\/li>\n<\/ul>\n<\/div>\n<\/div>\n","protected":false},"excerpt":{"rendered":"<p>Teclado iluminado 61 teclas sensibles al tacto 48 notas de polifon\u00eda Fuente de sonido AiX 600 sonidos 200 ritmos 160 canciones Armonizaci\u00f3n autom\u00e1tica Acompa\u00f1amiento autom\u00e1tico Reverb, Chorus, DSP, Ecualizaci\u00f3n del Master y &#8216;Volume Sync EQ&#8217; 10 canciones de usuario Funci\u00f3n de lecci\u00f3n Conexi\u00f3n para App gratuita Chordana Play For Keyboard MIDI Transposici\u00f3n Metr\u00f3nomo Grabador MIDI [&hellip;]<\/p>\n","protected":false},"featured_media":9493,"comment_status":"closed","ping_status":"closed","template":"","meta":{"om_disable_all_campaigns":false},"product_cat":[65],"product_tag":[279],"class_list":["post-9492","product","type-product","status-publish","has-post-thumbnail","hentry","product_cat-teclados-portatiles","product_tag-teclados"],"aioseo_notices":[],"_links":{"self":[{"href":"https:\/\/www.musicalmollet.com\/index.php\/wp-json\/wp\/v2\/product\/9492","targetHints":{"allow":["GET"]}}],"collection":[{"href":"https:\/\/www.musicalmollet.com\/index.php\/wp-json\/wp\/v2\/product"}],"about":[{"href":"https:\/\/www.musicalmollet.com\/index.php\/wp-json\/wp\/v2\/types\/product"}],"replies":[{"embeddable":true,"href":"https:\/\/www.musicalmollet.com\/index.php\/wp-json\/wp\/v2\/comments?post=9492"}],"wp:featuredmedia":[{"embeddable":true,"href":"https:\/\/www.musicalmollet.com\/index.php\/wp-json\/wp\/v2\/media\/9493"}],"wp:attachment":[{"href":"https:\/\/www.musicalmollet.com\/index.php\/wp-json\/wp\/v2\/media?parent=9492"}],"wp:term":[{"taxonomy":"product_cat","embeddable":true,"href":"https:\/\/www.musicalmollet.com\/index.php\/wp-json\/wp\/v2\/product_cat?post=9492"},{"taxonomy":"product_tag","embeddable":true,"href":"https:\/\/www.musicalmollet.com\/index.php\/wp-json\/wp\/v2\/product_tag?post=9492"}],"curies":[{"name":"wp","href":"https:\/\/api.w.org\/{rel}","templated":true}]}}