{"id":9506,"date":"2025-10-30T19:40:41","date_gmt":"2025-10-30T18:40:41","guid":{"rendered":"https:\/\/www.musicalmollet.com\/?post_type=product&#038;p=9506"},"modified":"2025-10-30T19:40:41","modified_gmt":"2025-10-30T18:40:41","slug":"violin-stentor-student-ii-sh-1-2","status":"publish","type":"product","link":"https:\/\/www.musicalmollet.com\/index.php\/producto\/violin-stentor-student-ii-sh-1-2\/","title":{"rendered":"Violin Stentor Student II SH 1\/2"},"content":{"rendered":"<ul>\n<li>Tapa de abeto<\/li>\n<li>Fondo y aros de arce<\/li>\n<li>Diapas\u00f3n de \u00e9bano<\/li>\n<li>Perfil incrustado<\/li>\n<li>Clavijas, barbada y bot\u00f3n de \u00e9bano<\/li>\n<li>Cordal con afinadores<\/li>\n<li>Acabado satinado<\/li>\n<\/ul>\n<p><u><strong>C<\/strong><\/u><strong><u>aracter\u00edsticas del estuche<\/u><\/strong><\/p>\n<ul>\n<li>Estuche de forma forrado en lona<\/li>\n<li>Cubre viol\u00edn con logo Stentor<\/li>\n<li>Bolsa exterior<\/li>\n<li>Bolsillo exterior para accesorios<\/li>\n<li>Sistema mochila<\/li>\n<li>Reflectores de seguridad<\/li>\n<li>Color granate y negro<\/li>\n<\/ul>\n<p><u><strong>C<\/strong><\/u><strong><u>aracter\u00edsticas del arco<\/u><\/strong><\/p>\n<ul>\n<li>Buen arco de estudio<\/li>\n<li>Madera de brasil<\/li>\n<li>Vara redonda<\/li>\n<li>Nuez de \u00e9bano<\/li>\n<\/ul>\n","protected":false},"excerpt":{"rendered":"<p>Tapa de abeto Fondo y aros de arce Diapas\u00f3n de \u00e9bano Perfil incrustado Clavijas, barbada y bot\u00f3n de \u00e9bano Cordal con afinadores Acabado satinado Caracter\u00edsticas del estuche Estuche de forma forrado en lona Cubre viol\u00edn con logo Stentor Bolsa exterior Bolsillo exterior para accesorios Sistema mochila Reflectores de seguridad Color granate y negro Caracter\u00edsticas del [&hellip;]<\/p>\n","protected":false},"featured_media":9507,"comment_status":"closed","ping_status":"closed","template":"","meta":{"om_disable_all_campaigns":false},"product_cat":[68],"product_tag":[149],"class_list":["post-9506","product","type-product","status-publish","has-post-thumbnail","hentry","product_cat-violines","product_tag-violin"],"aioseo_notices":[],"_links":{"self":[{"href":"https:\/\/www.musicalmollet.com\/index.php\/wp-json\/wp\/v2\/product\/9506","targetHints":{"allow":["GET"]}}],"collection":[{"href":"https:\/\/www.musicalmollet.com\/index.php\/wp-json\/wp\/v2\/product"}],"about":[{"href":"https:\/\/www.musicalmollet.com\/index.php\/wp-json\/wp\/v2\/types\/product"}],"replies":[{"embeddable":true,"href":"https:\/\/www.musicalmollet.com\/index.php\/wp-json\/wp\/v2\/comments?post=9506"}],"wp:featuredmedia":[{"embeddable":true,"href":"https:\/\/www.musicalmollet.com\/index.php\/wp-json\/wp\/v2\/media\/9507"}],"wp:attachment":[{"href":"https:\/\/www.musicalmollet.com\/index.php\/wp-json\/wp\/v2\/media?parent=9506"}],"wp:term":[{"taxonomy":"product_cat","embeddable":true,"href":"https:\/\/www.musicalmollet.com\/index.php\/wp-json\/wp\/v2\/product_cat?post=9506"},{"taxonomy":"product_tag","embeddable":true,"href":"https:\/\/www.musicalmollet.com\/index.php\/wp-json\/wp\/v2\/product_tag?post=9506"}],"curies":[{"name":"wp","href":"https:\/\/api.w.org\/{rel}","templated":true}]}}