{"id":9521,"date":"2025-11-19T18:38:04","date_gmt":"2025-11-19T17:38:04","guid":{"rendered":"https:\/\/www.musicalmollet.com\/?post_type=product&#038;p=9521"},"modified":"2025-11-19T18:38:04","modified_gmt":"2025-11-19T17:38:04","slug":"pie-de-microfono-quik-lok-sobremesa-a188","status":"publish","type":"product","link":"https:\/\/www.musicalmollet.com\/index.php\/producto\/pie-de-microfono-quik-lok-sobremesa-a188\/","title":{"rendered":"Pie de microfono Quik Lok sobremesa A188"},"content":{"rendered":"<h3 class=\"XxoStb NhL60d bfxxh\" role=\"heading\">Acerca de este producto<\/h3>\n<div class=\"NhL60d\">\n<div class=\"YQW9yb\">\n<div class=\"pFWqhd Vwoesf\" aria-hidden=\"true\"><img decoding=\"async\" id=\"jsuid_108\" class=\"XNo5Ab\" src=\"https:\/\/encrypted-tbn2.gstatic.com\/faviconV2?url=https:\/\/www.quiklok.com&amp;client=SHOPPING&amp;size=32&amp;type=FAVICON&amp;fallback_opts=TYPE,SIZE,URL&amp;nfrp=2\" alt=\"\" data-ilt=\"1763573367182\" \/><\/div>\n<\/div>\n<div class=\"qeW4Qc\">\n<div class=\"l5tpKd mhvkMe\">Quik Lok<\/div>\n<div class=\"aKjmed\">\n<div class=\"OJguub mhvkMe\">quiklok.com<\/div>\n<p><span class=\"YW8z9b\">\u00b7<\/span><span class=\"uykuCf\">Fabricante<\/span><\/div>\n<\/div>\n<\/div>\n<div class=\"NhL60d PZPZlf\" data-attrid=\"product_description\">\n<div class=\"kI47Lc\" data-ved=\"0CGQQ6acHahcKEwiw6Jjg3v6QAxUAAAAAHQAAAAAQBQ\" aria-labelledby=\"description_full_container\">\n<div id=\"AgAvbc\">Soporte de mesa con tr\u00edpode met\u00e1lico y soporte de goma para micr\u00f3fono. C\u00f3modo y discreto, puede utilizarse durante conferencias p\u00fablicas.<\/div>\n<\/div>\n<\/div>\n<div class=\"NhL60d\">\n<div data-ved=\"0CGYQpdkKahcKEwiw6Jjg3v6QAxUAAAAAHQAAAAAQBQ\">\n<div>\n<div>\n<div class=\"eTfAUc\">\n<div role=\"grid\" aria-rowcount=\"1\">\n<div class=\"YU1Fsb PZPZlf\" role=\"row\" data-attrid=\"product_attributes_facet\">\n<div class=\"TCzUld wHYlTd\" tabindex=\"-1\" role=\"gridcell\">Marca<\/div>\n<div class=\"uAwmIf wHYlTd\" role=\"gridcell\">\n<div class=\"v2zPEf\">QUIK-LOK<\/div>\n<\/div>\n<\/div>\n<\/div>\n<\/div>\n<\/div>\n<\/div>\n<\/div>\n<\/div>\n","protected":false},"excerpt":{"rendered":"<p>Acerca de este producto Quik Lok quiklok.com \u00b7Fabricante Soporte de mesa con tr\u00edpode met\u00e1lico y soporte de goma para micr\u00f3fono. C\u00f3modo y discreto, puede utilizarse durante conferencias p\u00fablicas. Marca QUIK-LOK<\/p>\n","protected":false},"featured_media":9522,"comment_status":"closed","ping_status":"closed","template":"","meta":{"om_disable_all_campaigns":false},"product_cat":[131],"product_tag":[324],"class_list":["post-9521","product","type-product","status-publish","has-post-thumbnail","hentry","product_cat-pies-de-microfono","product_tag-pies-de-micro-y-accesorios"],"aioseo_notices":[],"_links":{"self":[{"href":"https:\/\/www.musicalmollet.com\/index.php\/wp-json\/wp\/v2\/product\/9521","targetHints":{"allow":["GET"]}}],"collection":[{"href":"https:\/\/www.musicalmollet.com\/index.php\/wp-json\/wp\/v2\/product"}],"about":[{"href":"https:\/\/www.musicalmollet.com\/index.php\/wp-json\/wp\/v2\/types\/product"}],"replies":[{"embeddable":true,"href":"https:\/\/www.musicalmollet.com\/index.php\/wp-json\/wp\/v2\/comments?post=9521"}],"wp:featuredmedia":[{"embeddable":true,"href":"https:\/\/www.musicalmollet.com\/index.php\/wp-json\/wp\/v2\/media\/9522"}],"wp:attachment":[{"href":"https:\/\/www.musicalmollet.com\/index.php\/wp-json\/wp\/v2\/media?parent=9521"}],"wp:term":[{"taxonomy":"product_cat","embeddable":true,"href":"https:\/\/www.musicalmollet.com\/index.php\/wp-json\/wp\/v2\/product_cat?post=9521"},{"taxonomy":"product_tag","embeddable":true,"href":"https:\/\/www.musicalmollet.com\/index.php\/wp-json\/wp\/v2\/product_tag?post=9521"}],"curies":[{"name":"wp","href":"https:\/\/api.w.org\/{rel}","templated":true}]}}