{"id":9538,"date":"2026-04-01T18:05:59","date_gmt":"2026-04-01T16:05:59","guid":{"rendered":"https:\/\/www.musicalmollet.com\/?post_type=product&#038;p=9538"},"modified":"2026-04-02T12:42:16","modified_gmt":"2026-04-02T10:42:16","slug":"bateria-electronica-alesis-debut","status":"publish","type":"product","link":"https:\/\/www.musicalmollet.com\/index.php\/producto\/bateria-electronica-alesis-debut\/","title":{"rendered":"Bateria Electronica Alesis Debut"},"content":{"rendered":"<h1 class=\"title head-4 svelte-qpny57\">Alesis Debut Kit Bater\u00eda Electr\u00f3nica con Pads de Malla y M\u00f3dulo DM-Lite Incluye Sill\u00edn, Baquetas y Auriculares<\/h1>\n","protected":false},"excerpt":{"rendered":"<h3>!!atencion!! solo 1 unidad<\/h3>\n<p>Portes 15\u20ac<\/p>\n","protected":false},"featured_media":9539,"comment_status":"closed","ping_status":"closed","template":"","meta":{"om_disable_all_campaigns":false},"product_cat":[369],"product_tag":[69],"class_list":["post-9538","product","type-product","status-publish","has-post-thumbnail","hentry","product_cat-baterias-y-percusion","product_tag-bateria"],"aioseo_notices":[],"_links":{"self":[{"href":"https:\/\/www.musicalmollet.com\/index.php\/wp-json\/wp\/v2\/product\/9538","targetHints":{"allow":["GET"]}}],"collection":[{"href":"https:\/\/www.musicalmollet.com\/index.php\/wp-json\/wp\/v2\/product"}],"about":[{"href":"https:\/\/www.musicalmollet.com\/index.php\/wp-json\/wp\/v2\/types\/product"}],"replies":[{"embeddable":true,"href":"https:\/\/www.musicalmollet.com\/index.php\/wp-json\/wp\/v2\/comments?post=9538"}],"wp:featuredmedia":[{"embeddable":true,"href":"https:\/\/www.musicalmollet.com\/index.php\/wp-json\/wp\/v2\/media\/9539"}],"wp:attachment":[{"href":"https:\/\/www.musicalmollet.com\/index.php\/wp-json\/wp\/v2\/media?parent=9538"}],"wp:term":[{"taxonomy":"product_cat","embeddable":true,"href":"https:\/\/www.musicalmollet.com\/index.php\/wp-json\/wp\/v2\/product_cat?post=9538"},{"taxonomy":"product_tag","embeddable":true,"href":"https:\/\/www.musicalmollet.com\/index.php\/wp-json\/wp\/v2\/product_tag?post=9538"}],"curies":[{"name":"wp","href":"https:\/\/api.w.org\/{rel}","templated":true}]}}