{"id":9624,"date":"2026-02-19T11:30:40","date_gmt":"2026-02-19T10:30:40","guid":{"rendered":"https:\/\/www.musicalmollet.com\/?post_type=product&#038;p=9624"},"modified":"2026-02-19T11:30:40","modified_gmt":"2026-02-19T10:30:40","slug":"pie-de-microfono-quiklok-a188","status":"publish","type":"product","link":"https:\/\/www.musicalmollet.com\/index.php\/producto\/pie-de-microfono-quiklok-a188\/","title":{"rendered":"Pie de micr\u00f3fono Quiklok A188"},"content":{"rendered":"<h1 class=\"x-item-title__mainTitle\"><span class=\"ux-textspans ux-textspans--BOLD\">Micr\u00f3fono Quiklok Supp.Micr\u00f3f.A1<wbr \/>88 Tr\u00edpode QuikLok<\/span><\/h1>\n","protected":false},"excerpt":{"rendered":"<p>Micr\u00f3fono Quiklok Supp.Micr\u00f3f.A188 Tr\u00edpode QuikLok<\/p>\n","protected":false},"featured_media":9625,"comment_status":"closed","ping_status":"closed","template":"","meta":{"om_disable_all_campaigns":false},"product_cat":[60],"product_tag":[324],"class_list":["post-9624","product","type-product","status-publish","has-post-thumbnail","hentry","product_cat-pies-de-microfono-y-accesorios","product_tag-pies-de-micro-y-accesorios"],"aioseo_notices":[],"_links":{"self":[{"href":"https:\/\/www.musicalmollet.com\/index.php\/wp-json\/wp\/v2\/product\/9624","targetHints":{"allow":["GET"]}}],"collection":[{"href":"https:\/\/www.musicalmollet.com\/index.php\/wp-json\/wp\/v2\/product"}],"about":[{"href":"https:\/\/www.musicalmollet.com\/index.php\/wp-json\/wp\/v2\/types\/product"}],"replies":[{"embeddable":true,"href":"https:\/\/www.musicalmollet.com\/index.php\/wp-json\/wp\/v2\/comments?post=9624"}],"wp:featuredmedia":[{"embeddable":true,"href":"https:\/\/www.musicalmollet.com\/index.php\/wp-json\/wp\/v2\/media\/9625"}],"wp:attachment":[{"href":"https:\/\/www.musicalmollet.com\/index.php\/wp-json\/wp\/v2\/media?parent=9624"}],"wp:term":[{"taxonomy":"product_cat","embeddable":true,"href":"https:\/\/www.musicalmollet.com\/index.php\/wp-json\/wp\/v2\/product_cat?post=9624"},{"taxonomy":"product_tag","embeddable":true,"href":"https:\/\/www.musicalmollet.com\/index.php\/wp-json\/wp\/v2\/product_tag?post=9624"}],"curies":[{"name":"wp","href":"https:\/\/api.w.org\/{rel}","templated":true}]}}