{"id":9628,"date":"2026-02-21T12:55:51","date_gmt":"2026-02-21T11:55:51","guid":{"rendered":"https:\/\/www.musicalmollet.com\/?post_type=product&#038;p=9628"},"modified":"2026-02-21T12:55:51","modified_gmt":"2026-02-21T11:55:51","slug":"piano-digital-artesia-harmony","status":"publish","type":"product","link":"https:\/\/www.musicalmollet.com\/index.php\/producto\/piano-digital-artesia-harmony\/","title":{"rendered":"Piano digital Artesia  Harmony"},"content":{"rendered":"<div class=\"product-info-main\">\n<div class=\"product attribute description description2\">\n<div class=\"value\">\n<p><strong>HARMONY<\/strong><\/p>\n<p>88 Teclas <strong>HAMMER<\/strong>, contrapesadas.<\/p>\n<p><strong>Polifon\u00eda<\/strong>: 64 notas. Voces: 16. Demo: 16 canciones.<\/p>\n<p>6 niveles de Touch.<\/p>\n<p><strong>Efectos<\/strong>: reverb, chorus, bass EQ, Treble EQ.<\/p>\n<p><strong>Controles<\/strong>: volumen master, demo, reverb, chorus y metr\u00f3nomo.<\/p>\n<p><strong>Control de voces<\/strong>: layer, layer level, sensibilidad, afinaci\u00f3n, transposici\u00f3n.<\/p>\n<p><strong>Conexiones<\/strong>: USB to Host, 3 pedales, line Out, auriculares y Power DC12V.<\/p>\n<p>Audio In mediante cable USB.<\/p>\n<p><strong>Potencia<\/strong>: 2 x 15 Wat.<\/p>\n<p><strong>Pedales<\/strong>: Tres.<\/p>\n<p><strong>Medidas<\/strong>: 131,5 x 37 x 13 cm.<\/p>\n<p><strong>Peso<\/strong>: 13,5 kgs.<\/p>\n<p>Compatible con Mac OS y Windows.<\/p>\n<\/div>\n<\/div>\n<div class=\"product-social-links\">\n<div class=\"product-addto-links\" data-role=\"add-to-links\"><\/div>\n<\/div>\n<\/div>\n","protected":false},"excerpt":{"rendered":"<p>HARMONY 88 Teclas HAMMER, contrapesadas. Polifon\u00eda: 64 notas. Voces: 16. Demo: 16 canciones. 6 niveles de Touch. Efectos: reverb, chorus, bass EQ, Treble EQ. Controles: volumen master, demo, reverb, chorus y metr\u00f3nomo. Control de voces: layer, layer level, sensibilidad, afinaci\u00f3n, transposici\u00f3n. Conexiones: USB to Host, 3 pedales, line Out, auriculares y Power DC12V. Audio In [&hellip;]<\/p>\n","protected":false},"featured_media":9629,"comment_status":"closed","ping_status":"closed","template":"","meta":{"om_disable_all_campaigns":false},"product_cat":[59],"product_tag":[550],"class_list":["post-9628","product","type-product","status-publish","has-post-thumbnail","hentry","product_cat-pianos-digitales","product_tag-pianos-y-teclados"],"aioseo_notices":[],"_links":{"self":[{"href":"https:\/\/www.musicalmollet.com\/index.php\/wp-json\/wp\/v2\/product\/9628","targetHints":{"allow":["GET"]}}],"collection":[{"href":"https:\/\/www.musicalmollet.com\/index.php\/wp-json\/wp\/v2\/product"}],"about":[{"href":"https:\/\/www.musicalmollet.com\/index.php\/wp-json\/wp\/v2\/types\/product"}],"replies":[{"embeddable":true,"href":"https:\/\/www.musicalmollet.com\/index.php\/wp-json\/wp\/v2\/comments?post=9628"}],"wp:featuredmedia":[{"embeddable":true,"href":"https:\/\/www.musicalmollet.com\/index.php\/wp-json\/wp\/v2\/media\/9629"}],"wp:attachment":[{"href":"https:\/\/www.musicalmollet.com\/index.php\/wp-json\/wp\/v2\/media?parent=9628"}],"wp:term":[{"taxonomy":"product_cat","embeddable":true,"href":"https:\/\/www.musicalmollet.com\/index.php\/wp-json\/wp\/v2\/product_cat?post=9628"},{"taxonomy":"product_tag","embeddable":true,"href":"https:\/\/www.musicalmollet.com\/index.php\/wp-json\/wp\/v2\/product_tag?post=9628"}],"curies":[{"name":"wp","href":"https:\/\/api.w.org\/{rel}","templated":true}]}}