{"id":9630,"date":"2026-02-24T12:16:48","date_gmt":"2026-02-24T11:16:48","guid":{"rendered":"https:\/\/www.musicalmollet.com\/?post_type=product&#038;p=9630"},"modified":"2026-03-30T18:44:49","modified_gmt":"2026-03-30T16:44:49","slug":"cajon-rumbero-garrido-mandala-con-funda","status":"publish","type":"product","link":"https:\/\/www.musicalmollet.com\/index.php\/producto\/cajon-rumbero-garrido-mandala-con-funda\/","title":{"rendered":"Caj\u00f3n Rumbero Garrido Mandala \/ con funda"},"content":{"rendered":"<ul>\n<li><span style=\"font-style: inherit; font-weight: inherit;\">Cuerpo de MDF con acabado negro.<\/span><\/li>\n<li>Tapa de Abedul con Mandala grabado.<\/li>\n<li>Sistema de ajuste interior con un bord\u00f3n en forma de V, con tensor mediante afinador guitarra.<\/li>\n<li>Patas de goma antideslizantes y antivibraci\u00f3n.<\/li>\n<li>Funda tipo mochila incluida.<\/li>\n<li>Tama\u00f1o: 30 x 31 x 48 cm<\/li>\n<li>Peso: 4,45 kg (aprox).<\/li>\n<\/ul>\n","protected":false},"excerpt":{"rendered":"<p>Cuerpo de MDF con acabado negro. Tapa de Abedul con Mandala grabado. Sistema de ajuste interior con un bord\u00f3n en forma de V, con tensor mediante afinador guitarra. Patas de goma antideslizantes y antivibraci\u00f3n. Funda tipo mochila incluida. Tama\u00f1o: 30 x 31 x 48 cm Peso: 4,45 kg (aprox).<\/p>\n","protected":false},"featured_media":9631,"comment_status":"closed","ping_status":"closed","template":"","meta":{"om_disable_all_campaigns":false},"product_cat":[122],"product_tag":[193],"class_list":["post-9630","product","type-product","status-publish","has-post-thumbnail","hentry","product_cat-cajones-rumberos","product_tag-percusion"],"aioseo_notices":[],"_links":{"self":[{"href":"https:\/\/www.musicalmollet.com\/index.php\/wp-json\/wp\/v2\/product\/9630","targetHints":{"allow":["GET"]}}],"collection":[{"href":"https:\/\/www.musicalmollet.com\/index.php\/wp-json\/wp\/v2\/product"}],"about":[{"href":"https:\/\/www.musicalmollet.com\/index.php\/wp-json\/wp\/v2\/types\/product"}],"replies":[{"embeddable":true,"href":"https:\/\/www.musicalmollet.com\/index.php\/wp-json\/wp\/v2\/comments?post=9630"}],"wp:featuredmedia":[{"embeddable":true,"href":"https:\/\/www.musicalmollet.com\/index.php\/wp-json\/wp\/v2\/media\/9631"}],"wp:attachment":[{"href":"https:\/\/www.musicalmollet.com\/index.php\/wp-json\/wp\/v2\/media?parent=9630"}],"wp:term":[{"taxonomy":"product_cat","embeddable":true,"href":"https:\/\/www.musicalmollet.com\/index.php\/wp-json\/wp\/v2\/product_cat?post=9630"},{"taxonomy":"product_tag","embeddable":true,"href":"https:\/\/www.musicalmollet.com\/index.php\/wp-json\/wp\/v2\/product_tag?post=9630"}],"curies":[{"name":"wp","href":"https:\/\/api.w.org\/{rel}","templated":true}]}}