{"id":9635,"date":"2026-03-06T17:55:51","date_gmt":"2026-03-06T16:55:51","guid":{"rendered":"https:\/\/www.musicalmollet.com\/?post_type=product&#038;p=9635"},"modified":"2026-03-06T17:55:51","modified_gmt":"2026-03-06T16:55:51","slug":"guitarra-electrica-eko-starter-ls300-tipo-lp-cherry","status":"publish","type":"product","link":"https:\/\/www.musicalmollet.com\/index.php\/producto\/guitarra-electrica-eko-starter-ls300-tipo-lp-cherry\/","title":{"rendered":"Guitarra el\u00e9ctrica EKO Starter LS300 tipo LP Cherry"},"content":{"rendered":"<div class=\"grid-x grid-padding-x grid-padding-y\">\n<div class=\"small-12 cell\">\n<p class=\"title-section\">Caracter\u00edsticas<\/p>\n<ul class=\"grid-x grid-padding-x-double-inner small-up-1 medium-up-2 large-up-3 product-details-features\">\n<li class=\"cell\">\n<ul class=\"product-details-features-list\">\n<li class=\"product-details-features-highlighted\"><span class=\"product-details-features-name\">Tipo de instrumento<\/span> <span class=\"product-details-features-value\">Guitarra El\u00e9ctrica<\/span><\/li>\n<\/ul>\n<\/li>\n<\/ul>\n<\/div>\n<\/div>\n<div class=\"text\">\n<p>&#8211; Herrajes: Cromados<br \/>\n&#8211; Categor\u00eda: El\u00e9ctrica de 6 cuerdas<br \/>\n&#8211; Puente\/cordal: Tune-o-Matic, Stop tailpiece<br \/>\n&#8211; Cuerdas originales: Eko 10\/52<br \/>\n&#8211; Cuerpo: \u00e1lamo<br \/>\n&#8211; Color: Cherry Sunburst<br \/>\n&#8211; Diapas\u00f3n (mm): 630 mm<br \/>\n&#8211; Escotadura: simple<br \/>\n&#8211; Electr\u00f3nica: pasiva<br \/>\n&#8211; Filetes: blancos<br \/>\n&#8211; Acabado: brillante<br \/>\n&#8211; Formato: Les Paul<br \/>\n&#8211; Forma del m\u00e1stil: C de perfil bajo<br \/>\n&#8211; Ancho en la cejuela: 42 mm<br \/>\n&#8211; M\u00e1stil: Arce<br \/>\n&#8211; Clavijas: Diecast<br \/>\n&#8211; Pastilla puente: Humbucker<br \/>\n&#8211; Pastilla m\u00e1stil: Humbucker<br \/>\n&#8211; N\u00famero de cuerdas: 6<br \/>\n&#8211; N\u00famero de trastes: 22<br \/>\n&#8211; N\u00famero de pastillas: 2<br \/>\n&#8211; Radio: 14 pulgadas<br \/>\n&#8211; Ajustes: 2 x volumen, 2 x tono<br \/>\n&#8211; Marcadores: Bloque nacarado<br \/>\n&#8211; Selector: 3 posiciones<br \/>\n&#8211; Varilla de ajuste: Doble sentido<br \/>\n&#8211; Diapas\u00f3n: Laurel<br \/>\n&#8211; Especificaciones adicionales:<br \/>\n&#8211; Placa protectora: Blanca con aspecto envejecido<br \/>\n&#8211; Acabado del cuerpo: Brillante<br \/>\n&#8211; Acabado del m\u00e1stil: Brillante<\/p>\n<\/div>\n","protected":false},"excerpt":{"rendered":"<p>Caracter\u00edsticas Tipo de instrumento Guitarra El\u00e9ctrica &#8211; Herrajes: Cromados &#8211; Categor\u00eda: El\u00e9ctrica de 6 cuerdas &#8211; Puente\/cordal: Tune-o-Matic, Stop tailpiece &#8211; Cuerdas originales: Eko 10\/52 &#8211; Cuerpo: \u00e1lamo &#8211; Color: Cherry Sunburst &#8211; Diapas\u00f3n (mm): 630 mm &#8211; Escotadura: simple &#8211; Electr\u00f3nica: pasiva &#8211; Filetes: blancos &#8211; Acabado: brillante &#8211; Formato: Les Paul &#8211; Forma [&hellip;]<\/p>\n","protected":false},"featured_media":9636,"comment_status":"closed","ping_status":"closed","template":"","meta":{"om_disable_all_campaigns":false},"product_cat":[43],"product_tag":[71],"class_list":["post-9635","product","type-product","status-publish","has-post-thumbnail","hentry","product_cat-guitarra-electrica","product_tag-guitarra"],"aioseo_notices":[],"_links":{"self":[{"href":"https:\/\/www.musicalmollet.com\/index.php\/wp-json\/wp\/v2\/product\/9635","targetHints":{"allow":["GET"]}}],"collection":[{"href":"https:\/\/www.musicalmollet.com\/index.php\/wp-json\/wp\/v2\/product"}],"about":[{"href":"https:\/\/www.musicalmollet.com\/index.php\/wp-json\/wp\/v2\/types\/product"}],"replies":[{"embeddable":true,"href":"https:\/\/www.musicalmollet.com\/index.php\/wp-json\/wp\/v2\/comments?post=9635"}],"wp:featuredmedia":[{"embeddable":true,"href":"https:\/\/www.musicalmollet.com\/index.php\/wp-json\/wp\/v2\/media\/9636"}],"wp:attachment":[{"href":"https:\/\/www.musicalmollet.com\/index.php\/wp-json\/wp\/v2\/media?parent=9635"}],"wp:term":[{"taxonomy":"product_cat","embeddable":true,"href":"https:\/\/www.musicalmollet.com\/index.php\/wp-json\/wp\/v2\/product_cat?post=9635"},{"taxonomy":"product_tag","embeddable":true,"href":"https:\/\/www.musicalmollet.com\/index.php\/wp-json\/wp\/v2\/product_tag?post=9635"}],"curies":[{"name":"wp","href":"https:\/\/api.w.org\/{rel}","templated":true}]}}