{"id":9654,"date":"2026-03-14T11:39:34","date_gmt":"2026-03-14T10:39:34","guid":{"rendered":"https:\/\/www.musicalmollet.com\/?post_type=product&#038;p=9654"},"modified":"2026-03-14T11:41:15","modified_gmt":"2026-03-14T10:41:15","slug":"cencerro-lp-es-4","status":"publish","type":"product","link":"https:\/\/www.musicalmollet.com\/index.php\/producto\/cencerro-lp-es-4\/","title":{"rendered":"Cencerro LP ES-4"},"content":{"rendered":"<div class=\"product_header_container clearfix\">\n<h1 class=\"h1 page-title\"><b>lp music<\/b>\u00a0es-4<\/h1>\n<div class=\"star-extension\">\n<div class=\"wrapper\">\n<div class=\"star-rating\">\n<div class=\"star-rating__fraction\">\n<div class=\"star\">\n<div class=\"empty\"><\/div>\n<\/div>\n<div class=\"star\">\n<div class=\"filled\"><\/div>\n<\/div>\n<\/div>\n<div class=\"empty\"><\/div>\n<div class=\"empty\"><\/div>\n<div class=\"empty\"><\/div>\n<div class=\"empty\"><\/div>\n<\/div>\n<\/div>\n<\/div>\n<div class=\"d-flex\">\n<div class=\"d-flex align-items-center\">\n<div class=\"product-manufacturer\"><a href=\"https:\/\/alfasoni.com\/marca\/166-lp-music\"><img decoding=\"async\" class=\"img-fluid manufacturer-logo\" src=\"https:\/\/alfasoni.com\/img\/m\/166.jpg\" alt=\"LP MUSIC\" \/><\/a><\/div>\n<\/div>\n<div class=\"ml-4\"><\/div>\n<\/div>\n<div class=\"row\">\n<div class=\"col-12 d-flex align-items-center justify-content-start\"><\/div>\n<\/div>\n<\/div>\n<div class=\"product-information\">\n<div class=\"rte-content\"><\/div>\n<div id=\"product-description-short-30162\" class=\"rte-content product-description\">Latin Percusion &#8211; Cencerro para Bong\u00f3 Sujetada a mano LP Salsa Series. Campanas de afinaci\u00f3n aguda con arm\u00f3nicos brillantes. Se usa en bandas de salsa por el bongosero o cantante.<\/div>\n<\/div>\n","protected":false},"excerpt":{"rendered":"<p>lp music\u00a0es-4 Latin Percusion &#8211; Cencerro para Bong\u00f3 Sujetada a mano LP Salsa Series. Campanas de afinaci\u00f3n aguda con arm\u00f3nicos brillantes. Se usa en bandas de salsa por el bongosero o cantante.<\/p>\n","protected":false},"featured_media":9656,"comment_status":"closed","ping_status":"closed","template":"","meta":{"om_disable_all_campaigns":false},"product_cat":[123],"product_tag":[561,193],"class_list":["post-9654","product","type-product","status-publish","has-post-thumbnail","hentry","product_cat-cencerros","product_tag-cencerro","product_tag-percusion"],"aioseo_notices":[],"_links":{"self":[{"href":"https:\/\/www.musicalmollet.com\/index.php\/wp-json\/wp\/v2\/product\/9654","targetHints":{"allow":["GET"]}}],"collection":[{"href":"https:\/\/www.musicalmollet.com\/index.php\/wp-json\/wp\/v2\/product"}],"about":[{"href":"https:\/\/www.musicalmollet.com\/index.php\/wp-json\/wp\/v2\/types\/product"}],"replies":[{"embeddable":true,"href":"https:\/\/www.musicalmollet.com\/index.php\/wp-json\/wp\/v2\/comments?post=9654"}],"wp:featuredmedia":[{"embeddable":true,"href":"https:\/\/www.musicalmollet.com\/index.php\/wp-json\/wp\/v2\/media\/9656"}],"wp:attachment":[{"href":"https:\/\/www.musicalmollet.com\/index.php\/wp-json\/wp\/v2\/media?parent=9654"}],"wp:term":[{"taxonomy":"product_cat","embeddable":true,"href":"https:\/\/www.musicalmollet.com\/index.php\/wp-json\/wp\/v2\/product_cat?post=9654"},{"taxonomy":"product_tag","embeddable":true,"href":"https:\/\/www.musicalmollet.com\/index.php\/wp-json\/wp\/v2\/product_tag?post=9654"}],"curies":[{"name":"wp","href":"https:\/\/api.w.org\/{rel}","templated":true}]}}