{"id":9680,"date":"2026-03-24T13:01:26","date_gmt":"2026-03-24T12:01:26","guid":{"rendered":"https:\/\/www.musicalmollet.com\/?post_type=product&#038;p=9680"},"modified":"2026-03-24T13:01:26","modified_gmt":"2026-03-24T12:01:26","slug":"armonica-hohner-blues-harp-c-major-new","status":"publish","type":"product","link":"https:\/\/www.musicalmollet.com\/index.php\/producto\/armonica-hohner-blues-harp-c-major-new\/","title":{"rendered":"Arm\u00f3nica Hohner Blues Harp C Major New"},"content":{"rendered":"<h3>Caracter\u00edsticas<\/h3>\n<ul>\n<li>Peine de madera Doussie: Este material minimiza la absorci\u00f3n de humedad, reduciendo la dilataci\u00f3n y mejorando la durabilidad del instrumento. \u200b<\/li>\n<li>Placas de leng\u00fcetas de lat\u00f3n de 0,9 mm: Fabricadas con lat\u00f3n de alta calidad, estas placas ofrecen una respuesta tonal precisa y un sonido brillante. \u200b<\/li>\n<li>Construcci\u00f3n modular: Gracias al sistema MS de Hohner, las placas del peine, las l\u00e1minas y las cubiertas son intercambiables con otros modelos de la serie, permitiendo personalizar y ajustar la arm\u00f3nica seg\u00fan las preferencias del m\u00fasico. \u200b<\/li>\n<li>Dise\u00f1o ergon\u00f3mico: La Blues Harp cuenta con un dise\u00f1o que facilita su manejo y ejecuci\u00f3n, siendo adecuada tanto para principiantes como para m\u00fasicos avanzados.\u200b<\/li>\n<\/ul>\n","protected":false},"excerpt":{"rendered":"<p>Caracter\u00edsticas Peine de madera Doussie: Este material minimiza la absorci\u00f3n de humedad, reduciendo la dilataci\u00f3n y mejorando la durabilidad del instrumento. \u200b Placas de leng\u00fcetas de lat\u00f3n de 0,9 mm: Fabricadas con lat\u00f3n de alta calidad, estas placas ofrecen una respuesta tonal precisa y un sonido brillante. \u200b Construcci\u00f3n modular: Gracias al sistema MS de [&hellip;]<\/p>\n","protected":false},"featured_media":9681,"comment_status":"closed","ping_status":"closed","template":"","meta":{"om_disable_all_campaigns":false},"product_cat":[20],"product_tag":[158],"class_list":["post-9680","product","type-product","status-publish","has-post-thumbnail","hentry","product_cat-armonicas","product_tag-armonicas"],"aioseo_notices":[],"_links":{"self":[{"href":"https:\/\/www.musicalmollet.com\/index.php\/wp-json\/wp\/v2\/product\/9680","targetHints":{"allow":["GET"]}}],"collection":[{"href":"https:\/\/www.musicalmollet.com\/index.php\/wp-json\/wp\/v2\/product"}],"about":[{"href":"https:\/\/www.musicalmollet.com\/index.php\/wp-json\/wp\/v2\/types\/product"}],"replies":[{"embeddable":true,"href":"https:\/\/www.musicalmollet.com\/index.php\/wp-json\/wp\/v2\/comments?post=9680"}],"wp:featuredmedia":[{"embeddable":true,"href":"https:\/\/www.musicalmollet.com\/index.php\/wp-json\/wp\/v2\/media\/9681"}],"wp:attachment":[{"href":"https:\/\/www.musicalmollet.com\/index.php\/wp-json\/wp\/v2\/media?parent=9680"}],"wp:term":[{"taxonomy":"product_cat","embeddable":true,"href":"https:\/\/www.musicalmollet.com\/index.php\/wp-json\/wp\/v2\/product_cat?post=9680"},{"taxonomy":"product_tag","embeddable":true,"href":"https:\/\/www.musicalmollet.com\/index.php\/wp-json\/wp\/v2\/product_tag?post=9680"}],"curies":[{"name":"wp","href":"https:\/\/api.w.org\/{rel}","templated":true}]}}