{"id":9700,"date":"2026-04-14T12:53:35","date_gmt":"2026-04-14T10:53:35","guid":{"rendered":"https:\/\/www.musicalmollet.com\/?post_type=product&#038;p=9700"},"modified":"2026-04-14T12:53:35","modified_gmt":"2026-04-14T10:53:35","slug":"guitarra-acustica-cort-sfx-me-op","status":"publish","type":"product","link":"https:\/\/www.musicalmollet.com\/index.php\/producto\/guitarra-acustica-cort-sfx-me-op\/","title":{"rendered":"Guitarra Ac\u00fastica Cort SFX-ME OP"},"content":{"rendered":"<ul>\n<li>CONSTRUCCI\u00d3N Uni\u00f3n de M\u00e1stil Encajada<\/li>\n<li>CORTE Veneciano<\/li>\n<li>CUERPO Profundidad de cuerpo delgado SFX<\/li>\n<li>ANCHO DE LA TUERCA 43mm (1 11\/16&#8243;)<\/li>\n<li>CIMA Tapa de Abeto<\/li>\n<li>DORSO Y LADOS Caoba Africana (Okoume)<\/li>\n<li>CUELLO Caoba (Palaquium)<\/li>\n<li>UNI\u00d3N Juntas de la orilla del cuerpo (Binding) de Marfil<\/li>\n<li>DIAPAS\u00d3N Laurel o Merbau<\/li>\n<li>TRASTES 20<\/li>\n<li>ESCALA 643 mm (25,3&#8243;)<\/li>\n<li>EMBUTIDO Incrustaci\u00f3n de Punto<\/li>\n<li>PUENTE Laurel o Merbau<\/li>\n<li>RECOGIDAS Pastilla Cer\u00e1mica<\/li>\n<li>ELECTR\u00d3NICA Preamplificador Cort CE304T<\/li>\n<li>INSTRUMENTOS DE CUERDA Cuerdas revestidas<\/li>\n<li>VIGORIZANTE Refuerzo-X festoneado avanzado<\/li>\n<\/ul>\n","protected":false},"excerpt":{"rendered":"<p>CONSTRUCCI\u00d3N Uni\u00f3n de M\u00e1stil Encajada CORTE Veneciano CUERPO Profundidad de cuerpo delgado SFX ANCHO DE LA TUERCA 43mm (1 11\/16&#8243;) CIMA Tapa de Abeto DORSO Y LADOS Caoba Africana (Okoume) CUELLO Caoba (Palaquium) UNI\u00d3N Juntas de la orilla del cuerpo (Binding) de Marfil DIAPAS\u00d3N Laurel o Merbau TRASTES 20 ESCALA 643 mm (25,3&#8243;) EMBUTIDO Incrustaci\u00f3n [&hellip;]<\/p>\n","protected":false},"featured_media":9701,"comment_status":"closed","ping_status":"closed","template":"","meta":{"om_disable_all_campaigns":false},"product_cat":[41],"product_tag":[71],"class_list":["post-9700","product","type-product","status-publish","has-post-thumbnail","hentry","product_cat-guitarras-acusticas","product_tag-guitarra"],"aioseo_notices":[],"_links":{"self":[{"href":"https:\/\/www.musicalmollet.com\/index.php\/wp-json\/wp\/v2\/product\/9700","targetHints":{"allow":["GET"]}}],"collection":[{"href":"https:\/\/www.musicalmollet.com\/index.php\/wp-json\/wp\/v2\/product"}],"about":[{"href":"https:\/\/www.musicalmollet.com\/index.php\/wp-json\/wp\/v2\/types\/product"}],"replies":[{"embeddable":true,"href":"https:\/\/www.musicalmollet.com\/index.php\/wp-json\/wp\/v2\/comments?post=9700"}],"wp:featuredmedia":[{"embeddable":true,"href":"https:\/\/www.musicalmollet.com\/index.php\/wp-json\/wp\/v2\/media\/9701"}],"wp:attachment":[{"href":"https:\/\/www.musicalmollet.com\/index.php\/wp-json\/wp\/v2\/media?parent=9700"}],"wp:term":[{"taxonomy":"product_cat","embeddable":true,"href":"https:\/\/www.musicalmollet.com\/index.php\/wp-json\/wp\/v2\/product_cat?post=9700"},{"taxonomy":"product_tag","embeddable":true,"href":"https:\/\/www.musicalmollet.com\/index.php\/wp-json\/wp\/v2\/product_tag?post=9700"}],"curies":[{"name":"wp","href":"https:\/\/api.w.org\/{rel}","templated":true}]}}