{"id":9712,"date":"2026-04-16T12:44:18","date_gmt":"2026-04-16T10:44:18","guid":{"rendered":"https:\/\/www.musicalmollet.com\/?post_type=product&#038;p=9712"},"modified":"2026-04-16T12:44:18","modified_gmt":"2026-04-16T10:44:18","slug":"microfono-akg-dinamico-p5i","status":"publish","type":"product","link":"https:\/\/www.musicalmollet.com\/index.php\/producto\/microfono-akg-dinamico-p5i\/","title":{"rendered":"Micr\u00f3fono AKG din\u00e1mico P5i"},"content":{"rendered":"<div id=\"description\" class=\"tab-pane fade js-product-tab-active active in\" role=\"tabpanel\" aria-expanded=\"true\">\n<div class=\"product-description\">&#8211; Ancho de banda de frecuencia de audio40-20000 Hz- Sensibilidad: 2.5 mV\/Pa- Impedancia el\u00e9ctrica 580 ohmios- Impedancia de carga recomendada 2000 ohmios- Patr\u00f3n polar supercardioide- Dimensiones: Longitud 190 mm Di\u00e1metro 51 mm- Peso neto: 320 gr- Dise\u00f1o: Cuerpo demetal- Acabado en negro- Salida de audio : XLR Balanceado 3 pinesIncluye: &#8211; Microfono AKG P5i- Pinza- Funda<\/div>\n<\/div>\n<div class=\"loadbeeTabContent\" data-loadbee-apikey=\"8ZPsZurUadAP22k3cXhtszRb2d8mJ35s\" data-loadbee-gtin=\"885038040194\" data-loadbee-locale=\"es_ES\"><\/div>\n<p>EAN: 885038040194<\/p>\n","protected":false},"excerpt":{"rendered":"<p>&#8211; Ancho de banda de frecuencia de audio40-20000 Hz- Sensibilidad: 2.5 mV\/Pa- Impedancia el\u00e9ctrica 580 ohmios- Impedancia de carga recomendada 2000 ohmios- Patr\u00f3n polar supercardioide- Dimensiones: Longitud 190 mm Di\u00e1metro 51 mm- Peso neto: 320 gr- Dise\u00f1o: Cuerpo demetal- Acabado en negro- Salida de audio : XLR Balanceado 3 pinesIncluye: &#8211; Microfono AKG P5i- Pinza- [&hellip;]<\/p>\n","protected":false},"featured_media":9713,"comment_status":"closed","ping_status":"closed","template":"","meta":{"om_disable_all_campaigns":false},"product_cat":[54],"product_tag":[190],"class_list":["post-9712","product","type-product","status-publish","has-post-thumbnail","hentry","product_cat-microfonos","product_tag-microfono"],"aioseo_notices":[],"_links":{"self":[{"href":"https:\/\/www.musicalmollet.com\/index.php\/wp-json\/wp\/v2\/product\/9712","targetHints":{"allow":["GET"]}}],"collection":[{"href":"https:\/\/www.musicalmollet.com\/index.php\/wp-json\/wp\/v2\/product"}],"about":[{"href":"https:\/\/www.musicalmollet.com\/index.php\/wp-json\/wp\/v2\/types\/product"}],"replies":[{"embeddable":true,"href":"https:\/\/www.musicalmollet.com\/index.php\/wp-json\/wp\/v2\/comments?post=9712"}],"wp:featuredmedia":[{"embeddable":true,"href":"https:\/\/www.musicalmollet.com\/index.php\/wp-json\/wp\/v2\/media\/9713"}],"wp:attachment":[{"href":"https:\/\/www.musicalmollet.com\/index.php\/wp-json\/wp\/v2\/media?parent=9712"}],"wp:term":[{"taxonomy":"product_cat","embeddable":true,"href":"https:\/\/www.musicalmollet.com\/index.php\/wp-json\/wp\/v2\/product_cat?post=9712"},{"taxonomy":"product_tag","embeddable":true,"href":"https:\/\/www.musicalmollet.com\/index.php\/wp-json\/wp\/v2\/product_tag?post=9712"}],"curies":[{"name":"wp","href":"https:\/\/api.w.org\/{rel}","templated":true}]}}